{"id":820,"date":"2026-02-04T15:29:24","date_gmt":"2026-02-04T20:29:24","guid":{"rendered":"https:\/\/disar-ec.com\/?post_type=product&#038;p=820"},"modified":"2026-02-04T15:29:24","modified_gmt":"2026-02-04T20:29:24","slug":"amoladora-bp-115mm","status":"publish","type":"product","link":"https:\/\/disar-ec.com\/index.php\/producto\/amoladora-bp-115mm\/","title":{"rendered":"AMOLADORA BP 115MM"},"content":{"rendered":"<p>Dise\u00f1o delgado, cuerpo ergon\u00f3mico, compacto y<br \/>\nligero.<br \/>\nMotor con rodillos de alta calidad que prologan la<br \/>\nvida \u00fatil de la m\u00e1quina.<br \/>\nMango ergon\u00f3mico antiderrapante de 2<br \/>\nposiciones, mejor control para el operador.<br \/>\nGuarda de ajuste r\u00e1pido para un trabajo r\u00e1pido y<br \/>\nseguro.<br \/>\nCable resistente al desgaste.<br \/>\nOperaci\u00f3n a dos manos.<br \/>\nBloqueo de ejes para cambiar los discos de forma<br \/>\nf\u00e1cil, segura y r\u00e1pida.<br \/>\nCorta, desbasta y lija.<br \/>\nPara esmerilar y cortar acero, tubos, hierro en<br \/>\n\u00e1ngulo, ladrillos, azulejos , piedra y\/o piezas de<br \/>\ncer\u00e1mica.<br \/>\nIncluye carbones adicionales.<\/p>\n","protected":false},"excerpt":{"rendered":"<p>Dise\u00f1o delgado, cuerpo ergon\u00f3mico, compacto y ligero. Motor con rodillos de alta calidad que prologan la vida \u00fatil de la m\u00e1quina. Mango ergon\u00f3mico antiderrapante de 2 posiciones, mejor control para el operador. Guarda de ajuste r\u00e1pido para un trabajo r\u00e1pido y seguro. Cable resistente al desgaste. Operaci\u00f3n a dos manos. Bloqueo de ejes para cambiar [&hellip;]<\/p>\n","protected":false},"featured_media":821,"comment_status":"open","ping_status":"closed","template":"","meta":[],"product_brand":[],"product_cat":[25],"product_tag":[],"class_list":{"0":"post-820","1":"product","2":"type-product","3":"status-publish","4":"has-post-thumbnail","6":"product_cat-ferreteria","8":"first","9":"instock","10":"shipping-taxable","11":"product-type-simple"},"aioseo_notices":[],"jetpack_sharing_enabled":true,"_links":{"self":[{"href":"https:\/\/disar-ec.com\/index.php\/wp-json\/wp\/v2\/product\/820","targetHints":{"allow":["GET"]}}],"collection":[{"href":"https:\/\/disar-ec.com\/index.php\/wp-json\/wp\/v2\/product"}],"about":[{"href":"https:\/\/disar-ec.com\/index.php\/wp-json\/wp\/v2\/types\/product"}],"replies":[{"embeddable":true,"href":"https:\/\/disar-ec.com\/index.php\/wp-json\/wp\/v2\/comments?post=820"}],"wp:featuredmedia":[{"embeddable":true,"href":"https:\/\/disar-ec.com\/index.php\/wp-json\/wp\/v2\/media\/821"}],"wp:attachment":[{"href":"https:\/\/disar-ec.com\/index.php\/wp-json\/wp\/v2\/media?parent=820"}],"wp:term":[{"taxonomy":"product_brand","embeddable":true,"href":"https:\/\/disar-ec.com\/index.php\/wp-json\/wp\/v2\/product_brand?post=820"},{"taxonomy":"product_cat","embeddable":true,"href":"https:\/\/disar-ec.com\/index.php\/wp-json\/wp\/v2\/product_cat?post=820"},{"taxonomy":"product_tag","embeddable":true,"href":"https:\/\/disar-ec.com\/index.php\/wp-json\/wp\/v2\/product_tag?post=820"}],"curies":[{"name":"wp","href":"https:\/\/api.w.org\/{rel}","templated":true}]}}