{"id":818,"date":"2026-02-04T15:27:02","date_gmt":"2026-02-04T20:27:02","guid":{"rendered":"https:\/\/disar-ec.com\/?post_type=product&#038;p=818"},"modified":"2026-02-04T15:27:02","modified_gmt":"2026-02-04T20:27:02","slug":"cepillo-de-aire-remington","status":"publish","type":"product","link":"https:\/\/disar-ec.com\/index.php\/producto\/cepillo-de-aire-remington\/","title":{"rendered":"CEPILLO DE AIRE REMINGTON"},"content":{"rendered":"<p>Potencia 1200W<br \/>\nCable giratorio para facilitar el uso<br \/>\nPuede utilizarce en cabello h\u00famedo o seco<br \/>\nIdeal para suavizar estilos y crear volumen<br \/>\nen las raices<br \/>\nTemperatura ajustable y r\u00e1faga de aire fr\u00edo<br \/>\nReduce el da\u00f1o en comparaci\u00f3n con el<br \/>\nsecado tradicional<\/p>\n","protected":false},"excerpt":{"rendered":"<p>Potencia 1200W Cable giratorio para facilitar el uso Puede utilizarce en cabello h\u00famedo o seco Ideal para suavizar estilos y crear volumen en las raices Temperatura ajustable y r\u00e1faga de aire fr\u00edo Reduce el da\u00f1o en comparaci\u00f3n con el secado tradicional<\/p>\n","protected":false},"featured_media":819,"comment_status":"open","ping_status":"closed","template":"","meta":[],"product_brand":[],"product_cat":[49,31],"product_tag":[],"class_list":{"0":"post-818","1":"product","2":"type-product","3":"status-publish","4":"has-post-thumbnail","6":"product_cat-cuidado-personal","7":"product_cat-tecnologia","9":"first","10":"instock","11":"shipping-taxable","12":"product-type-simple"},"aioseo_notices":[],"jetpack_sharing_enabled":true,"_links":{"self":[{"href":"https:\/\/disar-ec.com\/index.php\/wp-json\/wp\/v2\/product\/818","targetHints":{"allow":["GET"]}}],"collection":[{"href":"https:\/\/disar-ec.com\/index.php\/wp-json\/wp\/v2\/product"}],"about":[{"href":"https:\/\/disar-ec.com\/index.php\/wp-json\/wp\/v2\/types\/product"}],"replies":[{"embeddable":true,"href":"https:\/\/disar-ec.com\/index.php\/wp-json\/wp\/v2\/comments?post=818"}],"wp:featuredmedia":[{"embeddable":true,"href":"https:\/\/disar-ec.com\/index.php\/wp-json\/wp\/v2\/media\/819"}],"wp:attachment":[{"href":"https:\/\/disar-ec.com\/index.php\/wp-json\/wp\/v2\/media?parent=818"}],"wp:term":[{"taxonomy":"product_brand","embeddable":true,"href":"https:\/\/disar-ec.com\/index.php\/wp-json\/wp\/v2\/product_brand?post=818"},{"taxonomy":"product_cat","embeddable":true,"href":"https:\/\/disar-ec.com\/index.php\/wp-json\/wp\/v2\/product_cat?post=818"},{"taxonomy":"product_tag","embeddable":true,"href":"https:\/\/disar-ec.com\/index.php\/wp-json\/wp\/v2\/product_tag?post=818"}],"curies":[{"name":"wp","href":"https:\/\/api.w.org\/{rel}","templated":true}]}}