{"id":762,"date":"2026-01-21T17:40:10","date_gmt":"2026-01-21T22:40:10","guid":{"rendered":"https:\/\/disar-ec.com\/?post_type=product&#038;p=762"},"modified":"2026-01-21T17:40:10","modified_gmt":"2026-01-21T22:40:10","slug":"camara-xiaomi-c200-interior","status":"publish","type":"product","link":"https:\/\/disar-ec.com\/index.php\/producto\/camara-xiaomi-c200-interior\/","title":{"rendered":"C\u00c1MARA XIAOMI C200 INTERIOR"},"content":{"rendered":"<p>Caracter\u00edsticas t\u00e9cnicas<br \/>\n\u00bbModelo: MJSXJ14CM<br \/>\n\u00bbEntrada: 5V CC 2A<br \/>\n\u00bbAlmacenamiento: Tarjeta MicroSD (hasta 256 GB)<br \/>\n\u00bbTemperatura de funcionamiento: -10 \u00b0C ~ 40 \u00b0C<br \/>\nContenido del paquete<br \/>\n\u00bbXiaomi Smart Camera C200 \u00d71<br \/>\n\u00bbManual de usuario \u00d71<br \/>\n\u00bbCable de alimentaci\u00f3n \u00d71<br \/>\n\u00bbPaquete de accesorios de montaje en pared \u00d71<\/p>\n","protected":false},"excerpt":{"rendered":"<p>Caracter\u00edsticas t\u00e9cnicas \u00bbModelo: MJSXJ14CM \u00bbEntrada: 5V CC 2A \u00bbAlmacenamiento: Tarjeta MicroSD (hasta 256 GB) \u00bbTemperatura de funcionamiento: -10 \u00b0C ~ 40 \u00b0C Contenido del paquete \u00bbXiaomi Smart Camera C200 \u00d71 \u00bbManual de usuario \u00d71 \u00bbCable de alimentaci\u00f3n \u00d71 \u00bbPaquete de accesorios de montaje en pared \u00d71<\/p>\n","protected":false},"featured_media":763,"comment_status":"open","ping_status":"closed","template":"","meta":[],"product_brand":[],"product_cat":[48,31],"product_tag":[],"class_list":{"0":"post-762","1":"product","2":"type-product","3":"status-publish","4":"has-post-thumbnail","6":"product_cat-camaras","7":"product_cat-tecnologia","9":"first","10":"instock","11":"shipping-taxable","12":"product-type-simple"},"aioseo_notices":[],"jetpack_sharing_enabled":true,"_links":{"self":[{"href":"https:\/\/disar-ec.com\/index.php\/wp-json\/wp\/v2\/product\/762","targetHints":{"allow":["GET"]}}],"collection":[{"href":"https:\/\/disar-ec.com\/index.php\/wp-json\/wp\/v2\/product"}],"about":[{"href":"https:\/\/disar-ec.com\/index.php\/wp-json\/wp\/v2\/types\/product"}],"replies":[{"embeddable":true,"href":"https:\/\/disar-ec.com\/index.php\/wp-json\/wp\/v2\/comments?post=762"}],"wp:featuredmedia":[{"embeddable":true,"href":"https:\/\/disar-ec.com\/index.php\/wp-json\/wp\/v2\/media\/763"}],"wp:attachment":[{"href":"https:\/\/disar-ec.com\/index.php\/wp-json\/wp\/v2\/media?parent=762"}],"wp:term":[{"taxonomy":"product_brand","embeddable":true,"href":"https:\/\/disar-ec.com\/index.php\/wp-json\/wp\/v2\/product_brand?post=762"},{"taxonomy":"product_cat","embeddable":true,"href":"https:\/\/disar-ec.com\/index.php\/wp-json\/wp\/v2\/product_cat?post=762"},{"taxonomy":"product_tag","embeddable":true,"href":"https:\/\/disar-ec.com\/index.php\/wp-json\/wp\/v2\/product_tag?post=762"}],"curies":[{"name":"wp","href":"https:\/\/api.w.org\/{rel}","templated":true}]}}