{"id":737,"date":"2026-01-15T15:30:17","date_gmt":"2026-01-15T20:30:17","guid":{"rendered":"https:\/\/disar-ec.com\/?post_type=product&#038;p=737"},"modified":"2026-01-15T15:30:17","modified_gmt":"2026-01-15T20:30:17","slug":"deshumidificador-innova-2","status":"publish","type":"product","link":"https:\/\/disar-ec.com\/index.php\/producto\/deshumidificador-innova-2\/","title":{"rendered":"DESHUMIDIFICADOR INNOVA"},"content":{"rendered":"<p>Deshumidificador continuo para<br \/>\nhumedad<br \/>\nFuente de alimentaci\u00f3n: 110V &#8211; 60Hz<br \/>\nPotencia nominal: (86 \u00b0F, 80%HR) 400W<br \/>\nCorriente de entrada total nominal: (86<br \/>\n\u00b0F, 80% RH) 4.0A<br \/>\nCapacidad nominal: (86 \u00b0F, 80% RH)<br \/>\n50Pints\/Day<br \/>\nFLA de motor: 0.25A<br \/>\nCompresor de motor: RLA:3.9A LRA:1.3A<br \/>\nRefrigerante: R134a \/ 4.23oz (120g)<br \/>\nPresi\u00f3n m\u00e1xima permitida: 2.5MPa<br \/>\nPresi\u00f3n m\u00e1xima de operaci\u00f3n alta:<br \/>\n1.3MPa<\/p>\n","protected":false},"excerpt":{"rendered":"<p>Deshumidificador continuo para humedad Fuente de alimentaci\u00f3n: 110V &#8211; 60Hz Potencia nominal: (86 \u00b0F, 80%HR) 400W Corriente de entrada total nominal: (86 \u00b0F, 80% RH) 4.0A Capacidad nominal: (86 \u00b0F, 80% RH) 50Pints\/Day FLA de motor: 0.25A Compresor de motor: RLA:3.9A LRA:1.3A Refrigerante: R134a \/ 4.23oz (120g) Presi\u00f3n m\u00e1xima permitida: 2.5MPa Presi\u00f3n m\u00e1xima de operaci\u00f3n [&hellip;]<\/p>\n","protected":false},"featured_media":738,"comment_status":"open","ping_status":"closed","template":"","meta":[],"product_brand":[],"product_cat":[22,23],"product_tag":[],"class_list":{"0":"post-737","1":"product","2":"type-product","3":"status-publish","4":"has-post-thumbnail","6":"product_cat-electrocomesticos","7":"product_cat-electrodomesticos-menores","9":"first","10":"instock","11":"shipping-taxable","12":"product-type-simple"},"aioseo_notices":[],"jetpack_sharing_enabled":true,"_links":{"self":[{"href":"https:\/\/disar-ec.com\/index.php\/wp-json\/wp\/v2\/product\/737","targetHints":{"allow":["GET"]}}],"collection":[{"href":"https:\/\/disar-ec.com\/index.php\/wp-json\/wp\/v2\/product"}],"about":[{"href":"https:\/\/disar-ec.com\/index.php\/wp-json\/wp\/v2\/types\/product"}],"replies":[{"embeddable":true,"href":"https:\/\/disar-ec.com\/index.php\/wp-json\/wp\/v2\/comments?post=737"}],"wp:featuredmedia":[{"embeddable":true,"href":"https:\/\/disar-ec.com\/index.php\/wp-json\/wp\/v2\/media\/738"}],"wp:attachment":[{"href":"https:\/\/disar-ec.com\/index.php\/wp-json\/wp\/v2\/media?parent=737"}],"wp:term":[{"taxonomy":"product_brand","embeddable":true,"href":"https:\/\/disar-ec.com\/index.php\/wp-json\/wp\/v2\/product_brand?post=737"},{"taxonomy":"product_cat","embeddable":true,"href":"https:\/\/disar-ec.com\/index.php\/wp-json\/wp\/v2\/product_cat?post=737"},{"taxonomy":"product_tag","embeddable":true,"href":"https:\/\/disar-ec.com\/index.php\/wp-json\/wp\/v2\/product_tag?post=737"}],"curies":[{"name":"wp","href":"https:\/\/api.w.org\/{rel}","templated":true}]}}