{"id":735,"date":"2026-01-15T15:27:46","date_gmt":"2026-01-15T20:27:46","guid":{"rendered":"https:\/\/disar-ec.com\/?post_type=product&#038;p=735"},"modified":"2026-01-15T15:27:46","modified_gmt":"2026-01-15T20:27:46","slug":"cafetera-black-decker-1-taza-16-onz","status":"publish","type":"product","link":"https:\/\/disar-ec.com\/index.php\/producto\/cafetera-black-decker-1-taza-16-onz\/","title":{"rendered":"CAFETERA BLACK &#038; DECKER 1 TAZA 16 ONZ"},"content":{"rendered":"<p>\u00bbEs una cafetera ideal para un estilo de vida<br \/>\nactivo y en movimiento. Use caf\u00e9 molido o<br \/>\nsobres de caf\u00e9 pre-empaquetados para<br \/>\npreparar directamente en la Taza Termo de<br \/>\n16-oz. que cabe en la mayor\u00eda de los<br \/>\nsostenedores de taza del coche.<br \/>\n\u00bbLa pr\u00e1ctica operaci\u00f3n de un solo toque y<br \/>\ncaracter\u00edsticas \u00fatiles como una cesta de filtro<br \/>\nextra\u00edble con filtro permanente incluido har\u00e1n<br \/>\nque su ritual de caf\u00e9 de la ma\u00f1ana sea una<br \/>\nexperiencia instant\u00e1nea de elaboraci\u00f3n. Esta<br \/>\nm\u00e1quina tiene tanto las piezas de lavavajillas y<br \/>\nel apagado autom\u00e1tico.<\/p>\n","protected":false},"excerpt":{"rendered":"<p>\u00bbEs una cafetera ideal para un estilo de vida activo y en movimiento. Use caf\u00e9 molido o sobres de caf\u00e9 pre-empaquetados para preparar directamente en la Taza Termo de 16-oz. que cabe en la mayor\u00eda de los sostenedores de taza del coche. \u00bbLa pr\u00e1ctica operaci\u00f3n de un solo toque y caracter\u00edsticas \u00fatiles como una cesta [&hellip;]<\/p>\n","protected":false},"featured_media":736,"comment_status":"open","ping_status":"closed","template":"","meta":[],"product_brand":[],"product_cat":[22,23],"product_tag":[],"class_list":{"0":"post-735","1":"product","2":"type-product","3":"status-publish","4":"has-post-thumbnail","6":"product_cat-electrocomesticos","7":"product_cat-electrodomesticos-menores","9":"first","10":"instock","11":"shipping-taxable","12":"product-type-simple"},"aioseo_notices":[],"jetpack_sharing_enabled":true,"_links":{"self":[{"href":"https:\/\/disar-ec.com\/index.php\/wp-json\/wp\/v2\/product\/735","targetHints":{"allow":["GET"]}}],"collection":[{"href":"https:\/\/disar-ec.com\/index.php\/wp-json\/wp\/v2\/product"}],"about":[{"href":"https:\/\/disar-ec.com\/index.php\/wp-json\/wp\/v2\/types\/product"}],"replies":[{"embeddable":true,"href":"https:\/\/disar-ec.com\/index.php\/wp-json\/wp\/v2\/comments?post=735"}],"wp:featuredmedia":[{"embeddable":true,"href":"https:\/\/disar-ec.com\/index.php\/wp-json\/wp\/v2\/media\/736"}],"wp:attachment":[{"href":"https:\/\/disar-ec.com\/index.php\/wp-json\/wp\/v2\/media?parent=735"}],"wp:term":[{"taxonomy":"product_brand","embeddable":true,"href":"https:\/\/disar-ec.com\/index.php\/wp-json\/wp\/v2\/product_brand?post=735"},{"taxonomy":"product_cat","embeddable":true,"href":"https:\/\/disar-ec.com\/index.php\/wp-json\/wp\/v2\/product_cat?post=735"},{"taxonomy":"product_tag","embeddable":true,"href":"https:\/\/disar-ec.com\/index.php\/wp-json\/wp\/v2\/product_tag?post=735"}],"curies":[{"name":"wp","href":"https:\/\/api.w.org\/{rel}","templated":true}]}}