{"id":720,"date":"2026-01-12T15:55:28","date_gmt":"2026-01-12T20:55:28","guid":{"rendered":"https:\/\/disar-ec.com\/?post_type=product&#038;p=720"},"modified":"2026-01-12T15:55:28","modified_gmt":"2026-01-12T20:55:28","slug":"proyector-luxon-3500-lumenes","status":"publish","type":"product","link":"https:\/\/disar-ec.com\/index.php\/producto\/proyector-luxon-3500-lumenes\/","title":{"rendered":"PROYECTOR LUXON 3500 LUMENES"},"content":{"rendered":"<p>TECNOLOG\u00cdA DE PANTALLA: Proyecci\u00f3n LCDProyecci\u00f3n LCD<br \/>\nFUENTE DE LUZ: LED<br \/>\nBRILLO: 3500 l\u00famenes<br \/>\nRAM + ALMACENAMIENTO: 2 GB de RAM + 16 GB de ROM<br \/>\nRESOLUCI\u00d3N NATIVA: 1920\u00d71080 (Full HD)<br \/>\nRELACI\u00d3N DE ASPECTO: 16:9<br \/>\nTAMA\u00d1O DE PROYECCI\u00d3N:40\u2013150 pulgadas<br \/>\nPUERTOS: HDMI \u00d71 \/ USB \u00d72\/ AV \/ Salida de audio de 3.5 mm<\/p>\n","protected":false},"excerpt":{"rendered":"<p>TECNOLOG\u00cdA DE PANTALLA: Proyecci\u00f3n LCDProyecci\u00f3n LCD FUENTE DE LUZ: LED BRILLO: 3500 l\u00famenes RAM + ALMACENAMIENTO: 2 GB de RAM + 16 GB de ROM RESOLUCI\u00d3N NATIVA: 1920\u00d71080 (Full HD) RELACI\u00d3N DE ASPECTO: 16:9 TAMA\u00d1O DE PROYECCI\u00d3N:40\u2013150 pulgadas PUERTOS: HDMI \u00d71 \/ USB \u00d72\/ AV \/ Salida de audio de 3.5 mm<\/p>\n","protected":false},"featured_media":721,"comment_status":"open","ping_status":"closed","template":"","meta":[],"product_brand":[],"product_cat":[46,31],"product_tag":[],"class_list":{"0":"post-720","1":"product","2":"type-product","3":"status-publish","4":"has-post-thumbnail","6":"product_cat-proyectores","7":"product_cat-tecnologia","9":"first","10":"instock","11":"shipping-taxable","12":"product-type-simple"},"aioseo_notices":[],"jetpack_sharing_enabled":true,"_links":{"self":[{"href":"https:\/\/disar-ec.com\/index.php\/wp-json\/wp\/v2\/product\/720","targetHints":{"allow":["GET"]}}],"collection":[{"href":"https:\/\/disar-ec.com\/index.php\/wp-json\/wp\/v2\/product"}],"about":[{"href":"https:\/\/disar-ec.com\/index.php\/wp-json\/wp\/v2\/types\/product"}],"replies":[{"embeddable":true,"href":"https:\/\/disar-ec.com\/index.php\/wp-json\/wp\/v2\/comments?post=720"}],"wp:featuredmedia":[{"embeddable":true,"href":"https:\/\/disar-ec.com\/index.php\/wp-json\/wp\/v2\/media\/721"}],"wp:attachment":[{"href":"https:\/\/disar-ec.com\/index.php\/wp-json\/wp\/v2\/media?parent=720"}],"wp:term":[{"taxonomy":"product_brand","embeddable":true,"href":"https:\/\/disar-ec.com\/index.php\/wp-json\/wp\/v2\/product_brand?post=720"},{"taxonomy":"product_cat","embeddable":true,"href":"https:\/\/disar-ec.com\/index.php\/wp-json\/wp\/v2\/product_cat?post=720"},{"taxonomy":"product_tag","embeddable":true,"href":"https:\/\/disar-ec.com\/index.php\/wp-json\/wp\/v2\/product_tag?post=720"}],"curies":[{"name":"wp","href":"https:\/\/api.w.org\/{rel}","templated":true}]}}