{"id":703,"date":"2026-01-09T17:29:00","date_gmt":"2026-01-09T22:29:00","guid":{"rendered":"https:\/\/disar-ec.com\/?post_type=product&#038;p=703"},"modified":"2026-01-09T17:29:01","modified_gmt":"2026-01-09T22:29:01","slug":"celular-xiaomi-redmi-note-14","status":"publish","type":"product","link":"https:\/\/disar-ec.com\/index.php\/producto\/celular-xiaomi-redmi-note-14\/","title":{"rendered":"CELULAR XIAOMI REDMI NOTE 14"},"content":{"rendered":"<p>Pantalla: 6.67:, 1080 x 2400 pixels |<br \/>\nAMOLED<br \/>\nProcesador: Mediatek Helio G99 Ultra<br \/>\n2.2GHz<br \/>\nRAM: 8GB<br \/>\nAlmacenamiento: 256GB<br \/>\nExpansi\u00f3n: microSD<br \/>\nC\u00e1mara: Triple, 108MP+2MP +2MP<br \/>\nC\u00e1mara Frontal: 20 MP<br \/>\nBater\u00eda: 5500 mAh<br \/>\nOS: Android 14<br \/>\nResistencia al agua limitada: IP54<br \/>\nCarga r\u00e1pida: 33W<br \/>\nOtros: Dual Sim, GPS, Conector de<br \/>\naudio 3.5mm, Desbloqueo facial y<br \/>\ndactilar<\/p>\n","protected":false},"excerpt":{"rendered":"<p>Pantalla: 6.67:, 1080 x 2400 pixels | AMOLED Procesador: Mediatek Helio G99 Ultra 2.2GHz RAM: 8GB Almacenamiento: 256GB Expansi\u00f3n: microSD C\u00e1mara: Triple, 108MP+2MP +2MP C\u00e1mara Frontal: 20 MP Bater\u00eda: 5500 mAh OS: Android 14 Resistencia al agua limitada: IP54 Carga r\u00e1pida: 33W Otros: Dual Sim, GPS, Conector de audio 3.5mm, Desbloqueo facial y dactilar<\/p>\n","protected":false},"featured_media":704,"comment_status":"open","ping_status":"closed","template":"","meta":[],"product_brand":[],"product_cat":[40,31],"product_tag":[],"class_list":{"0":"post-703","1":"product","2":"type-product","3":"status-publish","4":"has-post-thumbnail","6":"product_cat-smartphones","7":"product_cat-tecnologia","9":"first","10":"instock","11":"shipping-taxable","12":"product-type-simple"},"aioseo_notices":[],"jetpack_sharing_enabled":true,"_links":{"self":[{"href":"https:\/\/disar-ec.com\/index.php\/wp-json\/wp\/v2\/product\/703","targetHints":{"allow":["GET"]}}],"collection":[{"href":"https:\/\/disar-ec.com\/index.php\/wp-json\/wp\/v2\/product"}],"about":[{"href":"https:\/\/disar-ec.com\/index.php\/wp-json\/wp\/v2\/types\/product"}],"replies":[{"embeddable":true,"href":"https:\/\/disar-ec.com\/index.php\/wp-json\/wp\/v2\/comments?post=703"}],"wp:featuredmedia":[{"embeddable":true,"href":"https:\/\/disar-ec.com\/index.php\/wp-json\/wp\/v2\/media\/704"}],"wp:attachment":[{"href":"https:\/\/disar-ec.com\/index.php\/wp-json\/wp\/v2\/media?parent=703"}],"wp:term":[{"taxonomy":"product_brand","embeddable":true,"href":"https:\/\/disar-ec.com\/index.php\/wp-json\/wp\/v2\/product_brand?post=703"},{"taxonomy":"product_cat","embeddable":true,"href":"https:\/\/disar-ec.com\/index.php\/wp-json\/wp\/v2\/product_cat?post=703"},{"taxonomy":"product_tag","embeddable":true,"href":"https:\/\/disar-ec.com\/index.php\/wp-json\/wp\/v2\/product_tag?post=703"}],"curies":[{"name":"wp","href":"https:\/\/api.w.org\/{rel}","templated":true}]}}