{"id":654,"date":"2025-12-30T17:19:54","date_gmt":"2025-12-30T22:19:54","guid":{"rendered":"https:\/\/disar-ec.com\/?post_type=product&#038;p=654"},"modified":"2025-12-30T17:20:49","modified_gmt":"2025-12-30T22:20:49","slug":"set-de-ollas-kaisa-villa-6-pzs","status":"publish","type":"product","link":"https:\/\/disar-ec.com\/index.php\/producto\/set-de-ollas-kaisa-villa-6-pzs\/","title":{"rendered":"SET DE OLLAS KAISA VILLA 6 PZS"},"content":{"rendered":"<p>Material Acero inoxidable<br \/>\nTama\u00f1o 16cm20cm 24cm (4<br \/>\nsets\/ctn)<br \/>\nCertificaci\u00f3n TUV<br \/>\nCaracter\u00edstica Respetuoso con el<br \/>\nmedio ambiente, sostenible,<br \/>\nabastecido<br \/>\nColor dorado<br \/>\nPaquete Cart\u00f3n<br \/>\nAdecuado para Inicio Cocina<br \/>\nHabitaci\u00f3n de hotel Restaurante<\/p>\n","protected":false},"excerpt":{"rendered":"<p>Material Acero inoxidable Tama\u00f1o 16cm20cm 24cm (4 sets\/ctn) Certificaci\u00f3n TUV Caracter\u00edstica Respetuoso con el medio ambiente, sostenible, abastecido Color dorado Paquete Cart\u00f3n Adecuado para Inicio Cocina Habitaci\u00f3n de hotel Restaurante<\/p>\n","protected":false},"featured_media":655,"comment_status":"open","ping_status":"closed","template":"","meta":[],"product_brand":[],"product_cat":[22,23],"product_tag":[],"class_list":{"0":"post-654","1":"product","2":"type-product","3":"status-publish","4":"has-post-thumbnail","6":"product_cat-electrocomesticos","7":"product_cat-electrodomesticos-menores","9":"first","10":"instock","11":"shipping-taxable","12":"product-type-simple"},"aioseo_notices":[],"jetpack_sharing_enabled":true,"_links":{"self":[{"href":"https:\/\/disar-ec.com\/index.php\/wp-json\/wp\/v2\/product\/654","targetHints":{"allow":["GET"]}}],"collection":[{"href":"https:\/\/disar-ec.com\/index.php\/wp-json\/wp\/v2\/product"}],"about":[{"href":"https:\/\/disar-ec.com\/index.php\/wp-json\/wp\/v2\/types\/product"}],"replies":[{"embeddable":true,"href":"https:\/\/disar-ec.com\/index.php\/wp-json\/wp\/v2\/comments?post=654"}],"wp:featuredmedia":[{"embeddable":true,"href":"https:\/\/disar-ec.com\/index.php\/wp-json\/wp\/v2\/media\/655"}],"wp:attachment":[{"href":"https:\/\/disar-ec.com\/index.php\/wp-json\/wp\/v2\/media?parent=654"}],"wp:term":[{"taxonomy":"product_brand","embeddable":true,"href":"https:\/\/disar-ec.com\/index.php\/wp-json\/wp\/v2\/product_brand?post=654"},{"taxonomy":"product_cat","embeddable":true,"href":"https:\/\/disar-ec.com\/index.php\/wp-json\/wp\/v2\/product_cat?post=654"},{"taxonomy":"product_tag","embeddable":true,"href":"https:\/\/disar-ec.com\/index.php\/wp-json\/wp\/v2\/product_tag?post=654"}],"curies":[{"name":"wp","href":"https:\/\/api.w.org\/{rel}","templated":true}]}}