{"id":647,"date":"2025-12-30T16:46:13","date_gmt":"2025-12-30T21:46:13","guid":{"rendered":"https:\/\/disar-ec.com\/?post_type=product&#038;p=647"},"modified":"2025-12-30T16:46:14","modified_gmt":"2025-12-30T21:46:14","slug":"fumigadora-echo-800","status":"publish","type":"product","link":"https:\/\/disar-ec.com\/index.php\/producto\/fumigadora-echo-800\/","title":{"rendered":"FUMIGADORA ECHO 800"},"content":{"rendered":"<p>Desplazamiento del motor cc 22.8<br \/>\nCapacidad del tanque qu\u00edmico (L\/gal) 25\/6.6<br \/>\nTipo de pulverizador 5.8\/1.5<br \/>\nClasificaci\u00f3n de presi\u00f3n m\u00e1xima kfg\/cm2<br \/>\n(psi) 356 (25)<br \/>\nTipo de bomba Pist\u00f3n de doble acci\u00f3n<br \/>\nCapacidad del tanque de combustible<br \/>\n(L\/fl.oz) 0.75\/25.4<br \/>\nTipo de pulverizador Mochila<br \/>\nCarburador Diafragma<br \/>\nPeso seco (kg\/lb) 9.0\/19.8<\/p>\n","protected":false},"excerpt":{"rendered":"<p>Desplazamiento del motor cc 22.8 Capacidad del tanque qu\u00edmico (L\/gal) 25\/6.6 Tipo de pulverizador 5.8\/1.5 Clasificaci\u00f3n de presi\u00f3n m\u00e1xima kfg\/cm2 (psi) 356 (25) Tipo de bomba Pist\u00f3n de doble acci\u00f3n Capacidad del tanque de combustible (L\/fl.oz) 0.75\/25.4 Tipo de pulverizador Mochila Carburador Diafragma Peso seco (kg\/lb) 9.0\/19.8<\/p>\n","protected":false},"featured_media":648,"comment_status":"open","ping_status":"closed","template":"","meta":[],"product_brand":[],"product_cat":[24,41],"product_tag":[],"class_list":{"0":"post-647","1":"product","2":"type-product","3":"status-publish","4":"has-post-thumbnail","6":"product_cat-agro-forestal","7":"product_cat-fumigadoras","9":"first","10":"instock","11":"shipping-taxable","12":"product-type-simple"},"aioseo_notices":[],"jetpack_sharing_enabled":true,"_links":{"self":[{"href":"https:\/\/disar-ec.com\/index.php\/wp-json\/wp\/v2\/product\/647","targetHints":{"allow":["GET"]}}],"collection":[{"href":"https:\/\/disar-ec.com\/index.php\/wp-json\/wp\/v2\/product"}],"about":[{"href":"https:\/\/disar-ec.com\/index.php\/wp-json\/wp\/v2\/types\/product"}],"replies":[{"embeddable":true,"href":"https:\/\/disar-ec.com\/index.php\/wp-json\/wp\/v2\/comments?post=647"}],"wp:featuredmedia":[{"embeddable":true,"href":"https:\/\/disar-ec.com\/index.php\/wp-json\/wp\/v2\/media\/648"}],"wp:attachment":[{"href":"https:\/\/disar-ec.com\/index.php\/wp-json\/wp\/v2\/media?parent=647"}],"wp:term":[{"taxonomy":"product_brand","embeddable":true,"href":"https:\/\/disar-ec.com\/index.php\/wp-json\/wp\/v2\/product_brand?post=647"},{"taxonomy":"product_cat","embeddable":true,"href":"https:\/\/disar-ec.com\/index.php\/wp-json\/wp\/v2\/product_cat?post=647"},{"taxonomy":"product_tag","embeddable":true,"href":"https:\/\/disar-ec.com\/index.php\/wp-json\/wp\/v2\/product_tag?post=647"}],"curies":[{"name":"wp","href":"https:\/\/api.w.org\/{rel}","templated":true}]}}