{"id":633,"date":"2025-12-26T17:46:51","date_gmt":"2025-12-26T22:46:51","guid":{"rendered":"https:\/\/disar-ec.com\/?post_type=product&#038;p=633"},"modified":"2025-12-26T17:46:51","modified_gmt":"2025-12-26T22:46:51","slug":"licuadora-magic-mix-500w","status":"publish","type":"product","link":"https:\/\/disar-ec.com\/index.php\/producto\/licuadora-magic-mix-500w\/","title":{"rendered":"LICUADORA MAGIC MIX 500W"},"content":{"rendered":"<p>Motor potente y eficiente de 500 W<br \/>\nF\u00e1cil de usar y limpiar<br \/>\nTap\u00f3n desmontable de f\u00e1cil llenado.<br \/>\nCuchilla de acero inoxidable.<br \/>\n2 Velocidades + funci\u00f3n de pulso.<br \/>\nVaso de vidrio.<br \/>\nCalidad de alta resistencia.<\/p>\n","protected":false},"excerpt":{"rendered":"<p>Motor potente y eficiente de 500 W F\u00e1cil de usar y limpiar Tap\u00f3n desmontable de f\u00e1cil llenado. Cuchilla de acero inoxidable. 2 Velocidades + funci\u00f3n de pulso. Vaso de vidrio. Calidad de alta resistencia.<\/p>\n","protected":false},"featured_media":634,"comment_status":"open","ping_status":"closed","template":"","meta":[],"product_brand":[],"product_cat":[22,23],"product_tag":[],"class_list":{"0":"post-633","1":"product","2":"type-product","3":"status-publish","4":"has-post-thumbnail","6":"product_cat-electrocomesticos","7":"product_cat-electrodomesticos-menores","9":"first","10":"instock","11":"shipping-taxable","12":"product-type-simple"},"aioseo_notices":[],"jetpack_sharing_enabled":true,"_links":{"self":[{"href":"https:\/\/disar-ec.com\/index.php\/wp-json\/wp\/v2\/product\/633","targetHints":{"allow":["GET"]}}],"collection":[{"href":"https:\/\/disar-ec.com\/index.php\/wp-json\/wp\/v2\/product"}],"about":[{"href":"https:\/\/disar-ec.com\/index.php\/wp-json\/wp\/v2\/types\/product"}],"replies":[{"embeddable":true,"href":"https:\/\/disar-ec.com\/index.php\/wp-json\/wp\/v2\/comments?post=633"}],"wp:featuredmedia":[{"embeddable":true,"href":"https:\/\/disar-ec.com\/index.php\/wp-json\/wp\/v2\/media\/634"}],"wp:attachment":[{"href":"https:\/\/disar-ec.com\/index.php\/wp-json\/wp\/v2\/media?parent=633"}],"wp:term":[{"taxonomy":"product_brand","embeddable":true,"href":"https:\/\/disar-ec.com\/index.php\/wp-json\/wp\/v2\/product_brand?post=633"},{"taxonomy":"product_cat","embeddable":true,"href":"https:\/\/disar-ec.com\/index.php\/wp-json\/wp\/v2\/product_cat?post=633"},{"taxonomy":"product_tag","embeddable":true,"href":"https:\/\/disar-ec.com\/index.php\/wp-json\/wp\/v2\/product_tag?post=633"}],"curies":[{"name":"wp","href":"https:\/\/api.w.org\/{rel}","templated":true}]}}