{"id":630,"date":"2025-12-26T13:20:20","date_gmt":"2025-12-26T18:20:20","guid":{"rendered":"https:\/\/disar-ec.com\/?post_type=product&#038;p=630"},"modified":"2026-01-09T17:32:56","modified_gmt":"2026-01-09T22:32:56","slug":"infinix-hot-60i","status":"publish","type":"product","link":"https:\/\/disar-ec.com\/index.php\/producto\/infinix-hot-60i\/","title":{"rendered":"INFINIX HOT 60I"},"content":{"rendered":"<p>Pantalla: 6.70\u2033 IPS LCD resoluci\u00f3n<br \/>\n720 x 1600 pixels (700 ppi) 120Hz<br \/>\nRam: 4 GB RAM + 4 GB VIRTUAL<br \/>\nCapacidad: 256GB ROM<br \/>\nTarjeta de expansi\u00f3n MicroSD<br \/>\nC\u00e1mara Principal: 50MP, Light Sensor<br \/>\nC\u00e1mara Frontal: 8MP<br \/>\nBater\u00eda: 5160mAh<\/p>\n","protected":false},"excerpt":{"rendered":"<p>Pantalla: 6.70\u2033 IPS LCD resoluci\u00f3n 720 x 1600 pixels (700 ppi) 120Hz Ram: 4 GB RAM + 4 GB VIRTUAL Capacidad: 256GB ROM Tarjeta de expansi\u00f3n MicroSD C\u00e1mara Principal: 50MP, Light Sensor C\u00e1mara Frontal: 8MP Bater\u00eda: 5160mAh<\/p>\n","protected":false},"featured_media":707,"comment_status":"open","ping_status":"closed","template":"","meta":[],"product_brand":[],"product_cat":[40,31],"product_tag":[],"class_list":{"0":"post-630","1":"product","2":"type-product","3":"status-publish","4":"has-post-thumbnail","6":"product_cat-smartphones","7":"product_cat-tecnologia","9":"first","10":"instock","11":"shipping-taxable","12":"product-type-simple"},"aioseo_notices":[],"jetpack_sharing_enabled":true,"_links":{"self":[{"href":"https:\/\/disar-ec.com\/index.php\/wp-json\/wp\/v2\/product\/630","targetHints":{"allow":["GET"]}}],"collection":[{"href":"https:\/\/disar-ec.com\/index.php\/wp-json\/wp\/v2\/product"}],"about":[{"href":"https:\/\/disar-ec.com\/index.php\/wp-json\/wp\/v2\/types\/product"}],"replies":[{"embeddable":true,"href":"https:\/\/disar-ec.com\/index.php\/wp-json\/wp\/v2\/comments?post=630"}],"wp:featuredmedia":[{"embeddable":true,"href":"https:\/\/disar-ec.com\/index.php\/wp-json\/wp\/v2\/media\/707"}],"wp:attachment":[{"href":"https:\/\/disar-ec.com\/index.php\/wp-json\/wp\/v2\/media?parent=630"}],"wp:term":[{"taxonomy":"product_brand","embeddable":true,"href":"https:\/\/disar-ec.com\/index.php\/wp-json\/wp\/v2\/product_brand?post=630"},{"taxonomy":"product_cat","embeddable":true,"href":"https:\/\/disar-ec.com\/index.php\/wp-json\/wp\/v2\/product_cat?post=630"},{"taxonomy":"product_tag","embeddable":true,"href":"https:\/\/disar-ec.com\/index.php\/wp-json\/wp\/v2\/product_tag?post=630"}],"curies":[{"name":"wp","href":"https:\/\/api.w.org\/{rel}","templated":true}]}}