{"id":625,"date":"2025-12-24T17:55:40","date_gmt":"2025-12-24T22:55:40","guid":{"rendered":"https:\/\/disar-ec.com\/?post_type=product&#038;p=625"},"modified":"2025-12-24T17:55:41","modified_gmt":"2025-12-24T22:55:41","slug":"laptop-hp-245-g10","status":"publish","type":"product","link":"https:\/\/disar-ec.com\/index.php\/producto\/laptop-hp-245-g10\/","title":{"rendered":"LAPTOP HP 245 G10"},"content":{"rendered":"<p>Procesador: AMD Ryzen 3 3<br \/>\nVersi\u00f3n del sistema operativo: 11<br \/>\nCapacidad de disco SSD: 256 GB<br \/>\nMemoria RAM: 8 GB<br \/>\nTarj. gr\u00e1fica: AMD Radeon<br \/>\nResoluci\u00f3n de pantalla: 1366 px x 768 px<br \/>\nCon pantalla t\u00e1ctil: No<br \/>\nCuenta con 3 puertos USB y puerto HDMI.<\/p>\n","protected":false},"excerpt":{"rendered":"<p>Procesador: AMD Ryzen 3 3 Versi\u00f3n del sistema operativo: 11 Capacidad de disco SSD: 256 GB Memoria RAM: 8 GB Tarj. gr\u00e1fica: AMD Radeon Resoluci\u00f3n de pantalla: 1366 px x 768 px Con pantalla t\u00e1ctil: No Cuenta con 3 puertos USB y puerto HDMI.<\/p>\n","protected":false},"featured_media":626,"comment_status":"open","ping_status":"closed","template":"","meta":[],"product_brand":[],"product_cat":[35,31],"product_tag":[],"class_list":{"0":"post-625","1":"product","2":"type-product","3":"status-publish","4":"has-post-thumbnail","6":"product_cat-laptops","7":"product_cat-tecnologia","9":"first","10":"instock","11":"shipping-taxable","12":"product-type-simple"},"aioseo_notices":[],"jetpack_sharing_enabled":true,"_links":{"self":[{"href":"https:\/\/disar-ec.com\/index.php\/wp-json\/wp\/v2\/product\/625","targetHints":{"allow":["GET"]}}],"collection":[{"href":"https:\/\/disar-ec.com\/index.php\/wp-json\/wp\/v2\/product"}],"about":[{"href":"https:\/\/disar-ec.com\/index.php\/wp-json\/wp\/v2\/types\/product"}],"replies":[{"embeddable":true,"href":"https:\/\/disar-ec.com\/index.php\/wp-json\/wp\/v2\/comments?post=625"}],"wp:featuredmedia":[{"embeddable":true,"href":"https:\/\/disar-ec.com\/index.php\/wp-json\/wp\/v2\/media\/626"}],"wp:attachment":[{"href":"https:\/\/disar-ec.com\/index.php\/wp-json\/wp\/v2\/media?parent=625"}],"wp:term":[{"taxonomy":"product_brand","embeddable":true,"href":"https:\/\/disar-ec.com\/index.php\/wp-json\/wp\/v2\/product_brand?post=625"},{"taxonomy":"product_cat","embeddable":true,"href":"https:\/\/disar-ec.com\/index.php\/wp-json\/wp\/v2\/product_cat?post=625"},{"taxonomy":"product_tag","embeddable":true,"href":"https:\/\/disar-ec.com\/index.php\/wp-json\/wp\/v2\/product_tag?post=625"}],"curies":[{"name":"wp","href":"https:\/\/api.w.org\/{rel}","templated":true}]}}