{"id":613,"date":"2025-12-24T17:13:01","date_gmt":"2025-12-24T22:13:01","guid":{"rendered":"https:\/\/disar-ec.com\/?post_type=product&#038;p=613"},"modified":"2025-12-24T17:13:13","modified_gmt":"2025-12-24T22:13:13","slug":"bicicleta-de-acero-cuadro-14-5-aro-20","status":"publish","type":"product","link":"https:\/\/disar-ec.com\/index.php\/producto\/bicicleta-de-acero-cuadro-14-5-aro-20\/","title":{"rendered":"BICICLETA DE ACERO CUADRO 14.5 ARO 20&#8243;"},"content":{"rendered":"<p>Sistema de marcha de 1 velocidad<br \/>\nSistema de disco posterior<br \/>\nTrinche delantero r\u00edgido<br \/>\nProwheel BMX<br \/>\nCadena de KMC BMX<br \/>\nPi\u00f1\u00f3n de 16T BMX<br \/>\nFrenos V-brake Logan<\/p>\n","protected":false},"excerpt":{"rendered":"<p>Sistema de marcha de 1 velocidad Sistema de disco posterior Trinche delantero r\u00edgido Prowheel BMX Cadena de KMC BMX Pi\u00f1\u00f3n de 16T BMX Frenos V-brake Logan<\/p>\n","protected":false},"featured_media":614,"comment_status":"open","ping_status":"closed","template":"","meta":[],"product_brand":[],"product_cat":[45,33],"product_tag":[],"class_list":{"0":"post-613","1":"product","2":"type-product","3":"status-publish","4":"has-post-thumbnail","6":"product_cat-bicicletas","7":"product_cat-vehiculos","9":"first","10":"instock","11":"shipping-taxable","12":"product-type-simple"},"aioseo_notices":[],"jetpack_sharing_enabled":true,"_links":{"self":[{"href":"https:\/\/disar-ec.com\/index.php\/wp-json\/wp\/v2\/product\/613","targetHints":{"allow":["GET"]}}],"collection":[{"href":"https:\/\/disar-ec.com\/index.php\/wp-json\/wp\/v2\/product"}],"about":[{"href":"https:\/\/disar-ec.com\/index.php\/wp-json\/wp\/v2\/types\/product"}],"replies":[{"embeddable":true,"href":"https:\/\/disar-ec.com\/index.php\/wp-json\/wp\/v2\/comments?post=613"}],"wp:featuredmedia":[{"embeddable":true,"href":"https:\/\/disar-ec.com\/index.php\/wp-json\/wp\/v2\/media\/614"}],"wp:attachment":[{"href":"https:\/\/disar-ec.com\/index.php\/wp-json\/wp\/v2\/media?parent=613"}],"wp:term":[{"taxonomy":"product_brand","embeddable":true,"href":"https:\/\/disar-ec.com\/index.php\/wp-json\/wp\/v2\/product_brand?post=613"},{"taxonomy":"product_cat","embeddable":true,"href":"https:\/\/disar-ec.com\/index.php\/wp-json\/wp\/v2\/product_cat?post=613"},{"taxonomy":"product_tag","embeddable":true,"href":"https:\/\/disar-ec.com\/index.php\/wp-json\/wp\/v2\/product_tag?post=613"}],"curies":[{"name":"wp","href":"https:\/\/api.w.org\/{rel}","templated":true}]}}