{"id":609,"date":"2025-12-24T17:06:15","date_gmt":"2025-12-24T22:06:15","guid":{"rendered":"https:\/\/disar-ec.com\/?post_type=product&#038;p=609"},"modified":"2025-12-24T17:06:15","modified_gmt":"2025-12-24T22:06:15","slug":"pulverizador-manual","status":"publish","type":"product","link":"https:\/\/disar-ec.com\/index.php\/producto\/pulverizador-manual\/","title":{"rendered":"PULVERIZADOR MANUAL"},"content":{"rendered":"<p><strong>Caracter\u00edsticas:<\/strong><\/p>\n<p>Correas regulables y ULTRA-acolchadas<br \/>\nEmpunadura ergono \u0303 \u0301mica de alta resistencia<br \/>\nLanza de acero inoxidable con certificacio\u0301n ISO 1127<br \/>\nPeso: 4 kg<br \/>\nPresi\u00f3n m\u00e1xima: 50 psi<br \/>\nCap. Del tanque qu\u00edmico: 20 l<\/p>\n","protected":false},"excerpt":{"rendered":"<p>Caracter\u00edsticas: Correas regulables y ULTRA-acolchadas Empunadura ergono \u0303 \u0301mica de alta resistencia Lanza de acero inoxidable con certificacio\u0301n ISO 1127 Peso: 4 kg Presi\u00f3n m\u00e1xima: 50 psi Cap. Del tanque qu\u00edmico: 20 l<\/p>\n","protected":false},"featured_media":610,"comment_status":"open","ping_status":"closed","template":"","meta":[],"product_brand":[],"product_cat":[24,41],"product_tag":[],"class_list":{"0":"post-609","1":"product","2":"type-product","3":"status-publish","4":"has-post-thumbnail","6":"product_cat-agro-forestal","7":"product_cat-fumigadoras","9":"first","10":"instock","11":"shipping-taxable","12":"product-type-simple"},"aioseo_notices":[],"jetpack_sharing_enabled":true,"_links":{"self":[{"href":"https:\/\/disar-ec.com\/index.php\/wp-json\/wp\/v2\/product\/609","targetHints":{"allow":["GET"]}}],"collection":[{"href":"https:\/\/disar-ec.com\/index.php\/wp-json\/wp\/v2\/product"}],"about":[{"href":"https:\/\/disar-ec.com\/index.php\/wp-json\/wp\/v2\/types\/product"}],"replies":[{"embeddable":true,"href":"https:\/\/disar-ec.com\/index.php\/wp-json\/wp\/v2\/comments?post=609"}],"wp:featuredmedia":[{"embeddable":true,"href":"https:\/\/disar-ec.com\/index.php\/wp-json\/wp\/v2\/media\/610"}],"wp:attachment":[{"href":"https:\/\/disar-ec.com\/index.php\/wp-json\/wp\/v2\/media?parent=609"}],"wp:term":[{"taxonomy":"product_brand","embeddable":true,"href":"https:\/\/disar-ec.com\/index.php\/wp-json\/wp\/v2\/product_brand?post=609"},{"taxonomy":"product_cat","embeddable":true,"href":"https:\/\/disar-ec.com\/index.php\/wp-json\/wp\/v2\/product_cat?post=609"},{"taxonomy":"product_tag","embeddable":true,"href":"https:\/\/disar-ec.com\/index.php\/wp-json\/wp\/v2\/product_tag?post=609"}],"curies":[{"name":"wp","href":"https:\/\/api.w.org\/{rel}","templated":true}]}}