{"id":607,"date":"2025-12-24T17:04:11","date_gmt":"2025-12-24T22:04:11","guid":{"rendered":"https:\/\/disar-ec.com\/?post_type=product&#038;p=607"},"modified":"2025-12-24T17:04:12","modified_gmt":"2025-12-24T22:04:12","slug":"desmalezadora-shindaiwa-b450","status":"publish","type":"product","link":"https:\/\/disar-ec.com\/index.php\/producto\/desmalezadora-shindaiwa-b450\/","title":{"rendered":"DESMALEZADORA SHINDAIWA B450"},"content":{"rendered":"<p>Alimentaci\u00f3n Gasolina de grado normal<br \/>\nAlto 483 mm<br \/>\nAncho 565 mm<br \/>\nProfundidad 1790 mm<br \/>\nPeso 8.1 kg<br \/>\nN\u00famero de velocidades 2.0<br \/>\nIncluye<br \/>\nManual de instrucciones. Manguito protecto. Herramientas (Llave T de 17 X 19 mm (combinaci\u00f3n de<br \/>\ndestornillador y z\u00f3calo de buj\u00edas), llave de tuercas de<br \/>\n8&#215;10 mm, llaves hexagonales de 4 mm y 5 mm, conector del cable, tubo, dos bridas, soporte del cable, cable<br \/>\nde tierra y cuatro pernos (M5 X 20) ). Gafas de seguridad. Escudo. Placa protectora. Arn\u00e9s<br \/>\nMarca Shindaiwa<\/p>\n","protected":false},"excerpt":{"rendered":"<p>Alimentaci\u00f3n Gasolina de grado normal Alto 483 mm Ancho 565 mm Profundidad 1790 mm Peso 8.1 kg N\u00famero de velocidades 2.0 Incluye Manual de instrucciones. Manguito protecto. Herramientas (Llave T de 17 X 19 mm (combinaci\u00f3n de destornillador y z\u00f3calo de buj\u00edas), llave de tuercas de 8&#215;10 mm, llaves hexagonales de 4 mm y 5 [&hellip;]<\/p>\n","protected":false},"featured_media":608,"comment_status":"open","ping_status":"closed","template":"","meta":[],"product_brand":[],"product_cat":[24,42],"product_tag":[],"class_list":{"0":"post-607","1":"product","2":"type-product","3":"status-publish","4":"has-post-thumbnail","6":"product_cat-agro-forestal","7":"product_cat-desmalezadora","9":"first","10":"instock","11":"shipping-taxable","12":"product-type-simple"},"aioseo_notices":[],"jetpack_sharing_enabled":true,"_links":{"self":[{"href":"https:\/\/disar-ec.com\/index.php\/wp-json\/wp\/v2\/product\/607","targetHints":{"allow":["GET"]}}],"collection":[{"href":"https:\/\/disar-ec.com\/index.php\/wp-json\/wp\/v2\/product"}],"about":[{"href":"https:\/\/disar-ec.com\/index.php\/wp-json\/wp\/v2\/types\/product"}],"replies":[{"embeddable":true,"href":"https:\/\/disar-ec.com\/index.php\/wp-json\/wp\/v2\/comments?post=607"}],"wp:featuredmedia":[{"embeddable":true,"href":"https:\/\/disar-ec.com\/index.php\/wp-json\/wp\/v2\/media\/608"}],"wp:attachment":[{"href":"https:\/\/disar-ec.com\/index.php\/wp-json\/wp\/v2\/media?parent=607"}],"wp:term":[{"taxonomy":"product_brand","embeddable":true,"href":"https:\/\/disar-ec.com\/index.php\/wp-json\/wp\/v2\/product_brand?post=607"},{"taxonomy":"product_cat","embeddable":true,"href":"https:\/\/disar-ec.com\/index.php\/wp-json\/wp\/v2\/product_cat?post=607"},{"taxonomy":"product_tag","embeddable":true,"href":"https:\/\/disar-ec.com\/index.php\/wp-json\/wp\/v2\/product_tag?post=607"}],"curies":[{"name":"wp","href":"https:\/\/api.w.org\/{rel}","templated":true}]}}