{"id":600,"date":"2025-12-24T16:57:00","date_gmt":"2025-12-24T21:57:00","guid":{"rendered":"https:\/\/disar-ec.com\/?post_type=product&#038;p=600"},"modified":"2025-12-24T16:57:00","modified_gmt":"2025-12-24T21:57:00","slug":"motosierra-agrota-cs-3520","status":"publish","type":"product","link":"https:\/\/disar-ec.com\/index.php\/producto\/motosierra-agrota-cs-3520\/","title":{"rendered":"MOTOSIERRA AGROTA CS &#8211; 3520"},"content":{"rendered":"<p>La motosierra con mango trasero ECHO CS-3520-<br \/>\n40LA es la motosierra de gasolina m\u00e1s liviana en su<br \/>\nclase. Su dise\u00f1o liviano reduce la fatiga del usuario<br \/>\nen largas jornadas laborales.<br \/>\nCARACTER\u00cdSTICAS PRINCIPALES:<br \/>\nMotor de 2 tiempos de grado profesional de 34.0 cc<br \/>\nEl ES Starter reduce el esfuerzo de arranque en un 30%<br \/>\nFiltro de aire de f\u00e1cil acceso sin herramientas<\/p>\n","protected":false},"excerpt":{"rendered":"<p>La motosierra con mango trasero ECHO CS-3520- 40LA es la motosierra de gasolina m\u00e1s liviana en su clase. Su dise\u00f1o liviano reduce la fatiga del usuario en largas jornadas laborales. CARACTER\u00cdSTICAS PRINCIPALES: Motor de 2 tiempos de grado profesional de 34.0 cc El ES Starter reduce el esfuerzo de arranque en un 30% Filtro de [&hellip;]<\/p>\n","protected":false},"featured_media":601,"comment_status":"open","ping_status":"closed","template":"","meta":[],"product_brand":[],"product_cat":[24,43],"product_tag":[],"class_list":{"0":"post-600","1":"product","2":"type-product","3":"status-publish","4":"has-post-thumbnail","6":"product_cat-agro-forestal","7":"product_cat-motosierra","9":"first","10":"instock","11":"shipping-taxable","12":"product-type-simple"},"aioseo_notices":[],"jetpack_sharing_enabled":true,"_links":{"self":[{"href":"https:\/\/disar-ec.com\/index.php\/wp-json\/wp\/v2\/product\/600","targetHints":{"allow":["GET"]}}],"collection":[{"href":"https:\/\/disar-ec.com\/index.php\/wp-json\/wp\/v2\/product"}],"about":[{"href":"https:\/\/disar-ec.com\/index.php\/wp-json\/wp\/v2\/types\/product"}],"replies":[{"embeddable":true,"href":"https:\/\/disar-ec.com\/index.php\/wp-json\/wp\/v2\/comments?post=600"}],"wp:featuredmedia":[{"embeddable":true,"href":"https:\/\/disar-ec.com\/index.php\/wp-json\/wp\/v2\/media\/601"}],"wp:attachment":[{"href":"https:\/\/disar-ec.com\/index.php\/wp-json\/wp\/v2\/media?parent=600"}],"wp:term":[{"taxonomy":"product_brand","embeddable":true,"href":"https:\/\/disar-ec.com\/index.php\/wp-json\/wp\/v2\/product_brand?post=600"},{"taxonomy":"product_cat","embeddable":true,"href":"https:\/\/disar-ec.com\/index.php\/wp-json\/wp\/v2\/product_cat?post=600"},{"taxonomy":"product_tag","embeddable":true,"href":"https:\/\/disar-ec.com\/index.php\/wp-json\/wp\/v2\/product_tag?post=600"}],"curies":[{"name":"wp","href":"https:\/\/api.w.org\/{rel}","templated":true}]}}