{"id":593,"date":"2025-12-24T16:51:19","date_gmt":"2025-12-24T21:51:19","guid":{"rendered":"https:\/\/disar-ec.com\/?post_type=product&#038;p=593"},"modified":"2025-12-24T16:51:20","modified_gmt":"2025-12-24T21:51:20","slug":"maquina-multiusos-ducati-dbc3300m","status":"publish","type":"product","link":"https:\/\/disar-ec.com\/index.php\/producto\/maquina-multiusos-ducati-dbc3300m\/","title":{"rendered":"MAQUINA MULTIUSOS DUCATI DBC3300M"},"content":{"rendered":"<p>Permite realizar DIVERSOS TRABAJOS de<br \/>\njardiner\u00eda gracias a sus m\u00faltiples accesorios.<br \/>\nEs una m\u00e1quina 5 en 1: Desmalezadora,<br \/>\npodadora, recortabordes, cortasetos y<br \/>\npodadora de altura.<br \/>\nEquipo econ\u00f3mico dada su variedad de<br \/>\naplicaciones.<br \/>\nUso sencillo y pr\u00e1ctico de sus accesorios.<br \/>\nCaracter\u00edsticas:<br \/>\nDesplazamiento: 32.6 cc<br \/>\nPeso en seco: 6.3 kg<br \/>\nCapacidad de combustible: 0.9 L<br \/>\nAncho de corte. 43 cm<br \/>\nPotencia: 1.33 hp<\/p>\n","protected":false},"excerpt":{"rendered":"<p>Permite realizar DIVERSOS TRABAJOS de jardiner\u00eda gracias a sus m\u00faltiples accesorios. Es una m\u00e1quina 5 en 1: Desmalezadora, podadora, recortabordes, cortasetos y podadora de altura. Equipo econ\u00f3mico dada su variedad de aplicaciones. Uso sencillo y pr\u00e1ctico de sus accesorios. Caracter\u00edsticas: Desplazamiento: 32.6 cc Peso en seco: 6.3 kg Capacidad de combustible: 0.9 L Ancho de [&hellip;]<\/p>\n","protected":false},"featured_media":594,"comment_status":"open","ping_status":"closed","template":"","meta":[],"product_brand":[],"product_cat":[42,43],"product_tag":[],"class_list":{"0":"post-593","1":"product","2":"type-product","3":"status-publish","4":"has-post-thumbnail","6":"product_cat-desmalezadora","7":"product_cat-motosierra","9":"first","10":"instock","11":"shipping-taxable","12":"product-type-simple"},"aioseo_notices":[],"jetpack_sharing_enabled":true,"_links":{"self":[{"href":"https:\/\/disar-ec.com\/index.php\/wp-json\/wp\/v2\/product\/593","targetHints":{"allow":["GET"]}}],"collection":[{"href":"https:\/\/disar-ec.com\/index.php\/wp-json\/wp\/v2\/product"}],"about":[{"href":"https:\/\/disar-ec.com\/index.php\/wp-json\/wp\/v2\/types\/product"}],"replies":[{"embeddable":true,"href":"https:\/\/disar-ec.com\/index.php\/wp-json\/wp\/v2\/comments?post=593"}],"wp:featuredmedia":[{"embeddable":true,"href":"https:\/\/disar-ec.com\/index.php\/wp-json\/wp\/v2\/media\/594"}],"wp:attachment":[{"href":"https:\/\/disar-ec.com\/index.php\/wp-json\/wp\/v2\/media?parent=593"}],"wp:term":[{"taxonomy":"product_brand","embeddable":true,"href":"https:\/\/disar-ec.com\/index.php\/wp-json\/wp\/v2\/product_brand?post=593"},{"taxonomy":"product_cat","embeddable":true,"href":"https:\/\/disar-ec.com\/index.php\/wp-json\/wp\/v2\/product_cat?post=593"},{"taxonomy":"product_tag","embeddable":true,"href":"https:\/\/disar-ec.com\/index.php\/wp-json\/wp\/v2\/product_tag?post=593"}],"curies":[{"name":"wp","href":"https:\/\/api.w.org\/{rel}","templated":true}]}}