{"id":591,"date":"2025-12-24T16:44:46","date_gmt":"2025-12-24T21:44:46","guid":{"rendered":"https:\/\/disar-ec.com\/?post_type=product&#038;p=591"},"modified":"2025-12-24T16:44:46","modified_gmt":"2025-12-24T21:44:46","slug":"freidora-de-aire-black-decker-5-lts","status":"publish","type":"product","link":"https:\/\/disar-ec.com\/index.php\/producto\/freidora-de-aire-black-decker-5-lts\/","title":{"rendered":"FREIDORA DE AIRE BLACK DECKER 5 LTS"},"content":{"rendered":"<p>Pantalla t\u00e1ctil digital LED con 9 funciones preprogramadas<br \/>\nVentiladores de alta potencia<br \/>\nUsa un 50% menos de energ\u00eda<br \/>\nMango f\u00e1cil de sujetar.<br \/>\nTemporizador de 60-minutos con<br \/>\napagado autom\u00e1tico<br \/>\nCocci\u00f3n a temperatura alta hasta 200\u00b0C<br \/>\nDetalles de acero inoxidable<br \/>\nNotificaci\u00f3n para agitar los alimentos<\/p>\n","protected":false},"excerpt":{"rendered":"<p>Pantalla t\u00e1ctil digital LED con 9 funciones preprogramadas Ventiladores de alta potencia Usa un 50% menos de energ\u00eda Mango f\u00e1cil de sujetar. Temporizador de 60-minutos con apagado autom\u00e1tico Cocci\u00f3n a temperatura alta hasta 200\u00b0C Detalles de acero inoxidable Notificaci\u00f3n para agitar los alimentos<\/p>\n","protected":false},"featured_media":592,"comment_status":"open","ping_status":"closed","template":"","meta":[],"product_brand":[],"product_cat":[23],"product_tag":[],"class_list":{"0":"post-591","1":"product","2":"type-product","3":"status-publish","4":"has-post-thumbnail","6":"product_cat-electrodomesticos-menores","8":"first","9":"instock","10":"shipping-taxable","11":"product-type-simple"},"aioseo_notices":[],"jetpack_sharing_enabled":true,"_links":{"self":[{"href":"https:\/\/disar-ec.com\/index.php\/wp-json\/wp\/v2\/product\/591","targetHints":{"allow":["GET"]}}],"collection":[{"href":"https:\/\/disar-ec.com\/index.php\/wp-json\/wp\/v2\/product"}],"about":[{"href":"https:\/\/disar-ec.com\/index.php\/wp-json\/wp\/v2\/types\/product"}],"replies":[{"embeddable":true,"href":"https:\/\/disar-ec.com\/index.php\/wp-json\/wp\/v2\/comments?post=591"}],"wp:featuredmedia":[{"embeddable":true,"href":"https:\/\/disar-ec.com\/index.php\/wp-json\/wp\/v2\/media\/592"}],"wp:attachment":[{"href":"https:\/\/disar-ec.com\/index.php\/wp-json\/wp\/v2\/media?parent=591"}],"wp:term":[{"taxonomy":"product_brand","embeddable":true,"href":"https:\/\/disar-ec.com\/index.php\/wp-json\/wp\/v2\/product_brand?post=591"},{"taxonomy":"product_cat","embeddable":true,"href":"https:\/\/disar-ec.com\/index.php\/wp-json\/wp\/v2\/product_cat?post=591"},{"taxonomy":"product_tag","embeddable":true,"href":"https:\/\/disar-ec.com\/index.php\/wp-json\/wp\/v2\/product_tag?post=591"}],"curies":[{"name":"wp","href":"https:\/\/api.w.org\/{rel}","templated":true}]}}