{"id":587,"date":"2025-12-24T16:39:41","date_gmt":"2025-12-24T21:39:41","guid":{"rendered":"https:\/\/disar-ec.com\/?post_type=product&#038;p=587"},"modified":"2025-12-24T16:39:41","modified_gmt":"2025-12-24T21:39:41","slug":"minibar-innova-1-puerta-negro-92-litros","status":"publish","type":"product","link":"https:\/\/disar-ec.com\/index.php\/producto\/minibar-innova-1-puerta-negro-92-litros\/","title":{"rendered":"MINIBAR INNOVA 1 PUERTA NEGRO 92 LITROS"},"content":{"rendered":"<p>Eficiencia Energ\u00e9tica A<br \/>\nRefrigerante Eco-amigable R600<br \/>\nL\u00e1mpara interior<br \/>\nCaj\u00f3n para verduras<br \/>\nTemperatura del congelador -2\u00baC a -8\u00baC<\/p>\n","protected":false},"excerpt":{"rendered":"<p>Eficiencia Energ\u00e9tica A Refrigerante Eco-amigable R600 L\u00e1mpara interior Caj\u00f3n para verduras Temperatura del congelador -2\u00baC a -8\u00baC<\/p>\n","protected":false},"featured_media":588,"comment_status":"open","ping_status":"closed","template":"","meta":[],"product_brand":[],"product_cat":[22],"product_tag":[],"class_list":{"0":"post-587","1":"product","2":"type-product","3":"status-publish","4":"has-post-thumbnail","6":"product_cat-electrocomesticos","8":"first","9":"instock","10":"shipping-taxable","11":"product-type-simple"},"aioseo_notices":[],"jetpack_sharing_enabled":true,"_links":{"self":[{"href":"https:\/\/disar-ec.com\/index.php\/wp-json\/wp\/v2\/product\/587","targetHints":{"allow":["GET"]}}],"collection":[{"href":"https:\/\/disar-ec.com\/index.php\/wp-json\/wp\/v2\/product"}],"about":[{"href":"https:\/\/disar-ec.com\/index.php\/wp-json\/wp\/v2\/types\/product"}],"replies":[{"embeddable":true,"href":"https:\/\/disar-ec.com\/index.php\/wp-json\/wp\/v2\/comments?post=587"}],"wp:featuredmedia":[{"embeddable":true,"href":"https:\/\/disar-ec.com\/index.php\/wp-json\/wp\/v2\/media\/588"}],"wp:attachment":[{"href":"https:\/\/disar-ec.com\/index.php\/wp-json\/wp\/v2\/media?parent=587"}],"wp:term":[{"taxonomy":"product_brand","embeddable":true,"href":"https:\/\/disar-ec.com\/index.php\/wp-json\/wp\/v2\/product_brand?post=587"},{"taxonomy":"product_cat","embeddable":true,"href":"https:\/\/disar-ec.com\/index.php\/wp-json\/wp\/v2\/product_cat?post=587"},{"taxonomy":"product_tag","embeddable":true,"href":"https:\/\/disar-ec.com\/index.php\/wp-json\/wp\/v2\/product_tag?post=587"}],"curies":[{"name":"wp","href":"https:\/\/api.w.org\/{rel}","templated":true}]}}