{"id":574,"date":"2025-12-24T16:09:00","date_gmt":"2025-12-24T21:09:00","guid":{"rendered":"https:\/\/disar-ec.com\/?post_type=product&#038;p=574"},"modified":"2025-12-24T16:09:00","modified_gmt":"2025-12-24T21:09:00","slug":"escritorio-gamer-dk-552eg-evil-pc","status":"publish","type":"product","link":"https:\/\/disar-ec.com\/index.php\/producto\/escritorio-gamer-dk-552eg-evil-pc\/","title":{"rendered":"ESCRITORIO GAMER DK 552EG EVIL PC"},"content":{"rendered":"<p>Dimensiones: 110 cm (ancho) x 60 cm)<br \/>\nIluminaci\u00f3n: Sistema de iluminaci\u00f3n<br \/>\nCapacidad de carga: hasta 80 kg<br \/>\nPorta vasos lateral<br \/>\nGancho para aud\u00edfonos<br \/>\nControl remoto para efectos RGB<br \/>\nPeso aproximado: 18\u201320 kg<br \/>\nMontaje: Requiere ensamblaje b\u00e1sico<br \/>\ncon herramientas incluidas<\/p>\n","protected":false},"excerpt":{"rendered":"<p>Dimensiones: 110 cm (ancho) x 60 cm) Iluminaci\u00f3n: Sistema de iluminaci\u00f3n Capacidad de carga: hasta 80 kg Porta vasos lateral Gancho para aud\u00edfonos Control remoto para efectos RGB Peso aproximado: 18\u201320 kg Montaje: Requiere ensamblaje b\u00e1sico con herramientas incluidas<\/p>\n","protected":false},"featured_media":575,"comment_status":"open","ping_status":"closed","template":"","meta":[],"product_brand":[],"product_cat":[32],"product_tag":[],"class_list":{"0":"post-574","1":"product","2":"type-product","3":"status-publish","4":"has-post-thumbnail","6":"product_cat-muebleria","8":"first","9":"instock","10":"shipping-taxable","11":"product-type-simple"},"aioseo_notices":[],"jetpack_sharing_enabled":true,"_links":{"self":[{"href":"https:\/\/disar-ec.com\/index.php\/wp-json\/wp\/v2\/product\/574","targetHints":{"allow":["GET"]}}],"collection":[{"href":"https:\/\/disar-ec.com\/index.php\/wp-json\/wp\/v2\/product"}],"about":[{"href":"https:\/\/disar-ec.com\/index.php\/wp-json\/wp\/v2\/types\/product"}],"replies":[{"embeddable":true,"href":"https:\/\/disar-ec.com\/index.php\/wp-json\/wp\/v2\/comments?post=574"}],"wp:featuredmedia":[{"embeddable":true,"href":"https:\/\/disar-ec.com\/index.php\/wp-json\/wp\/v2\/media\/575"}],"wp:attachment":[{"href":"https:\/\/disar-ec.com\/index.php\/wp-json\/wp\/v2\/media?parent=574"}],"wp:term":[{"taxonomy":"product_brand","embeddable":true,"href":"https:\/\/disar-ec.com\/index.php\/wp-json\/wp\/v2\/product_brand?post=574"},{"taxonomy":"product_cat","embeddable":true,"href":"https:\/\/disar-ec.com\/index.php\/wp-json\/wp\/v2\/product_cat?post=574"},{"taxonomy":"product_tag","embeddable":true,"href":"https:\/\/disar-ec.com\/index.php\/wp-json\/wp\/v2\/product_tag?post=574"}],"curies":[{"name":"wp","href":"https:\/\/api.w.org\/{rel}","templated":true}]}}