{"id":572,"date":"2025-12-24T16:07:40","date_gmt":"2025-12-24T21:07:40","guid":{"rendered":"https:\/\/disar-ec.com\/?post_type=product&#038;p=572"},"modified":"2025-12-24T16:07:40","modified_gmt":"2025-12-24T21:07:40","slug":"alivio-gaming-chair-gtx-212","status":"publish","type":"product","link":"https:\/\/disar-ec.com\/index.php\/producto\/alivio-gaming-chair-gtx-212\/","title":{"rendered":"ALIVIO GAMING CHAIR GTX &#8211; 212"},"content":{"rendered":"<p>Marca: Alivio<br \/>\nDimensiones del producto:<br \/>\n77D x 58W x 120H cent\u00edmetros<br \/>\nEspuma viscoel\u00e1stica<br \/>\nEstilo de espalda: Espalda s\u00f3lida<br \/>\nMaterial: Cuero<br \/>\nMaterial del marco: Metal<br \/>\nPeso del art\u00edculo: 20 kilogramos<br \/>\nTipo de material del asiento<\/p>\n","protected":false},"excerpt":{"rendered":"<p>Marca: Alivio Dimensiones del producto: 77D x 58W x 120H cent\u00edmetros Espuma viscoel\u00e1stica Estilo de espalda: Espalda s\u00f3lida Material: Cuero Material del marco: Metal Peso del art\u00edculo: 20 kilogramos Tipo de material del asiento<\/p>\n","protected":false},"featured_media":573,"comment_status":"open","ping_status":"closed","template":"","meta":[],"product_brand":[],"product_cat":[32],"product_tag":[],"class_list":{"0":"post-572","1":"product","2":"type-product","3":"status-publish","4":"has-post-thumbnail","6":"product_cat-muebleria","8":"first","9":"instock","10":"shipping-taxable","11":"product-type-simple"},"aioseo_notices":[],"jetpack_sharing_enabled":true,"_links":{"self":[{"href":"https:\/\/disar-ec.com\/index.php\/wp-json\/wp\/v2\/product\/572","targetHints":{"allow":["GET"]}}],"collection":[{"href":"https:\/\/disar-ec.com\/index.php\/wp-json\/wp\/v2\/product"}],"about":[{"href":"https:\/\/disar-ec.com\/index.php\/wp-json\/wp\/v2\/types\/product"}],"replies":[{"embeddable":true,"href":"https:\/\/disar-ec.com\/index.php\/wp-json\/wp\/v2\/comments?post=572"}],"wp:featuredmedia":[{"embeddable":true,"href":"https:\/\/disar-ec.com\/index.php\/wp-json\/wp\/v2\/media\/573"}],"wp:attachment":[{"href":"https:\/\/disar-ec.com\/index.php\/wp-json\/wp\/v2\/media?parent=572"}],"wp:term":[{"taxonomy":"product_brand","embeddable":true,"href":"https:\/\/disar-ec.com\/index.php\/wp-json\/wp\/v2\/product_brand?post=572"},{"taxonomy":"product_cat","embeddable":true,"href":"https:\/\/disar-ec.com\/index.php\/wp-json\/wp\/v2\/product_cat?post=572"},{"taxonomy":"product_tag","embeddable":true,"href":"https:\/\/disar-ec.com\/index.php\/wp-json\/wp\/v2\/product_tag?post=572"}],"curies":[{"name":"wp","href":"https:\/\/api.w.org\/{rel}","templated":true}]}}