{"id":567,"date":"2025-12-24T16:01:49","date_gmt":"2025-12-24T21:01:49","guid":{"rendered":"https:\/\/disar-ec.com\/?post_type=product&#038;p=567"},"modified":"2025-12-24T16:01:50","modified_gmt":"2025-12-24T21:01:50","slug":"parlante-bazzuka-b105","status":"publish","type":"product","link":"https:\/\/disar-ec.com\/index.php\/producto\/parlante-bazzuka-b105\/","title":{"rendered":"PARLANTE BAZZUKA B105"},"content":{"rendered":"<p>Woofer de 5,5\u201c<br \/>\nPotencia: 18 Watts RMS<br \/>\nBater\u00eda recargable<br \/>\nIncluye Control remoto<br \/>\nFunci\u00f3n TWS<br \/>\nEntrada USB, AUX<br \/>\nConexi\u00f3n BLUETOOTH<br \/>\nLuces LED variables<br \/>\nAgarradera superior<\/p>\n","protected":false},"excerpt":{"rendered":"<p>Woofer de 5,5\u201c Potencia: 18 Watts RMS Bater\u00eda recargable Incluye Control remoto Funci\u00f3n TWS Entrada USB, AUX Conexi\u00f3n BLUETOOTH Luces LED variables Agarradera superior<\/p>\n","protected":false},"featured_media":568,"comment_status":"open","ping_status":"closed","template":"","meta":[],"product_brand":[],"product_cat":[37,38],"product_tag":[],"class_list":{"0":"post-567","1":"product","2":"type-product","3":"status-publish","4":"has-post-thumbnail","6":"product_cat-entre","7":"product_cat-parlantes","9":"first","10":"instock","11":"shipping-taxable","12":"product-type-simple"},"aioseo_notices":[],"jetpack_sharing_enabled":true,"_links":{"self":[{"href":"https:\/\/disar-ec.com\/index.php\/wp-json\/wp\/v2\/product\/567","targetHints":{"allow":["GET"]}}],"collection":[{"href":"https:\/\/disar-ec.com\/index.php\/wp-json\/wp\/v2\/product"}],"about":[{"href":"https:\/\/disar-ec.com\/index.php\/wp-json\/wp\/v2\/types\/product"}],"replies":[{"embeddable":true,"href":"https:\/\/disar-ec.com\/index.php\/wp-json\/wp\/v2\/comments?post=567"}],"wp:featuredmedia":[{"embeddable":true,"href":"https:\/\/disar-ec.com\/index.php\/wp-json\/wp\/v2\/media\/568"}],"wp:attachment":[{"href":"https:\/\/disar-ec.com\/index.php\/wp-json\/wp\/v2\/media?parent=567"}],"wp:term":[{"taxonomy":"product_brand","embeddable":true,"href":"https:\/\/disar-ec.com\/index.php\/wp-json\/wp\/v2\/product_brand?post=567"},{"taxonomy":"product_cat","embeddable":true,"href":"https:\/\/disar-ec.com\/index.php\/wp-json\/wp\/v2\/product_cat?post=567"},{"taxonomy":"product_tag","embeddable":true,"href":"https:\/\/disar-ec.com\/index.php\/wp-json\/wp\/v2\/product_tag?post=567"}],"curies":[{"name":"wp","href":"https:\/\/api.w.org\/{rel}","templated":true}]}}