{"id":563,"date":"2025-12-24T15:55:50","date_gmt":"2025-12-24T20:55:50","guid":{"rendered":"https:\/\/disar-ec.com\/?post_type=product&#038;p=563"},"modified":"2026-01-06T15:15:34","modified_gmt":"2026-01-06T20:15:34","slug":"celular-infinix-hot-50-pro-plus","status":"publish","type":"product","link":"https:\/\/disar-ec.com\/index.php\/producto\/celular-infinix-hot-50-pro-plus\/","title":{"rendered":"CELULAR INFINIX HOT 50 PRO PLUS"},"content":{"rendered":"<p><strong>Caracter\u00edsticas:<\/strong><\/p>\n<p>Modelo: Hot 50 Pro Plus<br \/>\nColor: Negro<br \/>\nDimensiones: 164.1 x 74.4 x 6.8 mm<br \/>\nPantalla: 6.78 pulgadas<br \/>\nResoluci\u00f3n: Full HD (1080 x 2436 px)<br \/>\nSistema Operativo: Android 14<br \/>\nProcesador: Mediatek Helio G100<br \/>\nMemoria RAM: 8 GB<br \/>\nAlmacenamiento interno: 256 GB<br \/>\nTriple c\u00e1mara trasera:<br \/>\nEst\u00e1ndar 50 MP<br \/>\nEst\u00e1ndar 0.8 MP<br \/>\nRetrato 2 MP<br \/>\nC\u00e1mara frontal: 13 MP<br \/>\nBater\u00eda: 5,000 mAh<br \/>\nSensores: Lector de huella bajo pantalla<\/p>\n","protected":false},"excerpt":{"rendered":"<p>Caracter\u00edsticas: Modelo: Hot 50 Pro Plus Color: Negro Dimensiones: 164.1 x 74.4 x 6.8 mm Pantalla: 6.78 pulgadas Resoluci\u00f3n: Full HD (1080 x 2436 px) Sistema Operativo: Android 14 Procesador: Mediatek Helio G100 Memoria RAM: 8 GB Almacenamiento interno: 256 GB Triple c\u00e1mara trasera: Est\u00e1ndar 50 MP Est\u00e1ndar 0.8 MP Retrato 2 MP C\u00e1mara frontal: [&hellip;]<\/p>\n","protected":false},"featured_media":656,"comment_status":"open","ping_status":"closed","template":"","meta":[],"product_brand":[],"product_cat":[40,31],"product_tag":[],"class_list":{"0":"post-563","1":"product","2":"type-product","3":"status-publish","4":"has-post-thumbnail","6":"product_cat-smartphones","7":"product_cat-tecnologia","9":"first","10":"instock","11":"shipping-taxable","12":"product-type-simple"},"aioseo_notices":[],"jetpack_sharing_enabled":true,"_links":{"self":[{"href":"https:\/\/disar-ec.com\/index.php\/wp-json\/wp\/v2\/product\/563","targetHints":{"allow":["GET"]}}],"collection":[{"href":"https:\/\/disar-ec.com\/index.php\/wp-json\/wp\/v2\/product"}],"about":[{"href":"https:\/\/disar-ec.com\/index.php\/wp-json\/wp\/v2\/types\/product"}],"replies":[{"embeddable":true,"href":"https:\/\/disar-ec.com\/index.php\/wp-json\/wp\/v2\/comments?post=563"}],"wp:featuredmedia":[{"embeddable":true,"href":"https:\/\/disar-ec.com\/index.php\/wp-json\/wp\/v2\/media\/656"}],"wp:attachment":[{"href":"https:\/\/disar-ec.com\/index.php\/wp-json\/wp\/v2\/media?parent=563"}],"wp:term":[{"taxonomy":"product_brand","embeddable":true,"href":"https:\/\/disar-ec.com\/index.php\/wp-json\/wp\/v2\/product_brand?post=563"},{"taxonomy":"product_cat","embeddable":true,"href":"https:\/\/disar-ec.com\/index.php\/wp-json\/wp\/v2\/product_cat?post=563"},{"taxonomy":"product_tag","embeddable":true,"href":"https:\/\/disar-ec.com\/index.php\/wp-json\/wp\/v2\/product_tag?post=563"}],"curies":[{"name":"wp","href":"https:\/\/api.w.org\/{rel}","templated":true}]}}