{"id":561,"date":"2025-12-24T15:53:35","date_gmt":"2025-12-24T20:53:35","guid":{"rendered":"https:\/\/disar-ec.com\/?post_type=product&#038;p=561"},"modified":"2025-12-24T15:53:35","modified_gmt":"2025-12-24T20:53:35","slug":"asistente-smart-alexa-echo-spot","status":"publish","type":"product","link":"https:\/\/disar-ec.com\/index.php\/producto\/asistente-smart-alexa-echo-spot\/","title":{"rendered":"ASISTENTE SMART ALEXA ECHO SPOT"},"content":{"rendered":"<p>CONOCE EL ECHO SPOT &#8211; Un despertador<br \/>\ninteligente estilizado con Alexa y sonido<br \/>\nvibrante. Te ayudar\u00e1 a despertarte, relajarte y<br \/>\nmucho m\u00e1s.<br \/>\nRELOJ INTELIGENTE PERSONALIZABLE &#8211;<br \/>\nConsulta la hora, el clima y t\u00edtulos de canciones<br \/>\nde un vistazo, controla dispositivos de Casa<br \/>\nInteligente y m\u00e1s. Personaliza la pantalla con tu<br \/>\nfondo de reloj favorito y colores divertidos.<br \/>\nCOMIENZA CON EL PIE DERECHO &#8211; Establece<br \/>\nrutinas de Alexa para despertarte con m\u00fasica e<br \/>\niluminaci\u00f3n graduales. Consulta la hora, revisa<br \/>\ntus recordatorios o p\u00eddele a Alexa que te d\u00e9<br \/>\nactualizaciones del clima.<\/p>\n","protected":false},"excerpt":{"rendered":"<p>CONOCE EL ECHO SPOT &#8211; Un despertador inteligente estilizado con Alexa y sonido vibrante. Te ayudar\u00e1 a despertarte, relajarte y mucho m\u00e1s. RELOJ INTELIGENTE PERSONALIZABLE &#8211; Consulta la hora, el clima y t\u00edtulos de canciones de un vistazo, controla dispositivos de Casa Inteligente y m\u00e1s. Personaliza la pantalla con tu fondo de reloj favorito y [&hellip;]<\/p>\n","protected":false},"featured_media":562,"comment_status":"open","ping_status":"closed","template":"","meta":[],"product_brand":[],"product_cat":[31],"product_tag":[],"class_list":{"0":"post-561","1":"product","2":"type-product","3":"status-publish","4":"has-post-thumbnail","6":"product_cat-tecnologia","8":"first","9":"instock","10":"shipping-taxable","11":"product-type-simple"},"aioseo_notices":[],"jetpack_sharing_enabled":true,"_links":{"self":[{"href":"https:\/\/disar-ec.com\/index.php\/wp-json\/wp\/v2\/product\/561","targetHints":{"allow":["GET"]}}],"collection":[{"href":"https:\/\/disar-ec.com\/index.php\/wp-json\/wp\/v2\/product"}],"about":[{"href":"https:\/\/disar-ec.com\/index.php\/wp-json\/wp\/v2\/types\/product"}],"replies":[{"embeddable":true,"href":"https:\/\/disar-ec.com\/index.php\/wp-json\/wp\/v2\/comments?post=561"}],"wp:featuredmedia":[{"embeddable":true,"href":"https:\/\/disar-ec.com\/index.php\/wp-json\/wp\/v2\/media\/562"}],"wp:attachment":[{"href":"https:\/\/disar-ec.com\/index.php\/wp-json\/wp\/v2\/media?parent=561"}],"wp:term":[{"taxonomy":"product_brand","embeddable":true,"href":"https:\/\/disar-ec.com\/index.php\/wp-json\/wp\/v2\/product_brand?post=561"},{"taxonomy":"product_cat","embeddable":true,"href":"https:\/\/disar-ec.com\/index.php\/wp-json\/wp\/v2\/product_cat?post=561"},{"taxonomy":"product_tag","embeddable":true,"href":"https:\/\/disar-ec.com\/index.php\/wp-json\/wp\/v2\/product_tag?post=561"}],"curies":[{"name":"wp","href":"https:\/\/api.w.org\/{rel}","templated":true}]}}