{"id":559,"date":"2025-12-24T15:48:41","date_gmt":"2025-12-24T20:48:41","guid":{"rendered":"https:\/\/disar-ec.com\/?post_type=product&#038;p=559"},"modified":"2025-12-24T15:48:41","modified_gmt":"2025-12-24T20:48:41","slug":"impresora-epson-l4260-duplex","status":"publish","type":"product","link":"https:\/\/disar-ec.com\/index.php\/producto\/impresora-epson-l4260-duplex\/","title":{"rendered":"IMPRESORA EPSON L4260 DUPLEX"},"content":{"rendered":"<p><strong>Tecnolog\u00eda de Impresi\u00f3n:<\/strong><\/p>\n<p>Inyecci\u00f3n de tinta Heat-Free\u2122 Micro Piezo de 4 colores (CMYK)<br \/>\nResoluci\u00f3n M\u00e1xima de Impresi\u00f3n:<br \/>\nHasta 5.760 dpi x 1.440 dpi de resoluci\u00f3n optimizada en varios<br \/>\ntipos de papel<br \/>\nVelocidad de Impresi\u00f3n ISO:<br \/>\nSimplex: Negro 10,5 ppm y color<br \/>\n5 ppm (simplex, A4\/carta)\u00b2<br \/>\nVelocidad de Impresi\u00f3n:<br \/>\nSimplex: Negro 33 ppm y color<br \/>\n15 ppm (borrador, A4\/carta)\u00b9<br \/>\nTiempo de salida de la primera<br \/>\np\u00e1gina:<br \/>\n10 segundos blanco y negro \/ 16<br \/>\nsegundos color\u00b3<\/p>\n","protected":false},"excerpt":{"rendered":"<p>Tecnolog\u00eda de Impresi\u00f3n: Inyecci\u00f3n de tinta Heat-Free\u2122 Micro Piezo de 4 colores (CMYK) Resoluci\u00f3n M\u00e1xima de Impresi\u00f3n: Hasta 5.760 dpi x 1.440 dpi de resoluci\u00f3n optimizada en varios tipos de papel Velocidad de Impresi\u00f3n ISO: Simplex: Negro 10,5 ppm y color 5 ppm (simplex, A4\/carta)\u00b2 Velocidad de Impresi\u00f3n: Simplex: Negro 33 ppm y color 15 [&hellip;]<\/p>\n","protected":false},"featured_media":560,"comment_status":"open","ping_status":"closed","template":"","meta":[],"product_brand":[],"product_cat":[36,31],"product_tag":[],"class_list":{"0":"post-559","1":"product","2":"type-product","3":"status-publish","4":"has-post-thumbnail","6":"product_cat-impresoras","7":"product_cat-tecnologia","9":"first","10":"instock","11":"shipping-taxable","12":"product-type-simple"},"aioseo_notices":[],"jetpack_sharing_enabled":true,"_links":{"self":[{"href":"https:\/\/disar-ec.com\/index.php\/wp-json\/wp\/v2\/product\/559","targetHints":{"allow":["GET"]}}],"collection":[{"href":"https:\/\/disar-ec.com\/index.php\/wp-json\/wp\/v2\/product"}],"about":[{"href":"https:\/\/disar-ec.com\/index.php\/wp-json\/wp\/v2\/types\/product"}],"replies":[{"embeddable":true,"href":"https:\/\/disar-ec.com\/index.php\/wp-json\/wp\/v2\/comments?post=559"}],"wp:featuredmedia":[{"embeddable":true,"href":"https:\/\/disar-ec.com\/index.php\/wp-json\/wp\/v2\/media\/560"}],"wp:attachment":[{"href":"https:\/\/disar-ec.com\/index.php\/wp-json\/wp\/v2\/media?parent=559"}],"wp:term":[{"taxonomy":"product_brand","embeddable":true,"href":"https:\/\/disar-ec.com\/index.php\/wp-json\/wp\/v2\/product_brand?post=559"},{"taxonomy":"product_cat","embeddable":true,"href":"https:\/\/disar-ec.com\/index.php\/wp-json\/wp\/v2\/product_cat?post=559"},{"taxonomy":"product_tag","embeddable":true,"href":"https:\/\/disar-ec.com\/index.php\/wp-json\/wp\/v2\/product_tag?post=559"}],"curies":[{"name":"wp","href":"https:\/\/api.w.org\/{rel}","templated":true}]}}