{"id":557,"date":"2025-12-24T15:46:33","date_gmt":"2025-12-24T20:46:33","guid":{"rendered":"https:\/\/disar-ec.com\/?post_type=product&#038;p=557"},"modified":"2025-12-24T15:46:33","modified_gmt":"2025-12-24T20:46:33","slug":"starlink-sistema-wifi-de-doble-banda","status":"publish","type":"product","link":"https:\/\/disar-ec.com\/index.php\/producto\/starlink-sistema-wifi-de-doble-banda\/","title":{"rendered":"STARLINK SISTEMA WIFI DE DOBLE BANDA"},"content":{"rendered":"<p>Consumo de energ\u00eda promedio de 25-40W<br \/>\nCobertura hasta 297 m2<br \/>\nSeguridad de WPA2<br \/>\nCable de alimentaci\u00f3n CC de 15m<br \/>\nCampo de visi\u00f3n de 110 grados<br \/>\nTecnolog\u00eda wifi 802.11<br \/>\n1 puerto Ethernet LAN<br \/>\nFuente de alimentaci\u00f3n<br \/>\ny enchufe<\/p>\n","protected":false},"excerpt":{"rendered":"<p>Consumo de energ\u00eda promedio de 25-40W Cobertura hasta 297 m2 Seguridad de WPA2 Cable de alimentaci\u00f3n CC de 15m Campo de visi\u00f3n de 110 grados Tecnolog\u00eda wifi 802.11 1 puerto Ethernet LAN Fuente de alimentaci\u00f3n y enchufe<\/p>\n","protected":false},"featured_media":558,"comment_status":"open","ping_status":"closed","template":"","meta":[],"product_brand":[],"product_cat":[31],"product_tag":[],"class_list":{"0":"post-557","1":"product","2":"type-product","3":"status-publish","4":"has-post-thumbnail","6":"product_cat-tecnologia","8":"first","9":"instock","10":"shipping-taxable","11":"product-type-simple"},"aioseo_notices":[],"jetpack_sharing_enabled":true,"_links":{"self":[{"href":"https:\/\/disar-ec.com\/index.php\/wp-json\/wp\/v2\/product\/557","targetHints":{"allow":["GET"]}}],"collection":[{"href":"https:\/\/disar-ec.com\/index.php\/wp-json\/wp\/v2\/product"}],"about":[{"href":"https:\/\/disar-ec.com\/index.php\/wp-json\/wp\/v2\/types\/product"}],"replies":[{"embeddable":true,"href":"https:\/\/disar-ec.com\/index.php\/wp-json\/wp\/v2\/comments?post=557"}],"wp:featuredmedia":[{"embeddable":true,"href":"https:\/\/disar-ec.com\/index.php\/wp-json\/wp\/v2\/media\/558"}],"wp:attachment":[{"href":"https:\/\/disar-ec.com\/index.php\/wp-json\/wp\/v2\/media?parent=557"}],"wp:term":[{"taxonomy":"product_brand","embeddable":true,"href":"https:\/\/disar-ec.com\/index.php\/wp-json\/wp\/v2\/product_brand?post=557"},{"taxonomy":"product_cat","embeddable":true,"href":"https:\/\/disar-ec.com\/index.php\/wp-json\/wp\/v2\/product_cat?post=557"},{"taxonomy":"product_tag","embeddable":true,"href":"https:\/\/disar-ec.com\/index.php\/wp-json\/wp\/v2\/product_tag?post=557"}],"curies":[{"name":"wp","href":"https:\/\/api.w.org\/{rel}","templated":true}]}}