{"id":555,"date":"2025-12-24T15:45:06","date_gmt":"2025-12-24T20:45:06","guid":{"rendered":"https:\/\/disar-ec.com\/?post_type=product&#038;p=555"},"modified":"2025-12-24T15:45:06","modified_gmt":"2025-12-24T20:45:06","slug":"laptop-hp-victus-15-fa2013dx","status":"publish","type":"product","link":"https:\/\/disar-ec.com\/index.php\/producto\/laptop-hp-victus-15-fa2013dx\/","title":{"rendered":"LAPTOP HP VICTUS 15-FA2013DX"},"content":{"rendered":"<p>Procesador: Intel Core i5 13420H<br \/>\nCapacidad de disco SSD: 512 GB<br \/>\nMemoria RAM: 8 GB<br \/>\nTeclado retroiluminado<br \/>\nCon pantalla t\u00e1ctil: No<br \/>\nResoluci\u00f3n de pantalla: 1920&#215;1080<br \/>\nGr\u00e1ficos dedicados GeForce RTX 3050<br \/>\n(6GB vRAM)<br \/>\nPantalla IPS Full HD<br \/>\nde 15.6\u2033 de 144Hz<\/p>\n","protected":false},"excerpt":{"rendered":"<p>Procesador: Intel Core i5 13420H Capacidad de disco SSD: 512 GB Memoria RAM: 8 GB Teclado retroiluminado Con pantalla t\u00e1ctil: No Resoluci\u00f3n de pantalla: 1920&#215;1080 Gr\u00e1ficos dedicados GeForce RTX 3050 (6GB vRAM) Pantalla IPS Full HD de 15.6\u2033 de 144Hz<\/p>\n","protected":false},"featured_media":556,"comment_status":"open","ping_status":"closed","template":"","meta":[],"product_brand":[],"product_cat":[35,31],"product_tag":[],"class_list":{"0":"post-555","1":"product","2":"type-product","3":"status-publish","4":"has-post-thumbnail","6":"product_cat-laptops","7":"product_cat-tecnologia","9":"first","10":"instock","11":"shipping-taxable","12":"product-type-simple"},"aioseo_notices":[],"jetpack_sharing_enabled":true,"_links":{"self":[{"href":"https:\/\/disar-ec.com\/index.php\/wp-json\/wp\/v2\/product\/555","targetHints":{"allow":["GET"]}}],"collection":[{"href":"https:\/\/disar-ec.com\/index.php\/wp-json\/wp\/v2\/product"}],"about":[{"href":"https:\/\/disar-ec.com\/index.php\/wp-json\/wp\/v2\/types\/product"}],"replies":[{"embeddable":true,"href":"https:\/\/disar-ec.com\/index.php\/wp-json\/wp\/v2\/comments?post=555"}],"wp:featuredmedia":[{"embeddable":true,"href":"https:\/\/disar-ec.com\/index.php\/wp-json\/wp\/v2\/media\/556"}],"wp:attachment":[{"href":"https:\/\/disar-ec.com\/index.php\/wp-json\/wp\/v2\/media?parent=555"}],"wp:term":[{"taxonomy":"product_brand","embeddable":true,"href":"https:\/\/disar-ec.com\/index.php\/wp-json\/wp\/v2\/product_brand?post=555"},{"taxonomy":"product_cat","embeddable":true,"href":"https:\/\/disar-ec.com\/index.php\/wp-json\/wp\/v2\/product_cat?post=555"},{"taxonomy":"product_tag","embeddable":true,"href":"https:\/\/disar-ec.com\/index.php\/wp-json\/wp\/v2\/product_tag?post=555"}],"curies":[{"name":"wp","href":"https:\/\/api.w.org\/{rel}","templated":true}]}}