{"id":551,"date":"2025-12-24T15:40:16","date_gmt":"2025-12-24T20:40:16","guid":{"rendered":"https:\/\/disar-ec.com\/?post_type=product&#038;p=551"},"modified":"2025-12-26T13:40:24","modified_gmt":"2025-12-26T18:40:24","slug":"acer-aspire-go","status":"publish","type":"product","link":"https:\/\/disar-ec.com\/index.php\/producto\/acer-aspire-go\/","title":{"rendered":"ACER ASPIRE GO"},"content":{"rendered":"<p>Pantalla: 15.6&#8243; FHD (1920&#215;1080) Acer ComfyView LED, dise\u00f1o ultradelgado<br \/>\nProcesador: Intel\u00ae Core\u2122 i3 N355<br \/>\nMemoria: 16 GB DDR5<br \/>\nAlmacenamiento: SSD 512 GB PCIe NVMe + 128 GB UFS<br \/>\nGr\u00e1ficos: Intel\u00ae Graphics integrados<br \/>\nAudio: Acer Purified.Voice con reducci\u00f3n de ruido IA<br \/>\ny micr\u00f3fonos duales<br \/>\nC\u00e1mara: HD 720p con reducci\u00f3n de ruido temporal<br \/>\nConectividad: Wi-Fi 6 (802.11ax), Bluetooth 5.1, HDMI, USB 3.2, 2\u00d7 USB-C (con DC-<br \/>\nIntel Core i5-1334U<br \/>\nIntel UHD Graphics (integrado)<br \/>\nMemoria RAM: 16GB DDR4-2666<br \/>\nAlmacenamiento: 512GB SSD PCIe NVMe<br \/>\nPantalla: 15.6\u2033 FHD (1920\u00d71080), WVA\/IPS, 120Hz, 250nits, antirreflejo<br \/>\nConectividad: Wi-Fi 6 (802.11ax) + Bluetooth 5.3<br \/>\nTeclado: No retroiluminado, con teclado num\u00e9rico<br \/>\nBater\u00eda: 41Wh, 3 celdas<\/p>\n","protected":false},"excerpt":{"rendered":"<p>Pantalla: 15.6&#8243; FHD (1920&#215;1080) Acer ComfyView LED, dise\u00f1o ultradelgado Procesador: Intel\u00ae Core\u2122 i3 N355 Memoria: 16 GB DDR5 Almacenamiento: SSD 512 GB PCIe NVMe + 128 GB UFS Gr\u00e1ficos: Intel\u00ae Graphics integrados Audio: Acer Purified.Voice con reducci\u00f3n de ruido IA y micr\u00f3fonos duales C\u00e1mara: HD 720p con reducci\u00f3n de ruido temporal Conectividad: Wi-Fi 6 (802.11ax), [&hellip;]<\/p>\n","protected":false},"featured_media":552,"comment_status":"open","ping_status":"closed","template":"","meta":[],"product_brand":[],"product_cat":[35,31],"product_tag":[],"class_list":{"0":"post-551","1":"product","2":"type-product","3":"status-publish","4":"has-post-thumbnail","6":"product_cat-laptops","7":"product_cat-tecnologia","9":"first","10":"instock","11":"shipping-taxable","12":"product-type-simple"},"aioseo_notices":[],"jetpack_sharing_enabled":true,"_links":{"self":[{"href":"https:\/\/disar-ec.com\/index.php\/wp-json\/wp\/v2\/product\/551","targetHints":{"allow":["GET"]}}],"collection":[{"href":"https:\/\/disar-ec.com\/index.php\/wp-json\/wp\/v2\/product"}],"about":[{"href":"https:\/\/disar-ec.com\/index.php\/wp-json\/wp\/v2\/types\/product"}],"replies":[{"embeddable":true,"href":"https:\/\/disar-ec.com\/index.php\/wp-json\/wp\/v2\/comments?post=551"}],"wp:featuredmedia":[{"embeddable":true,"href":"https:\/\/disar-ec.com\/index.php\/wp-json\/wp\/v2\/media\/552"}],"wp:attachment":[{"href":"https:\/\/disar-ec.com\/index.php\/wp-json\/wp\/v2\/media?parent=551"}],"wp:term":[{"taxonomy":"product_brand","embeddable":true,"href":"https:\/\/disar-ec.com\/index.php\/wp-json\/wp\/v2\/product_brand?post=551"},{"taxonomy":"product_cat","embeddable":true,"href":"https:\/\/disar-ec.com\/index.php\/wp-json\/wp\/v2\/product_cat?post=551"},{"taxonomy":"product_tag","embeddable":true,"href":"https:\/\/disar-ec.com\/index.php\/wp-json\/wp\/v2\/product_tag?post=551"}],"curies":[{"name":"wp","href":"https:\/\/api.w.org\/{rel}","templated":true}]}}