{"id":549,"date":"2025-12-24T15:38:40","date_gmt":"2025-12-24T20:38:40","guid":{"rendered":"https:\/\/disar-ec.com\/?post_type=product&#038;p=549"},"modified":"2025-12-24T15:38:41","modified_gmt":"2025-12-24T20:38:41","slug":"impresora-epson-l3250","status":"publish","type":"product","link":"https:\/\/disar-ec.com\/index.php\/producto\/impresora-epson-l3250\/","title":{"rendered":"IMPRESORA EPSON L3250"},"content":{"rendered":"<p><strong>Tecnolog\u00eda de Impresi\u00f3n:<\/strong><\/p>\n<p>Inyecci\u00f3n de tinta Heat-FreeTM Micro Piezo de 4 colores (CMYK)<br \/>\nResoluci\u00f3n M\u00e1xima de Impresi\u00f3n:<br \/>\nHasta 5.760 dpi x 1.440 dpi<br \/>\nVelocidad de Impresi\u00f3n ISO:<br \/>\nNegro 10 ppm y color 5 ppm (A4\/carta)\u00b2<br \/>\nVelocidad de Impresi\u00f3n:<br \/>\nNegro 33 ppm y color 15 ppm<br \/>\n(borrador, A4\/carta)\u00b9<\/p>\n","protected":false},"excerpt":{"rendered":"<p>Tecnolog\u00eda de Impresi\u00f3n: Inyecci\u00f3n de tinta Heat-FreeTM Micro Piezo de 4 colores (CMYK) Resoluci\u00f3n M\u00e1xima de Impresi\u00f3n: Hasta 5.760 dpi x 1.440 dpi Velocidad de Impresi\u00f3n ISO: Negro 10 ppm y color 5 ppm (A4\/carta)\u00b2 Velocidad de Impresi\u00f3n: Negro 33 ppm y color 15 ppm (borrador, A4\/carta)\u00b9<\/p>\n","protected":false},"featured_media":550,"comment_status":"open","ping_status":"closed","template":"","meta":[],"product_brand":[],"product_cat":[36,31],"product_tag":[],"class_list":{"0":"post-549","1":"product","2":"type-product","3":"status-publish","4":"has-post-thumbnail","6":"product_cat-impresoras","7":"product_cat-tecnologia","9":"first","10":"instock","11":"shipping-taxable","12":"product-type-simple"},"aioseo_notices":[],"jetpack_sharing_enabled":true,"_links":{"self":[{"href":"https:\/\/disar-ec.com\/index.php\/wp-json\/wp\/v2\/product\/549","targetHints":{"allow":["GET"]}}],"collection":[{"href":"https:\/\/disar-ec.com\/index.php\/wp-json\/wp\/v2\/product"}],"about":[{"href":"https:\/\/disar-ec.com\/index.php\/wp-json\/wp\/v2\/types\/product"}],"replies":[{"embeddable":true,"href":"https:\/\/disar-ec.com\/index.php\/wp-json\/wp\/v2\/comments?post=549"}],"wp:featuredmedia":[{"embeddable":true,"href":"https:\/\/disar-ec.com\/index.php\/wp-json\/wp\/v2\/media\/550"}],"wp:attachment":[{"href":"https:\/\/disar-ec.com\/index.php\/wp-json\/wp\/v2\/media?parent=549"}],"wp:term":[{"taxonomy":"product_brand","embeddable":true,"href":"https:\/\/disar-ec.com\/index.php\/wp-json\/wp\/v2\/product_brand?post=549"},{"taxonomy":"product_cat","embeddable":true,"href":"https:\/\/disar-ec.com\/index.php\/wp-json\/wp\/v2\/product_cat?post=549"},{"taxonomy":"product_tag","embeddable":true,"href":"https:\/\/disar-ec.com\/index.php\/wp-json\/wp\/v2\/product_tag?post=549"}],"curies":[{"name":"wp","href":"https:\/\/api.w.org\/{rel}","templated":true}]}}