{"id":325,"date":"2023-07-25T15:13:32","date_gmt":"2023-07-25T15:13:32","guid":{"rendered":"https:\/\/disar-ec.com\/?post_type=product&#038;p=325"},"modified":"2023-07-25T15:15:00","modified_gmt":"2023-07-25T15:15:00","slug":"impresora-brother-520","status":"publish","type":"product","link":"https:\/\/disar-ec.com\/index.php\/producto\/impresora-brother-520\/","title":{"rendered":"Impresora Brother 520"},"content":{"rendered":"<ul>\n<li>Impresi\u00f3n econ\u00f3mica para los documentos y fotograf\u00edas del hogar o la oficina peque\u00f1a.<\/li>\n<li><b><\/b>Bajo costo de impresi\u00f3n con las 2 botellas de tinta negra de ultra alto rendimiento incluidas, con un total de hasta 15.000 p\u00e1ginas, y con las botellas de tinta a color de hasta 5.000 p\u00e1ginas.\u2021<\/li>\n<li><b><\/b>Velocidades de impresi\u00f3n r\u00e1pidas de hasta 30 ppm en negro y 12 ppm a color (MODO ECO) y hasta 17 ipm en negro y 9 ipm a color (ISO\/IEC 24734).\u2021<\/li>\n<li><b><\/b>Conectividad inal\u00e1mbrica e impresi\u00f3n y escaneado m\u00f3vil para trabajar mediante computadoras, port\u00e1tiles, smartphones o tablets.\u2021<\/li>\n<\/ul>\n","protected":false},"excerpt":{"rendered":"<p>Impresi\u00f3n econ\u00f3mica para los documentos y fotograf\u00edas del hogar o la oficina peque\u00f1a. Bajo costo de impresi\u00f3n con las 2 botellas de tinta negra de ultra alto rendimiento incluidas, con un total de hasta 15.000 p\u00e1ginas, y con las botellas de tinta a color de hasta 5.000 p\u00e1ginas.\u2021 Velocidades de impresi\u00f3n r\u00e1pidas de hasta 30 [&hellip;]<\/p>\n","protected":false},"featured_media":326,"comment_status":"open","ping_status":"closed","template":"","meta":[],"product_brand":[],"product_cat":[31],"product_tag":[],"class_list":{"0":"post-325","1":"product","2":"type-product","3":"status-publish","4":"has-post-thumbnail","6":"product_cat-tecnologia","8":"first","9":"instock","10":"shipping-taxable","11":"product-type-simple"},"aioseo_notices":[],"jetpack_sharing_enabled":true,"_links":{"self":[{"href":"https:\/\/disar-ec.com\/index.php\/wp-json\/wp\/v2\/product\/325","targetHints":{"allow":["GET"]}}],"collection":[{"href":"https:\/\/disar-ec.com\/index.php\/wp-json\/wp\/v2\/product"}],"about":[{"href":"https:\/\/disar-ec.com\/index.php\/wp-json\/wp\/v2\/types\/product"}],"replies":[{"embeddable":true,"href":"https:\/\/disar-ec.com\/index.php\/wp-json\/wp\/v2\/comments?post=325"}],"wp:featuredmedia":[{"embeddable":true,"href":"https:\/\/disar-ec.com\/index.php\/wp-json\/wp\/v2\/media\/326"}],"wp:attachment":[{"href":"https:\/\/disar-ec.com\/index.php\/wp-json\/wp\/v2\/media?parent=325"}],"wp:term":[{"taxonomy":"product_brand","embeddable":true,"href":"https:\/\/disar-ec.com\/index.php\/wp-json\/wp\/v2\/product_brand?post=325"},{"taxonomy":"product_cat","embeddable":true,"href":"https:\/\/disar-ec.com\/index.php\/wp-json\/wp\/v2\/product_cat?post=325"},{"taxonomy":"product_tag","embeddable":true,"href":"https:\/\/disar-ec.com\/index.php\/wp-json\/wp\/v2\/product_tag?post=325"}],"curies":[{"name":"wp","href":"https:\/\/api.w.org\/{rel}","templated":true}]}}