{"id":268,"date":"2023-07-14T18:00:50","date_gmt":"2023-07-14T18:00:50","guid":{"rendered":"https:\/\/disar-ec.com\/?post_type=product&#038;p=268"},"modified":"2023-07-14T18:23:01","modified_gmt":"2023-07-14T18:23:01","slug":"celular-xiaomi-redmi-note-12","status":"publish","type":"product","link":"https:\/\/disar-ec.com\/index.php\/producto\/celular-xiaomi-redmi-note-12\/","title":{"rendered":"Celular Xiaomi Redmi Note 12"},"content":{"rendered":"<p>Pantalla AMOLED de 6,7\u2019\u2019. Resoluci\u00f3n 2400 x 1080 p\u00edxeles, (395 ppi).<br \/>\nProcesador: Snapdragon 685 (6 nm).<br \/>\nSistema operativo: MIUI 14 based on Android 13.<br \/>\nRAM 4 GB.<br \/>\nAlmacenamiento 128 GB.<br \/>\nC\u00e1mara trasera: 50 MP, Samsung JN1, f\/1.8 (principal) + 8 MP, f\/2.2, 120\u02da (ultrawide) + 2 MP, f\/2.4, (macro).<br \/>\nC\u00e1mara frontal: 13 MP, f\/2.45, 1\/3.0&#8243;.<br \/>\nBater\u00eda 5000 mAh, no extra\u00edble.<br \/>\nConectividad: 4G, WiFi 802.11a\/b\/g\/n\/ac, Bluetooth 5.0, GPS: L1, GLONASS: G1, Compass: B1, Galileo E1.<br \/>\nSensores: Lector de huellas, desbloqueo facial, proximidad, luz ambiental, aceler\u00f3metro, br\u00fajula electr\u00f3nica, Blaster IR y giroscopio.<br \/>\nCertificaci\u00f3n IP53: Resistente al polvo y salpicaduras de agua.<\/p>\n","protected":false},"excerpt":{"rendered":"<p>Pantalla AMOLED de 6,7\u2019\u2019. Resoluci\u00f3n 2400 x 1080 p\u00edxeles, (395 ppi). Procesador: Snapdragon 685 (6 nm). Sistema operativo: MIUI 14 based on Android 13. RAM 4 GB. Almacenamiento 128 GB. C\u00e1mara trasera: 50 MP, Samsung JN1, f\/1.8 (principal) + 8 MP, f\/2.2, 120\u02da (ultrawide) + 2 MP, f\/2.4, (macro). C\u00e1mara frontal: 13 MP, f\/2.45, 1\/3.0&#8243;. [&hellip;]<\/p>\n","protected":false},"featured_media":269,"comment_status":"open","ping_status":"closed","template":"","meta":[],"product_brand":[],"product_cat":[31],"product_tag":[],"class_list":{"0":"post-268","1":"product","2":"type-product","3":"status-publish","4":"has-post-thumbnail","6":"product_cat-tecnologia","8":"first","9":"instock","10":"shipping-taxable","11":"product-type-simple"},"aioseo_notices":[],"jetpack_sharing_enabled":true,"_links":{"self":[{"href":"https:\/\/disar-ec.com\/index.php\/wp-json\/wp\/v2\/product\/268","targetHints":{"allow":["GET"]}}],"collection":[{"href":"https:\/\/disar-ec.com\/index.php\/wp-json\/wp\/v2\/product"}],"about":[{"href":"https:\/\/disar-ec.com\/index.php\/wp-json\/wp\/v2\/types\/product"}],"replies":[{"embeddable":true,"href":"https:\/\/disar-ec.com\/index.php\/wp-json\/wp\/v2\/comments?post=268"}],"wp:featuredmedia":[{"embeddable":true,"href":"https:\/\/disar-ec.com\/index.php\/wp-json\/wp\/v2\/media\/269"}],"wp:attachment":[{"href":"https:\/\/disar-ec.com\/index.php\/wp-json\/wp\/v2\/media?parent=268"}],"wp:term":[{"taxonomy":"product_brand","embeddable":true,"href":"https:\/\/disar-ec.com\/index.php\/wp-json\/wp\/v2\/product_brand?post=268"},{"taxonomy":"product_cat","embeddable":true,"href":"https:\/\/disar-ec.com\/index.php\/wp-json\/wp\/v2\/product_cat?post=268"},{"taxonomy":"product_tag","embeddable":true,"href":"https:\/\/disar-ec.com\/index.php\/wp-json\/wp\/v2\/product_tag?post=268"}],"curies":[{"name":"wp","href":"https:\/\/api.w.org\/{rel}","templated":true}]}}