{"id":266,"date":"2023-07-14T17:58:51","date_gmt":"2023-07-14T17:58:51","guid":{"rendered":"https:\/\/disar-ec.com\/?post_type=product&#038;p=266"},"modified":"2023-07-14T18:23:16","modified_gmt":"2023-07-14T18:23:16","slug":"celular-xiaomi-redmi-note-11","status":"publish","type":"product","link":"https:\/\/disar-ec.com\/index.php\/producto\/celular-xiaomi-redmi-note-11\/","title":{"rendered":"Celular Xiaomi Redmi Note 11"},"content":{"rendered":"<ul style=\"font-weight: 400\">\n<li>Dimensiones: 159,87 x 73,87 x 8,09 mm<\/li>\n<li>Peso: 179 g<\/li>\n<li>Almacenamiento: 4GB + 128GB. Expandible hasta 1TB.<\/li>\n<li>Procesador: Snapdragon\u00ae 680<\/li>\n<li>CPU: 8 n\u00facleos, hasta 2,4 GHz<\/li>\n<li>GPU: Qualcomm\u00ae Adreno\u2122 610<\/li>\n<li>Pantalla AMOLED FHD+ DotDisplay de 6,43&#8243;<\/li>\n<li>Tasa de refresco: Hasta 90 Hz<\/li>\n<li>Tasa de muestreo t\u00e1ctil: Hasta 180 Hz<\/li>\n<li>Brillo: Modo de alto brillo: 700 nits (t\u00edp.); brillo m\u00e1ximo: 1000 nits (t\u00edp.)<\/li>\n<li>Resoluci\u00f3n: 2400 x 1080<\/li>\n<li>C\u00e1mara principal de 50 MP + 8MP + 2 MP + 2 MP<\/li>\n<li>C\u00e1mara frontal de 13 MP<\/li>\n<li>Bater\u00eda de 5000 mAh (t\u00edp.) con carga r\u00e1pida Pro de 33 W<\/li>\n<li>Desbloqueo: Sensor de huella dactilar lateral y desbloqueo facial por IA<\/li>\n<li>Red y conectividad: SIM dual + microSD | Bluetooth 5.0<\/li>\n<li>Navegaci\u00f3n y posicionamiento: GPS L1 | Glonass G1 | BDS B1 | Galileo E1<\/li>\n<li>Audio: Dos altavoces con conector para auriculares de 3,5 mm<\/li>\n<li>Sensores: Sensor de proximidad | Sensor de luz ambiental | Aceler\u00f3metro | Br\u00fajula electr\u00f3nica | Emisor de infrarrojos | Giroscopio<\/li>\n<li>Sistema operativo: MIUI 13 basado en Android 11<\/li>\n<li>Contenido del paquete: Redmi Note 11 | Adaptador | Cable USB tipo C | Extractor de SIM | Funda protectora | Gu\u00eda de inicio r\u00e1pido | Tarjeta de garant\u00eda<\/li>\n<\/ul>\n","protected":false},"excerpt":{"rendered":"<p>Dimensiones: 159,87 x 73,87 x 8,09 mm Peso: 179 g Almacenamiento: 4GB + 128GB. Expandible hasta 1TB. Procesador: Snapdragon\u00ae 680 CPU: 8 n\u00facleos, hasta 2,4 GHz GPU: Qualcomm\u00ae Adreno\u2122 610 Pantalla AMOLED FHD+ DotDisplay de 6,43&#8243; Tasa de refresco: Hasta 90 Hz Tasa de muestreo t\u00e1ctil: Hasta 180 Hz Brillo: Modo de alto brillo: 700 [&hellip;]<\/p>\n","protected":false},"featured_media":267,"comment_status":"open","ping_status":"closed","template":"","meta":[],"product_brand":[],"product_cat":[31],"product_tag":[],"class_list":{"0":"post-266","1":"product","2":"type-product","3":"status-publish","4":"has-post-thumbnail","6":"product_cat-tecnologia","8":"first","9":"instock","10":"shipping-taxable","11":"product-type-simple"},"aioseo_notices":[],"jetpack_sharing_enabled":true,"_links":{"self":[{"href":"https:\/\/disar-ec.com\/index.php\/wp-json\/wp\/v2\/product\/266","targetHints":{"allow":["GET"]}}],"collection":[{"href":"https:\/\/disar-ec.com\/index.php\/wp-json\/wp\/v2\/product"}],"about":[{"href":"https:\/\/disar-ec.com\/index.php\/wp-json\/wp\/v2\/types\/product"}],"replies":[{"embeddable":true,"href":"https:\/\/disar-ec.com\/index.php\/wp-json\/wp\/v2\/comments?post=266"}],"wp:featuredmedia":[{"embeddable":true,"href":"https:\/\/disar-ec.com\/index.php\/wp-json\/wp\/v2\/media\/267"}],"wp:attachment":[{"href":"https:\/\/disar-ec.com\/index.php\/wp-json\/wp\/v2\/media?parent=266"}],"wp:term":[{"taxonomy":"product_brand","embeddable":true,"href":"https:\/\/disar-ec.com\/index.php\/wp-json\/wp\/v2\/product_brand?post=266"},{"taxonomy":"product_cat","embeddable":true,"href":"https:\/\/disar-ec.com\/index.php\/wp-json\/wp\/v2\/product_cat?post=266"},{"taxonomy":"product_tag","embeddable":true,"href":"https:\/\/disar-ec.com\/index.php\/wp-json\/wp\/v2\/product_tag?post=266"}],"curies":[{"name":"wp","href":"https:\/\/api.w.org\/{rel}","templated":true}]}}