{"id":264,"date":"2023-07-14T17:55:07","date_gmt":"2023-07-14T17:55:07","guid":{"rendered":"https:\/\/disar-ec.com\/?post_type=product&#038;p=264"},"modified":"2023-07-14T18:23:54","modified_gmt":"2023-07-14T18:23:54","slug":"celular-samsung-galaxy-a13","status":"publish","type":"product","link":"https:\/\/disar-ec.com\/index.php\/producto\/celular-samsung-galaxy-a13\/","title":{"rendered":"Celular Samsung Galaxy A13"},"content":{"rendered":"<div>\n<div>\n<h6>Pantalla<\/h6>\n<p>Tama\u00f1o 6.6&#8243;<\/p>\n<\/div>\n<\/div>\n<div>\n<div><\/div>\n<div>\n<h6>Conectividad<\/h6>\n<p>2G \/ 3G \/ 4G LTE<br \/>\nGPS \/ GPRS<br \/>\nA-GPS<br \/>\nEDGE<br \/>\nAcceso a web<br \/>\nSMS \/ MMS<br \/>\nExchange,POP3\/IMAP4<br \/>\nHotspot\/modem<br \/>\nBluetooth<br \/>\nWiFi<br \/>\nModem Integrado<\/p>\n<\/div>\n<\/div>\n<div>\n<div><\/div>\n<div>\n<h6>C\u00e1mara<\/h6>\n<p>C\u00e1mara Principal: 50 MP + 5 MP + 2 MP + 2 MP<br \/>\nC\u00e1mara Frontal: 8 MP<\/p>\n<\/div>\n<\/div>\n<div>\n<div><\/div>\n<div>\n<h6>Multimedia<\/h6>\n<p>Reproductor de m\u00fasica<br \/>\nReproductor de video Radio FM<\/p>\n<\/div>\n<\/div>\n<div>\n<div><\/div>\n<div>\n<h6>Memoria Interna<\/h6>\n<p>Almacenamiento: 64GB<br \/>\nRAM: 4GB<\/p>\n<\/div>\n<\/div>\n<div>\n<div><\/div>\n<div>\n<h6>Procesador<\/h6>\n<p>Octa Core 2GHz<\/p>\n<\/div>\n<\/div>\n<div>\n<div><\/div>\n<div>\n<h6>Bater\u00eda<\/h6>\n<p>5000 mAh<\/p>\n<\/div>\n<\/div>\n","protected":false},"excerpt":{"rendered":"<p>Pantalla Tama\u00f1o 6.6&#8243; Conectividad 2G \/ 3G \/ 4G LTE GPS \/ GPRS A-GPS EDGE Acceso a web SMS \/ MMS Exchange,POP3\/IMAP4 Hotspot\/modem Bluetooth WiFi Modem Integrado C\u00e1mara C\u00e1mara Principal: 50 MP + 5 MP + 2 MP + 2 MP C\u00e1mara Frontal: 8 MP Multimedia Reproductor de m\u00fasica Reproductor de video Radio FM Memoria [&hellip;]<\/p>\n","protected":false},"featured_media":265,"comment_status":"open","ping_status":"closed","template":"","meta":[],"product_brand":[],"product_cat":[31],"product_tag":[],"class_list":{"0":"post-264","1":"product","2":"type-product","3":"status-publish","4":"has-post-thumbnail","6":"product_cat-tecnologia","8":"first","9":"instock","10":"shipping-taxable","11":"product-type-simple"},"aioseo_notices":[],"jetpack_sharing_enabled":true,"_links":{"self":[{"href":"https:\/\/disar-ec.com\/index.php\/wp-json\/wp\/v2\/product\/264","targetHints":{"allow":["GET"]}}],"collection":[{"href":"https:\/\/disar-ec.com\/index.php\/wp-json\/wp\/v2\/product"}],"about":[{"href":"https:\/\/disar-ec.com\/index.php\/wp-json\/wp\/v2\/types\/product"}],"replies":[{"embeddable":true,"href":"https:\/\/disar-ec.com\/index.php\/wp-json\/wp\/v2\/comments?post=264"}],"wp:featuredmedia":[{"embeddable":true,"href":"https:\/\/disar-ec.com\/index.php\/wp-json\/wp\/v2\/media\/265"}],"wp:attachment":[{"href":"https:\/\/disar-ec.com\/index.php\/wp-json\/wp\/v2\/media?parent=264"}],"wp:term":[{"taxonomy":"product_brand","embeddable":true,"href":"https:\/\/disar-ec.com\/index.php\/wp-json\/wp\/v2\/product_brand?post=264"},{"taxonomy":"product_cat","embeddable":true,"href":"https:\/\/disar-ec.com\/index.php\/wp-json\/wp\/v2\/product_cat?post=264"},{"taxonomy":"product_tag","embeddable":true,"href":"https:\/\/disar-ec.com\/index.php\/wp-json\/wp\/v2\/product_tag?post=264"}],"curies":[{"name":"wp","href":"https:\/\/api.w.org\/{rel}","templated":true}]}}