{"id":262,"date":"2023-07-14T17:51:26","date_gmt":"2023-07-14T17:51:26","guid":{"rendered":"https:\/\/disar-ec.com\/?post_type=product&#038;p=262"},"modified":"2023-07-14T18:24:09","modified_gmt":"2023-07-14T18:24:09","slug":"celular-samsung-galaxy-a04s","status":"publish","type":"product","link":"https:\/\/disar-ec.com\/index.php\/producto\/celular-samsung-galaxy-a04s\/","title":{"rendered":"Celular Samsung Galaxy A04S"},"content":{"rendered":"<table class=\"tabla-datos\">\n<tbody>\n<tr>\n<th>\n<p data-mrf-recirculation=\"Article links\">PANTALLA<\/p>\n<\/th>\n<td>\n<p data-mrf-recirculation=\"Article links\">LCD de 6,5 pulgadas<br \/>\nResoluci\u00f3n HD+<br \/>\nRefresco de 90 Hz<\/p>\n<\/td>\n<\/tr>\n<tr>\n<th>\n<p data-mrf-recirculation=\"Article links\">PROCESADOR<\/p>\n<\/th>\n<td>\n<p data-mrf-recirculation=\"Article links\">Ocho n\u00facleos a 2 GHz<\/p>\n<\/td>\n<\/tr>\n<tr>\n<th>\n<p data-mrf-recirculation=\"Article links\">VERSIONES<\/p>\n<\/th>\n<td>\n<p data-mrf-recirculation=\"Article links\">3GB\/32GB<br \/>\nMicroSD<\/p>\n<\/td>\n<\/tr>\n<tr>\n<th>\n<p data-mrf-recirculation=\"Article links\">C\u00c1MARA FRONTAL<\/p>\n<\/th>\n<td>\n<p data-mrf-recirculation=\"Article links\">5 megap\u00edxeles<\/p>\n<\/td>\n<\/tr>\n<tr>\n<th>\n<p data-mrf-recirculation=\"Article links\">C\u00c1MARA TRASERA<\/p>\n<\/th>\n<td>\n<p data-mrf-recirculation=\"Article links\">Principal: 50 megap\u00edxeles f\/1.8<br \/>\nMacro: 2 megap\u00edxeles f\/2.4<br \/>\nProfundidad: 2 megap\u00edxeles f\/2.4<\/p>\n<\/td>\n<\/tr>\n<tr>\n<th>\n<p data-mrf-recirculation=\"Article links\">BATER\u00cdA<\/p>\n<\/th>\n<td>\n<p data-mrf-recirculation=\"Article links\">5.000 mAh<\/p>\n<\/td>\n<\/tr>\n<tr>\n<th>\n<p data-mrf-recirculation=\"Article links\">SISTEMA OPERATIVO<\/p>\n<\/th>\n<td>\n<p data-mrf-recirculation=\"Article links\">Android 12<br \/>\nOne UI Core 4.1<\/p>\n<\/td>\n<\/tr>\n<tr>\n<th>\n<p data-mrf-recirculation=\"Article links\">CONECTIVIDAD<\/p>\n<\/th>\n<td>\n<p data-mrf-recirculation=\"Article links\">4G<br \/>\nWiFi 5<br \/>\nBluetooth 5.0<br \/>\nGPS<br \/>\nConector de auriculares<br \/>\nNFC<br \/>\nUSB tipo C<\/p>\n<\/td>\n<\/tr>\n<tr>\n<th>\n<p data-mrf-recirculation=\"Article links\">DIMENSIONES Y PESO<\/p>\n<\/th>\n<td>\n<p data-mrf-recirculation=\"Article links\">164,7 x 76,7 x 9,1 mil\u00edmetros<br \/>\n195 gramos<\/p>\n<\/td>\n<\/tr>\n<tr>\n<th>\n<p data-mrf-recirculation=\"Article links\">OTROS<\/p>\n<\/th>\n<td>\n<p data-mrf-recirculation=\"Article links\">Lector de huellas lateral<\/p>\n<\/td>\n<\/tr>\n<\/tbody>\n<\/table>\n","protected":false},"excerpt":{"rendered":"<p>PANTALLA LCD de 6,5 pulgadas Resoluci\u00f3n HD+ Refresco de 90 Hz PROCESADOR Ocho n\u00facleos a 2 GHz VERSIONES 3GB\/32GB MicroSD C\u00c1MARA FRONTAL 5 megap\u00edxeles C\u00c1MARA TRASERA Principal: 50 megap\u00edxeles f\/1.8 Macro: 2 megap\u00edxeles f\/2.4 Profundidad: 2 megap\u00edxeles f\/2.4 BATER\u00cdA 5.000 mAh SISTEMA OPERATIVO Android 12 One UI Core 4.1 CONECTIVIDAD 4G WiFi 5 Bluetooth 5.0 [&hellip;]<\/p>\n","protected":false},"featured_media":263,"comment_status":"open","ping_status":"closed","template":"","meta":[],"product_brand":[],"product_cat":[31],"product_tag":[],"class_list":{"0":"post-262","1":"product","2":"type-product","3":"status-publish","4":"has-post-thumbnail","6":"product_cat-tecnologia","8":"first","9":"instock","10":"shipping-taxable","11":"product-type-simple"},"aioseo_notices":[],"jetpack_sharing_enabled":true,"_links":{"self":[{"href":"https:\/\/disar-ec.com\/index.php\/wp-json\/wp\/v2\/product\/262","targetHints":{"allow":["GET"]}}],"collection":[{"href":"https:\/\/disar-ec.com\/index.php\/wp-json\/wp\/v2\/product"}],"about":[{"href":"https:\/\/disar-ec.com\/index.php\/wp-json\/wp\/v2\/types\/product"}],"replies":[{"embeddable":true,"href":"https:\/\/disar-ec.com\/index.php\/wp-json\/wp\/v2\/comments?post=262"}],"wp:featuredmedia":[{"embeddable":true,"href":"https:\/\/disar-ec.com\/index.php\/wp-json\/wp\/v2\/media\/263"}],"wp:attachment":[{"href":"https:\/\/disar-ec.com\/index.php\/wp-json\/wp\/v2\/media?parent=262"}],"wp:term":[{"taxonomy":"product_brand","embeddable":true,"href":"https:\/\/disar-ec.com\/index.php\/wp-json\/wp\/v2\/product_brand?post=262"},{"taxonomy":"product_cat","embeddable":true,"href":"https:\/\/disar-ec.com\/index.php\/wp-json\/wp\/v2\/product_cat?post=262"},{"taxonomy":"product_tag","embeddable":true,"href":"https:\/\/disar-ec.com\/index.php\/wp-json\/wp\/v2\/product_tag?post=262"}],"curies":[{"name":"wp","href":"https:\/\/api.w.org\/{rel}","templated":true}]}}