{"id":254,"date":"2023-07-13T16:42:05","date_gmt":"2023-07-13T16:42:05","guid":{"rendered":"https:\/\/disar-ec.com\/?post_type=product&#038;p=254"},"modified":"2023-07-14T18:24:54","modified_gmt":"2023-07-14T18:24:54","slug":"celular-honor-x7a","status":"publish","type":"product","link":"https:\/\/disar-ec.com\/index.php\/producto\/celular-honor-x7a\/","title":{"rendered":"Celular Honor X7A"},"content":{"rendered":"<div class=\"col-md-6 col-xs-12\">\n<ul class=\"fa-ul\">\n<li><span title=\"\" data-toggle=\"tooltip\" data-bs-original-title=\"Pantalla y resoluci\u00f3n\">Pantalla: 6.74 Full View<\/span><\/li>\n<li><span title=\"\" data-toggle=\"tooltip\" data-bs-original-title=\"Procesador\"><i class=\"fa-li fa fa-tachometer\"><\/i>Procesador: Procesadores octa-core<\/span><\/li>\n<li><span title=\"\" data-toggle=\"tooltip\" data-bs-original-title=\"Memoria RAM\"><i class=\"fa-li fa fa-memory\"><\/i>RAM: 6GB\u00a0<\/span><\/li>\n<li><span title=\"\" data-toggle=\"tooltip\" data-bs-original-title=\"Almacenamiento\"><i class=\"fa-li fa fa-hdd\"><\/i>Almacenamiento: 128GB<\/span><\/li>\n<li><span title=\"\" data-toggle=\"tooltip\" data-bs-original-title=\"Expansi\u00f3n de memoria\"><i class=\"fa-li fa fa-sd-card\"><\/i>Expansi\u00f3n: Hasta 1 TB<\/span><\/li>\n<\/ul>\n<\/div>\n<div class=\"col-md-6 col-xs-12\">\n<ul class=\"fa-ul\">\n<li><span title=\"\" data-toggle=\"tooltip\" data-bs-original-title=\"C\u00e1mara\"><i class=\"fa-li fa fa-camera\"><\/i>C\u00e1mara: C\u00e1mara Cu\u00e1druple Ultra N\u00edtida HD de 50MP (F1.8) + C\u00e1mara gran angular de 5MP (F2.2) + C\u00e1mara de profundidad de 2MP (F2.4) + C\u00e1mara macro de 2MP (F2.4)<\/span><\/li>\n<li><span title=\"\" data-toggle=\"tooltip\" data-bs-original-title=\"Bater\u00eda\"><i class=\"fa-li fa fa-battery-full\"><\/i>Bater\u00eda: 5330 mAh<\/span><\/li>\n<li>Magic UI 6.1 (basado en Android 12)<\/li>\n<li><span title=\"\" data-toggle=\"tooltip\" data-bs-original-title=\"Perfil\"><i class=\"fa-li fa fa-expand\"><\/i>Perfil: 8.27 mm<\/span><\/li>\n<\/ul>\n<\/div>\n","protected":false},"excerpt":{"rendered":"<p>Pantalla: 6.74 Full View Procesador: Procesadores octa-core RAM: 6GB\u00a0 Almacenamiento: 128GB Expansi\u00f3n: Hasta 1 TB C\u00e1mara: C\u00e1mara Cu\u00e1druple Ultra N\u00edtida HD de 50MP (F1.8) + C\u00e1mara gran angular de 5MP (F2.2) + C\u00e1mara de profundidad de 2MP (F2.4) + C\u00e1mara macro de 2MP (F2.4) Bater\u00eda: 5330 mAh Magic UI 6.1 (basado en Android 12) Perfil: [&hellip;]<\/p>\n","protected":false},"featured_media":255,"comment_status":"open","ping_status":"closed","template":"","meta":[],"product_brand":[],"product_cat":[31],"product_tag":[],"class_list":{"0":"post-254","1":"product","2":"type-product","3":"status-publish","4":"has-post-thumbnail","6":"product_cat-tecnologia","8":"first","9":"instock","10":"shipping-taxable","11":"product-type-simple"},"aioseo_notices":[],"jetpack_sharing_enabled":true,"_links":{"self":[{"href":"https:\/\/disar-ec.com\/index.php\/wp-json\/wp\/v2\/product\/254","targetHints":{"allow":["GET"]}}],"collection":[{"href":"https:\/\/disar-ec.com\/index.php\/wp-json\/wp\/v2\/product"}],"about":[{"href":"https:\/\/disar-ec.com\/index.php\/wp-json\/wp\/v2\/types\/product"}],"replies":[{"embeddable":true,"href":"https:\/\/disar-ec.com\/index.php\/wp-json\/wp\/v2\/comments?post=254"}],"wp:featuredmedia":[{"embeddable":true,"href":"https:\/\/disar-ec.com\/index.php\/wp-json\/wp\/v2\/media\/255"}],"wp:attachment":[{"href":"https:\/\/disar-ec.com\/index.php\/wp-json\/wp\/v2\/media?parent=254"}],"wp:term":[{"taxonomy":"product_brand","embeddable":true,"href":"https:\/\/disar-ec.com\/index.php\/wp-json\/wp\/v2\/product_brand?post=254"},{"taxonomy":"product_cat","embeddable":true,"href":"https:\/\/disar-ec.com\/index.php\/wp-json\/wp\/v2\/product_cat?post=254"},{"taxonomy":"product_tag","embeddable":true,"href":"https:\/\/disar-ec.com\/index.php\/wp-json\/wp\/v2\/product_tag?post=254"}],"curies":[{"name":"wp","href":"https:\/\/api.w.org\/{rel}","templated":true}]}}