{"id":241,"date":"2023-07-13T15:20:11","date_gmt":"2023-07-13T15:20:11","guid":{"rendered":"https:\/\/disar-ec.com\/?post_type=product&#038;p=241"},"modified":"2025-12-30T17:16:15","modified_gmt":"2025-12-30T22:16:15","slug":"ollas-kaisa-villa-mango-fino","status":"publish","type":"product","link":"https:\/\/disar-ec.com\/index.php\/producto\/ollas-kaisa-villa-mango-fino\/","title":{"rendered":"Ollas Kaisa Villa mango fino"},"content":{"rendered":"<p>&#8211; Ollas Fabricadas en acero inoxidable de alta calidad<br \/>\n&#8211; \u00daselas en cocinas a inducci\u00f3n, gas, el\u00e9ctricas o vitrocer\u00e1mica<br \/>\n&#8211; Antiadherente con revestimiento de m\u00e1rmol en el sart\u00e9n<br \/>\n&#8211; Tapas de vidrio templado con v\u00e1lvula de escape de vapor<br \/>\n&#8211; Aptas para lavavajillas<br \/>\n&#8211; Mangos y asas resistentes al calor<br \/>\n&#8211; Doble remache para m\u00e1xima durabilidad<\/p>\n<p>Incluye:<br \/>\n&#8211; Olla de 5.8 litros con tapa, 24 cm<br \/>\n&#8211; Olla de 3.4 litros con tapa, 20 cm<br \/>\n&#8211; Olla de 2.5 litros con tapa, 18 cm<br \/>\n&#8211; Olla de 1.9 litros con tapa, 16 cm<br \/>\n&#8211; Cacerola de 1.9 litros con tapa, 16 cm<br \/>\n&#8211; Sart\u00e9n antiadherente con tapa, 24 cm<\/p>\n","protected":false},"excerpt":{"rendered":"<p>&#8211; Ollas Fabricadas en acero inoxidable de alta calidad &#8211; \u00daselas en cocinas a inducci\u00f3n, gas, el\u00e9ctricas o vitrocer\u00e1mica &#8211; Antiadherente con revestimiento de m\u00e1rmol en el sart\u00e9n &#8211; Tapas de vidrio templado con v\u00e1lvula de escape de vapor &#8211; Aptas para lavavajillas &#8211; Mangos y asas resistentes al calor &#8211; Doble remache para m\u00e1xima [&hellip;]<\/p>\n","protected":false},"featured_media":243,"comment_status":"open","ping_status":"closed","template":"","meta":[],"product_brand":[],"product_cat":[22,23],"product_tag":[],"class_list":{"0":"post-241","1":"product","2":"type-product","3":"status-publish","4":"has-post-thumbnail","6":"product_cat-electrocomesticos","7":"product_cat-electrodomesticos-menores","9":"first","10":"instock","11":"shipping-taxable","12":"product-type-simple"},"aioseo_notices":[],"jetpack_sharing_enabled":true,"_links":{"self":[{"href":"https:\/\/disar-ec.com\/index.php\/wp-json\/wp\/v2\/product\/241","targetHints":{"allow":["GET"]}}],"collection":[{"href":"https:\/\/disar-ec.com\/index.php\/wp-json\/wp\/v2\/product"}],"about":[{"href":"https:\/\/disar-ec.com\/index.php\/wp-json\/wp\/v2\/types\/product"}],"replies":[{"embeddable":true,"href":"https:\/\/disar-ec.com\/index.php\/wp-json\/wp\/v2\/comments?post=241"}],"wp:featuredmedia":[{"embeddable":true,"href":"https:\/\/disar-ec.com\/index.php\/wp-json\/wp\/v2\/media\/243"}],"wp:attachment":[{"href":"https:\/\/disar-ec.com\/index.php\/wp-json\/wp\/v2\/media?parent=241"}],"wp:term":[{"taxonomy":"product_brand","embeddable":true,"href":"https:\/\/disar-ec.com\/index.php\/wp-json\/wp\/v2\/product_brand?post=241"},{"taxonomy":"product_cat","embeddable":true,"href":"https:\/\/disar-ec.com\/index.php\/wp-json\/wp\/v2\/product_cat?post=241"},{"taxonomy":"product_tag","embeddable":true,"href":"https:\/\/disar-ec.com\/index.php\/wp-json\/wp\/v2\/product_tag?post=241"}],"curies":[{"name":"wp","href":"https:\/\/api.w.org\/{rel}","templated":true}]}}