{"id":237,"date":"2023-07-13T14:09:19","date_gmt":"2023-07-13T14:09:19","guid":{"rendered":"https:\/\/disar-ec.com\/?post_type=product&#038;p=237"},"modified":"2023-07-17T14:12:42","modified_gmt":"2023-07-17T14:12:42","slug":"licuadora-bd-550w","status":"publish","type":"product","link":"https:\/\/disar-ec.com\/index.php\/producto\/licuadora-bd-550w\/","title":{"rendered":"Licuadora B&amp;D 550w"},"content":{"rendered":"<p>* Potencia 550 Watts<br \/>\n* 10 velocidades + funci\u00f3n de pulso<\/p>\n<p>* 4 Cuchillas de acero inoxidable son 2 veces m\u00e1s duraderas<br \/>\n* Dispositivo de bisagra para a\u00f1adir ingredientes<br \/>\n* Boquilla vertedora integrada<br \/>\n* Pies antideslizantes<br \/>\n* Apto para lavaplatos<br \/>\n* Guardacable<\/p>\n","protected":false},"excerpt":{"rendered":"<p>* Potencia 550 Watts * 10 velocidades + funci\u00f3n de pulso * 4 Cuchillas de acero inoxidable son 2 veces m\u00e1s duraderas * Dispositivo de bisagra para a\u00f1adir ingredientes * Boquilla vertedora integrada * Pies antideslizantes * Apto para lavaplatos * Guardacable<\/p>\n","protected":false},"featured_media":238,"comment_status":"open","ping_status":"closed","template":"","meta":[],"product_brand":[],"product_cat":[23],"product_tag":[],"class_list":{"0":"post-237","1":"product","2":"type-product","3":"status-publish","4":"has-post-thumbnail","6":"product_cat-electrodomesticos-menores","8":"first","9":"instock","10":"shipping-taxable","11":"product-type-simple"},"aioseo_notices":[],"jetpack_sharing_enabled":true,"_links":{"self":[{"href":"https:\/\/disar-ec.com\/index.php\/wp-json\/wp\/v2\/product\/237","targetHints":{"allow":["GET"]}}],"collection":[{"href":"https:\/\/disar-ec.com\/index.php\/wp-json\/wp\/v2\/product"}],"about":[{"href":"https:\/\/disar-ec.com\/index.php\/wp-json\/wp\/v2\/types\/product"}],"replies":[{"embeddable":true,"href":"https:\/\/disar-ec.com\/index.php\/wp-json\/wp\/v2\/comments?post=237"}],"wp:featuredmedia":[{"embeddable":true,"href":"https:\/\/disar-ec.com\/index.php\/wp-json\/wp\/v2\/media\/238"}],"wp:attachment":[{"href":"https:\/\/disar-ec.com\/index.php\/wp-json\/wp\/v2\/media?parent=237"}],"wp:term":[{"taxonomy":"product_brand","embeddable":true,"href":"https:\/\/disar-ec.com\/index.php\/wp-json\/wp\/v2\/product_brand?post=237"},{"taxonomy":"product_cat","embeddable":true,"href":"https:\/\/disar-ec.com\/index.php\/wp-json\/wp\/v2\/product_cat?post=237"},{"taxonomy":"product_tag","embeddable":true,"href":"https:\/\/disar-ec.com\/index.php\/wp-json\/wp\/v2\/product_tag?post=237"}],"curies":[{"name":"wp","href":"https:\/\/api.w.org\/{rel}","templated":true}]}}