{"id":227,"date":"2023-07-12T14:49:41","date_gmt":"2023-07-12T14:49:41","guid":{"rendered":"https:\/\/disar-ec.com\/?post_type=product&#038;p=227"},"modified":"2023-07-17T14:37:03","modified_gmt":"2023-07-17T14:37:03","slug":"freidora-de-aire-black-decker-4-5-litros","status":"publish","type":"product","link":"https:\/\/disar-ec.com\/index.php\/producto\/freidora-de-aire-black-decker-4-5-litros\/","title":{"rendered":"Freidora de Aire Black &amp; Decker 4.5 Litros"},"content":{"rendered":"<ul>\n<li>Sistema de convecci\u00f3n<\/li>\n<li>Cesta antiadherente<\/li>\n<li>Cocina sin culpa y m\u00e1s r\u00e1pido con la Air Fryer\u00a0de Black &amp; Decker\u00ae.<\/li>\n<li>Con capacidad de 4.5 litros, es perfecta para fre\u00edr y hornear porciones m\u00e1s grandes de tus comidas favoritas en poco tiempo.<\/li>\n<\/ul>\n","protected":false},"excerpt":{"rendered":"<p>Sistema de convecci\u00f3n Cesta antiadherente Cocina sin culpa y m\u00e1s r\u00e1pido con la Air Fryer\u00a0de Black &amp; Decker\u00ae. Con capacidad de 4.5 litros, es perfecta para fre\u00edr y hornear porciones m\u00e1s grandes de tus comidas favoritas en poco tiempo.<\/p>\n","protected":false},"featured_media":228,"comment_status":"open","ping_status":"closed","template":"","meta":[],"product_brand":[],"product_cat":[23],"product_tag":[],"class_list":{"0":"post-227","1":"product","2":"type-product","3":"status-publish","4":"has-post-thumbnail","6":"product_cat-electrodomesticos-menores","8":"first","9":"instock","10":"shipping-taxable","11":"product-type-simple"},"aioseo_notices":[],"jetpack_sharing_enabled":true,"_links":{"self":[{"href":"https:\/\/disar-ec.com\/index.php\/wp-json\/wp\/v2\/product\/227","targetHints":{"allow":["GET"]}}],"collection":[{"href":"https:\/\/disar-ec.com\/index.php\/wp-json\/wp\/v2\/product"}],"about":[{"href":"https:\/\/disar-ec.com\/index.php\/wp-json\/wp\/v2\/types\/product"}],"replies":[{"embeddable":true,"href":"https:\/\/disar-ec.com\/index.php\/wp-json\/wp\/v2\/comments?post=227"}],"wp:featuredmedia":[{"embeddable":true,"href":"https:\/\/disar-ec.com\/index.php\/wp-json\/wp\/v2\/media\/228"}],"wp:attachment":[{"href":"https:\/\/disar-ec.com\/index.php\/wp-json\/wp\/v2\/media?parent=227"}],"wp:term":[{"taxonomy":"product_brand","embeddable":true,"href":"https:\/\/disar-ec.com\/index.php\/wp-json\/wp\/v2\/product_brand?post=227"},{"taxonomy":"product_cat","embeddable":true,"href":"https:\/\/disar-ec.com\/index.php\/wp-json\/wp\/v2\/product_cat?post=227"},{"taxonomy":"product_tag","embeddable":true,"href":"https:\/\/disar-ec.com\/index.php\/wp-json\/wp\/v2\/product_tag?post=227"}],"curies":[{"name":"wp","href":"https:\/\/api.w.org\/{rel}","templated":true}]}}