{"id":210,"date":"2023-07-10T15:04:40","date_gmt":"2023-07-10T15:04:40","guid":{"rendered":"https:\/\/disar-ec.com\/?post_type=product&#038;p=210"},"modified":"2023-07-25T17:45:00","modified_gmt":"2023-07-25T17:45:00","slug":"cocina-oregano-6-quemadores","status":"publish","type":"product","link":"https:\/\/disar-ec.com\/index.php\/producto\/cocina-oregano-6-quemadores\/","title":{"rendered":"Cocina Haceb Oregano 6 quemadores"},"content":{"rendered":"<table class=\"table table-condensed table-striped\">\n<tbody>\n<tr>\n<td><span class=\"caracteristica\">Quemadores \/ hornillas<\/span><\/td>\n<td><span class=\"caracteristica\">6 Quemadores<\/span><\/td>\n<\/tr>\n<tr>\n<td><span class=\"caracteristica\">Quemador especial<\/span><\/td>\n<td><span class=\"caracteristica\">Triple Corona<\/span><\/td>\n<\/tr>\n<tr>\n<td><span class=\"caracteristica\">Parrilla<\/span><\/td>\n<td><span class=\"caracteristica\">Hierro Fundido<\/span><\/td>\n<\/tr>\n<tr>\n<td><span class=\"caracteristica\">Panel<\/span><\/td>\n<td><span class=\"caracteristica\">Manual<\/span><\/td>\n<\/tr>\n<tr>\n<td><span class=\"caracteristica\">Encendido en quemadores<\/span><\/td>\n<td><span class=\"caracteristica\">Bot\u00f3n El\u00e9ctrico<\/span><\/td>\n<\/tr>\n<tr>\n<td><span class=\"caracteristica\">Timer<\/span><\/td>\n<td><span class=\"caracteristica\">Mec\u00e1nico<\/span><\/td>\n<\/tr>\n<tr>\n<td><span class=\"caracteristica\">Tapa<\/span><\/td>\n<td><span class=\"caracteristica\">Cristal<\/span><\/td>\n<\/tr>\n<tr>\n<td colspan=\"2\"><span class=\"caracteristica\"><b>ZONA DEL HORNO<\/b><\/span><\/td>\n<\/tr>\n<tr>\n<td><span class=\"caracteristica\">Encendido en el horno<\/span><\/td>\n<td><span class=\"caracteristica\">Bot\u00f3n El\u00e9ctrico<\/span><\/td>\n<\/tr>\n<tr>\n<td><span class=\"caracteristica\">Recubrimiento en el horno<\/span><\/td>\n<td><span class=\"caracteristica\">Easy Clean Pro<\/span><\/td>\n<\/tr>\n<tr>\n<td><span class=\"caracteristica\">Parrilla horno<\/span><\/td>\n<td><span class=\"caracteristica\">Auto Deslizable<\/span><\/td>\n<\/tr>\n<tr>\n<td><span class=\"caracteristica\">Quemadores sellados<\/span><\/td>\n<td><span class=\"caracteristica\">SI<\/span><\/td>\n<\/tr>\n<tr>\n<td><span class=\"caracteristica\">Luz en el horno<\/span><\/td>\n<td><span class=\"caracteristica\">SI<\/span><\/td>\n<\/tr>\n<tr>\n<td><span class=\"caracteristica\">Asador giratorio<\/span><\/td>\n<td><span class=\"caracteristica\">SI<\/span><\/td>\n<\/tr>\n<tr>\n<td><span class=\"caracteristica\">Calientaplatos<\/span><\/td>\n<td><span class=\"caracteristica\">SI<\/span><\/td>\n<\/tr>\n<\/tbody>\n<\/table>\n","protected":false},"excerpt":{"rendered":"<p>Quemadores \/ hornillas 6 Quemadores Quemador especial Triple Corona Parrilla Hierro Fundido Panel Manual Encendido en quemadores Bot\u00f3n El\u00e9ctrico Timer Mec\u00e1nico Tapa Cristal ZONA DEL HORNO Encendido en el horno Bot\u00f3n El\u00e9ctrico Recubrimiento en el horno Easy Clean Pro Parrilla horno Auto Deslizable Quemadores sellados SI Luz en el horno SI Asador giratorio SI Calientaplatos [&hellip;]<\/p>\n","protected":false},"featured_media":211,"comment_status":"open","ping_status":"closed","template":"","meta":[],"product_brand":[],"product_cat":[22],"product_tag":[],"class_list":{"0":"post-210","1":"product","2":"type-product","3":"status-publish","4":"has-post-thumbnail","6":"product_cat-electrocomesticos","8":"first","9":"instock","10":"shipping-taxable","11":"product-type-simple"},"aioseo_notices":[],"jetpack_sharing_enabled":true,"_links":{"self":[{"href":"https:\/\/disar-ec.com\/index.php\/wp-json\/wp\/v2\/product\/210","targetHints":{"allow":["GET"]}}],"collection":[{"href":"https:\/\/disar-ec.com\/index.php\/wp-json\/wp\/v2\/product"}],"about":[{"href":"https:\/\/disar-ec.com\/index.php\/wp-json\/wp\/v2\/types\/product"}],"replies":[{"embeddable":true,"href":"https:\/\/disar-ec.com\/index.php\/wp-json\/wp\/v2\/comments?post=210"}],"wp:featuredmedia":[{"embeddable":true,"href":"https:\/\/disar-ec.com\/index.php\/wp-json\/wp\/v2\/media\/211"}],"wp:attachment":[{"href":"https:\/\/disar-ec.com\/index.php\/wp-json\/wp\/v2\/media?parent=210"}],"wp:term":[{"taxonomy":"product_brand","embeddable":true,"href":"https:\/\/disar-ec.com\/index.php\/wp-json\/wp\/v2\/product_brand?post=210"},{"taxonomy":"product_cat","embeddable":true,"href":"https:\/\/disar-ec.com\/index.php\/wp-json\/wp\/v2\/product_cat?post=210"},{"taxonomy":"product_tag","embeddable":true,"href":"https:\/\/disar-ec.com\/index.php\/wp-json\/wp\/v2\/product_tag?post=210"}],"curies":[{"name":"wp","href":"https:\/\/api.w.org\/{rel}","templated":true}]}}