{"id":208,"date":"2023-07-10T15:01:39","date_gmt":"2023-07-10T15:01:39","guid":{"rendered":"https:\/\/disar-ec.com\/?post_type=product&#038;p=208"},"modified":"2023-07-25T17:45:04","modified_gmt":"2023-07-25T17:45:04","slug":"cocina-oregano-4-quemadores","status":"publish","type":"product","link":"https:\/\/disar-ec.com\/index.php\/producto\/cocina-oregano-4-quemadores\/","title":{"rendered":"Cocina Haceb Oregano 4 quemadores"},"content":{"rendered":"<ul>\n<li>Quemadores 4<\/li>\n<li>Encendido El\u00e9ctrico Quemadores<\/li>\n<li>Asador Giratorio No<\/li>\n<li>Grill S\u00ed<\/li>\n<li>Timer S\u00ed<\/li>\n<li>Luz en horno S\u00ed<\/li>\n<li>Mayor potencia y menor tiempo de cocci\u00f3n \/ Gratinador el\u00e9ctrico en curvas<\/li>\n<li>Combinaci\u00f3n acero inoxidable brillante y negro<\/li>\n<li>Encendido el\u00e9ctrico en mesa<\/li>\n<li>Parrillas robustas en hierro fundido \/ Perillas ergon\u00f3micas y robustas<\/li>\n<li>Puerta del horno con visor amplio y desmontable para f\u00e1cil limpieza<\/li>\n<li>Sistema que evita fugas de gas en horno<\/li>\n<li>Interbloqueo (evita el sobrecalentamiento)<\/li>\n<li>MODELO: HA-OREGANO 60-VF-GP-INOX<\/li>\n<\/ul>\n","protected":false},"excerpt":{"rendered":"<p>Quemadores 4 Encendido El\u00e9ctrico Quemadores Asador Giratorio No Grill S\u00ed Timer S\u00ed Luz en horno S\u00ed Mayor potencia y menor tiempo de cocci\u00f3n \/ Gratinador el\u00e9ctrico en curvas Combinaci\u00f3n acero inoxidable brillante y negro Encendido el\u00e9ctrico en mesa Parrillas robustas en hierro fundido \/ Perillas ergon\u00f3micas y robustas Puerta del horno con visor amplio y [&hellip;]<\/p>\n","protected":false},"featured_media":209,"comment_status":"open","ping_status":"closed","template":"","meta":[],"product_brand":[],"product_cat":[22],"product_tag":[],"class_list":{"0":"post-208","1":"product","2":"type-product","3":"status-publish","4":"has-post-thumbnail","6":"product_cat-electrocomesticos","8":"first","9":"instock","10":"shipping-taxable","11":"product-type-simple"},"aioseo_notices":[],"jetpack_sharing_enabled":true,"_links":{"self":[{"href":"https:\/\/disar-ec.com\/index.php\/wp-json\/wp\/v2\/product\/208","targetHints":{"allow":["GET"]}}],"collection":[{"href":"https:\/\/disar-ec.com\/index.php\/wp-json\/wp\/v2\/product"}],"about":[{"href":"https:\/\/disar-ec.com\/index.php\/wp-json\/wp\/v2\/types\/product"}],"replies":[{"embeddable":true,"href":"https:\/\/disar-ec.com\/index.php\/wp-json\/wp\/v2\/comments?post=208"}],"wp:featuredmedia":[{"embeddable":true,"href":"https:\/\/disar-ec.com\/index.php\/wp-json\/wp\/v2\/media\/209"}],"wp:attachment":[{"href":"https:\/\/disar-ec.com\/index.php\/wp-json\/wp\/v2\/media?parent=208"}],"wp:term":[{"taxonomy":"product_brand","embeddable":true,"href":"https:\/\/disar-ec.com\/index.php\/wp-json\/wp\/v2\/product_brand?post=208"},{"taxonomy":"product_cat","embeddable":true,"href":"https:\/\/disar-ec.com\/index.php\/wp-json\/wp\/v2\/product_cat?post=208"},{"taxonomy":"product_tag","embeddable":true,"href":"https:\/\/disar-ec.com\/index.php\/wp-json\/wp\/v2\/product_tag?post=208"}],"curies":[{"name":"wp","href":"https:\/\/api.w.org\/{rel}","templated":true}]}}