{"id":195,"date":"2023-07-10T14:30:01","date_gmt":"2023-07-10T14:30:01","guid":{"rendered":"https:\/\/disar-ec.com\/?post_type=product&#038;p=195"},"modified":"2023-07-25T17:26:15","modified_gmt":"2023-07-25T17:26:15","slug":"motobomba-de-caudal-ducati-dcw-80","status":"publish","type":"product","link":"https:\/\/disar-ec.com\/index.php\/producto\/motobomba-de-caudal-ducati-dcw-80\/","title":{"rendered":"Motobomba de Caudal DUCATI DCW 80"},"content":{"rendered":"<p><strong>Caracter\u00edsticas:<\/strong><br \/>\nMotor: 4 tiempos<br \/>\nCilindrada: 212cc<br \/>\nPotencia: 7hp<br \/>\nDi\u00e1metro de succi\u00f3n: 75 mm (3\u201d)<br \/>\nDi\u00e1metro de descarga: 75 mm (3\u201d)<br \/>\nCapacidad de descarga m\u00e1xima: 60 m3\/h \u00b1 10 %<br \/>\nElevaci\u00f3n m\u00e1xima: 28 m \u00b1 w 8 %<br \/>\nCapacidad de absorci\u00f3n m\u00e1xima: 8 m \u00b1 w 8 %<\/p>\n","protected":false},"excerpt":{"rendered":"<p>Caracter\u00edsticas: Motor: 4 tiempos Cilindrada: 212cc Potencia: 7hp Di\u00e1metro de succi\u00f3n: 75 mm (3\u201d) Di\u00e1metro de descarga: 75 mm (3\u201d) Capacidad de descarga m\u00e1xima: 60 m3\/h \u00b1 10 % Elevaci\u00f3n m\u00e1xima: 28 m \u00b1 w 8 % Capacidad de absorci\u00f3n m\u00e1xima: 8 m \u00b1 w 8 %<\/p>\n","protected":false},"featured_media":196,"comment_status":"open","ping_status":"closed","template":"","meta":[],"product_brand":[],"product_cat":[24],"product_tag":[],"class_list":{"0":"post-195","1":"product","2":"type-product","3":"status-publish","4":"has-post-thumbnail","6":"product_cat-agro-forestal","8":"first","9":"instock","10":"shipping-taxable","11":"product-type-simple"},"aioseo_notices":[],"jetpack_sharing_enabled":true,"_links":{"self":[{"href":"https:\/\/disar-ec.com\/index.php\/wp-json\/wp\/v2\/product\/195","targetHints":{"allow":["GET"]}}],"collection":[{"href":"https:\/\/disar-ec.com\/index.php\/wp-json\/wp\/v2\/product"}],"about":[{"href":"https:\/\/disar-ec.com\/index.php\/wp-json\/wp\/v2\/types\/product"}],"replies":[{"embeddable":true,"href":"https:\/\/disar-ec.com\/index.php\/wp-json\/wp\/v2\/comments?post=195"}],"wp:featuredmedia":[{"embeddable":true,"href":"https:\/\/disar-ec.com\/index.php\/wp-json\/wp\/v2\/media\/196"}],"wp:attachment":[{"href":"https:\/\/disar-ec.com\/index.php\/wp-json\/wp\/v2\/media?parent=195"}],"wp:term":[{"taxonomy":"product_brand","embeddable":true,"href":"https:\/\/disar-ec.com\/index.php\/wp-json\/wp\/v2\/product_brand?post=195"},{"taxonomy":"product_cat","embeddable":true,"href":"https:\/\/disar-ec.com\/index.php\/wp-json\/wp\/v2\/product_cat?post=195"},{"taxonomy":"product_tag","embeddable":true,"href":"https:\/\/disar-ec.com\/index.php\/wp-json\/wp\/v2\/product_tag?post=195"}],"curies":[{"name":"wp","href":"https:\/\/api.w.org\/{rel}","templated":true}]}}