{"id":193,"date":"2023-07-10T14:26:05","date_gmt":"2023-07-10T14:26:05","guid":{"rendered":"https:\/\/disar-ec.com\/?post_type=product&#038;p=193"},"modified":"2023-07-17T14:34:54","modified_gmt":"2023-07-17T14:34:54","slug":"fumigadora-surfin-agrota","status":"publish","type":"product","link":"https:\/\/disar-ec.com\/index.php\/producto\/fumigadora-surfin-agrota\/","title":{"rendered":"Fumigadora Surfin Agrota"},"content":{"rendered":"<p><strong>Caracter\u00edsticas:<\/strong><br \/>\nDesplazamiento: 25 cc<br \/>\nPeso: 9.5 kg<br \/>\nPresi\u00f3n m\u00e1xima: 363 psi<br \/>\nCap. Del tanque qu\u00edmico: 25 l<br \/>\nVolumen de descarga: 6-8 L\/min<\/p>\n","protected":false},"excerpt":{"rendered":"<p>Caracter\u00edsticas: Desplazamiento: 25 cc Peso: 9.5 kg Presi\u00f3n m\u00e1xima: 363 psi Cap. Del tanque qu\u00edmico: 25 l Volumen de descarga: 6-8 L\/min<\/p>\n","protected":false},"featured_media":194,"comment_status":"open","ping_status":"closed","template":"","meta":[],"product_brand":[],"product_cat":[24],"product_tag":[],"class_list":{"0":"post-193","1":"product","2":"type-product","3":"status-publish","4":"has-post-thumbnail","6":"product_cat-agro-forestal","8":"first","9":"instock","10":"shipping-taxable","11":"product-type-simple"},"aioseo_notices":[],"jetpack_sharing_enabled":true,"_links":{"self":[{"href":"https:\/\/disar-ec.com\/index.php\/wp-json\/wp\/v2\/product\/193","targetHints":{"allow":["GET"]}}],"collection":[{"href":"https:\/\/disar-ec.com\/index.php\/wp-json\/wp\/v2\/product"}],"about":[{"href":"https:\/\/disar-ec.com\/index.php\/wp-json\/wp\/v2\/types\/product"}],"replies":[{"embeddable":true,"href":"https:\/\/disar-ec.com\/index.php\/wp-json\/wp\/v2\/comments?post=193"}],"wp:featuredmedia":[{"embeddable":true,"href":"https:\/\/disar-ec.com\/index.php\/wp-json\/wp\/v2\/media\/194"}],"wp:attachment":[{"href":"https:\/\/disar-ec.com\/index.php\/wp-json\/wp\/v2\/media?parent=193"}],"wp:term":[{"taxonomy":"product_brand","embeddable":true,"href":"https:\/\/disar-ec.com\/index.php\/wp-json\/wp\/v2\/product_brand?post=193"},{"taxonomy":"product_cat","embeddable":true,"href":"https:\/\/disar-ec.com\/index.php\/wp-json\/wp\/v2\/product_cat?post=193"},{"taxonomy":"product_tag","embeddable":true,"href":"https:\/\/disar-ec.com\/index.php\/wp-json\/wp\/v2\/product_tag?post=193"}],"curies":[{"name":"wp","href":"https:\/\/api.w.org\/{rel}","templated":true}]}}