{"id":178,"date":"2023-07-07T18:05:44","date_gmt":"2023-07-07T18:05:44","guid":{"rendered":"https:\/\/disar-ec.com\/?post_type=product&#038;p=178"},"modified":"2023-07-07T20:39:36","modified_gmt":"2023-07-07T20:39:36","slug":"refrigerador-haceb-12-pies","status":"publish","type":"product","link":"https:\/\/disar-ec.com\/index.php\/producto\/refrigerador-haceb-12-pies\/","title":{"rendered":"Refrigerador haceb 12 pies"},"content":{"rendered":"<ul class=\"nav nav-tabs justify-content-center\" role=\"tablist\">\n<li class=\"nav-item\">\n<div class=\"my-1 tp-tab-title o_not_editable\">\u00a0Especificaciones<\/div>\n<\/li>\n<li class=\"nav-item\">\n<div class=\"my-1 tp-tab-title o_not_editable\">\u00a0Rese\u00f1as &amp; Clasificaci\u00f3n<\/div>\n<\/li>\n<\/ul>\n<div class=\"tab-content\">\n<div id=\"tp-product-specification-tab\" class=\"tab-pane fade show active\" role=\"tabpanel\">\n<div class=\"container-fluid\">\n<div class=\"row m-0 py-2\">\n<div class=\"col-12\">\n<div id=\"product_specifications\" class=\"oe_structure\">\n<section class=\"s_text_block pt32 pb32 o_colored_level\">\n<div class=\"container s_allow_columns\">\n<h6><\/h6>\n<ul>\n<li>L\u00ednea: Siberia<\/li>\n<li>Tipo de Refrigeraci\u00f3n: No Frost<\/li>\n<li>Dispensador de Agua: S\u00ed<\/li>\n<li>Iluminaci\u00f3n: LED<\/li>\n<li>Panel de Control: Digital<\/li>\n<li>Consumo Energ\u00eda:31,8 kWh\/mes<\/li>\n<li>Ahorro relativo:56,1 (%)<\/li>\n<li>Clase clim\u00e1tica: T<\/li>\n<li>Capacidad bruta En Litros:270 Lts<\/li>\n<li>Capacidad neta en litros:254 Lts<\/li>\n<li>Capacidad neta congelador:65 Lts<\/li>\n<li>Capacidad neta refrigerador:171 Lts<\/li>\n<li>Material De Las Bandejas: Pl\u00e1stico<\/li>\n<li>Tipo de iluminaci\u00f3n: LED<\/li>\n<li>Control De Temperatura: Digital<\/li>\n<li>Tipo: No Frost<\/li>\n<li>Material: Acero<\/li>\n<li>Voltaje:115V<\/li>\n<li>Color: Inox<\/li>\n<li>Peso: 50.0 KG<\/li>\n<\/ul>\n<\/div>\n<\/section>\n<\/div>\n<\/div>\n<\/div>\n<\/div>\n<\/div>\n<\/div>\n","protected":false},"excerpt":{"rendered":"<p>\u00a0Especificaciones \u00a0Rese\u00f1as &amp; Clasificaci\u00f3n L\u00ednea: Siberia Tipo de Refrigeraci\u00f3n: No Frost Dispensador de Agua: S\u00ed Iluminaci\u00f3n: LED Panel de Control: Digital Consumo Energ\u00eda:31,8 kWh\/mes Ahorro relativo:56,1 (%) Clase clim\u00e1tica: T Capacidad bruta En Litros:270 Lts Capacidad neta en litros:254 Lts Capacidad neta congelador:65 Lts Capacidad neta refrigerador:171 Lts Material De Las Bandejas: Pl\u00e1stico Tipo de [&hellip;]<\/p>\n","protected":false},"featured_media":179,"comment_status":"open","ping_status":"closed","template":"","meta":[],"product_brand":[],"product_cat":[22],"product_tag":[],"class_list":{"0":"post-178","1":"product","2":"type-product","3":"status-publish","4":"has-post-thumbnail","6":"product_cat-electrocomesticos","8":"first","9":"instock","10":"shipping-taxable","11":"product-type-simple"},"aioseo_notices":[],"jetpack_sharing_enabled":true,"_links":{"self":[{"href":"https:\/\/disar-ec.com\/index.php\/wp-json\/wp\/v2\/product\/178","targetHints":{"allow":["GET"]}}],"collection":[{"href":"https:\/\/disar-ec.com\/index.php\/wp-json\/wp\/v2\/product"}],"about":[{"href":"https:\/\/disar-ec.com\/index.php\/wp-json\/wp\/v2\/types\/product"}],"replies":[{"embeddable":true,"href":"https:\/\/disar-ec.com\/index.php\/wp-json\/wp\/v2\/comments?post=178"}],"wp:featuredmedia":[{"embeddable":true,"href":"https:\/\/disar-ec.com\/index.php\/wp-json\/wp\/v2\/media\/179"}],"wp:attachment":[{"href":"https:\/\/disar-ec.com\/index.php\/wp-json\/wp\/v2\/media?parent=178"}],"wp:term":[{"taxonomy":"product_brand","embeddable":true,"href":"https:\/\/disar-ec.com\/index.php\/wp-json\/wp\/v2\/product_brand?post=178"},{"taxonomy":"product_cat","embeddable":true,"href":"https:\/\/disar-ec.com\/index.php\/wp-json\/wp\/v2\/product_cat?post=178"},{"taxonomy":"product_tag","embeddable":true,"href":"https:\/\/disar-ec.com\/index.php\/wp-json\/wp\/v2\/product_tag?post=178"}],"curies":[{"name":"wp","href":"https:\/\/api.w.org\/{rel}","templated":true}]}}