{"id":170,"date":"2023-07-03T17:10:10","date_gmt":"2023-07-03T17:10:10","guid":{"rendered":"https:\/\/disar-ec.com\/?post_type=product&#038;p=170"},"modified":"2023-07-13T16:35:54","modified_gmt":"2023-07-13T16:35:54","slug":"infinix-note-30","status":"publish","type":"product","link":"https:\/\/disar-ec.com\/index.php\/producto\/infinix-note-30\/","title":{"rendered":"Celular Infinix Note 30"},"content":{"rendered":"<div class=\"\">\n<div class=\"vtex-flex-layout-0-x-flexRow vtex-flex-layout-0-x-flexRow--product-main\">\n<section class=\"vtex-store-components-3-x-container ph3 ph5-m ph2-xl mw9 center \">\n<div class=\"flex mt4 mb7 pt7 pb7 justify-start vtex-flex-layout-0-x-flexRowContent vtex-flex-layout-0-x-flexRowContent--product-main items-stretch w-100\">\n<div class=\"pr0 items-stretch vtex-flex-layout-0-x-stretchChildrenWidth flex\">\n<div class=\"vtex-flex-layout-0-x-flexCol ml0 mr0 pl0 pr0 flex flex-column h-100 w-100\">\n<div class=\"vtex-flex-layout-0-x-flexColChild pb0\">\n<div class=\"vtex-tab-layout-0-x-container vtex-tab-layout-0-x-container--home\">\n<div class=\"vtex-tab-layout-0-x-contentContainer w-100\">\n<div class=\"vtex-tab-layout-0-x-contentItem w-100\">\n<div class=\"vtex-store-components-3-x-productDescriptionContainer\">\n<div class=\"vtex-store-components-3-x-productDescriptionText c-muted-1\">Dimensiones 16,86 x 7,66 x 0,85 cm.<br \/>\nPantalla IPS LTPS LCD de 6,78\u2033, resoluci\u00f3n FHD+ 1080 x 2460 pixeles.<br \/>\nProcesador: MediaTek Helio G99.<br \/>\nSistema operativo: Android 13.<br \/>\nRAM 8 GB, expandible a 16 GB.<br \/>\nAlmacenamiento 256 GB.<br \/>\nC\u00e1mara trasera: 64 MP + 2 MP + AI.<br \/>\nC\u00e1mara frontal: 16 MP.<br \/>\nBater\u00eda 5000 mAh, no extra\u00edble.<br \/>\nConectividad: 4G; Wi-Fi 802.11 (a\/b\/g\/n\/ac); Bluetooth; NFC.<br \/>\nSensores: Aceler\u00f3metro, Sensor de huella dactilar lateral, br\u00fajula digital, giroscopio, luz y proximidad.<br \/>\nDual nano SIM.<br \/>\nAudio: Altavoz dual con sonido de JBL y alta resoluci\u00f3n.<\/div>\n<\/div>\n<\/div>\n<\/div>\n<\/div>\n<\/div>\n<\/div>\n<\/div>\n<\/div>\n<\/section>\n<\/div>\n<\/div>\n<div class=\"\">\n<div><\/div>\n<\/div>\n<div class=\"\">\n<div class=\"vtex-shelf-1-x-relatedProducts\"><\/div>\n<\/div>\n<div class=\"\">\n<div class=\"vtex-flex-layout-0-x-flexRow vtex-flex-layout-0-x-flexRow--product-body\">\n<section class=\"vtex-store-components-3-x-container ph3 ph5-m ph2-xl mw9 center \">\n<div class=\"flex mt0 mb0 pt0 pb0 justify-start vtex-flex-layout-0-x-flexRowContent vtex-flex-layout-0-x-flexRowContent--product-body items-stretch w-100\">\n<div class=\"pr0 items-stretch vtex-flex-layout-0-x-stretchChildrenWidth flex\">\n<div class=\"vtex-flex-layout-0-x-flexCol vtex-flex-layout-0-x-flexCol--product-body ml0 mr0 pl0 pr0 flex flex-column h-100 w-100\">\n<div class=\"vtex-flex-layout-0-x-flexColChild vtex-flex-layout-0-x-flexColChild--product-body pb0\">\n<div class=\"vtex-shelf-1-x-relatedProducts\"><\/div>\n<\/div>\n<div class=\"vtex-flex-layout-0-x-flexColChild vtex-flex-layout-0-x-flexColChild--product-body pb0\">\n<div class=\"vtex-shelf-1-x-relatedProducts\"><\/div>\n<\/div>\n<div class=\"vtex-flex-layout-0-x-flexColChild vtex-flex-layout-0-x-flexColChild--product-body pb0\">\n<div class=\"vtex-shelf-1-x-relatedProducts\"><\/div>\n<\/div>\n<div class=\"vtex-flex-layout-0-x-flexColChild vtex-flex-layout-0-x-flexColChild--product-body pb0\">\n<div class=\"vtex-shelf-1-x-relatedProducts\"><\/div>\n<\/div>\n<\/div>\n<\/div>\n<\/div>\n<\/section>\n<\/div>\n<\/div>\n","protected":false},"excerpt":{"rendered":"<p>Dimensiones 16,86 x 7,66 x 0,85 cm. Pantalla IPS LTPS LCD de 6,78\u2033, resoluci\u00f3n FHD+ 1080 x 2460 pixeles. Procesador: MediaTek Helio G99. Sistema operativo: Android 13. RAM 8 GB, expandible a 16 GB. Almacenamiento 256 GB. C\u00e1mara trasera: 64 MP + 2 MP + AI. C\u00e1mara frontal: 16 MP. Bater\u00eda 5000 mAh, no extra\u00edble. [&hellip;]<\/p>\n","protected":false},"featured_media":171,"comment_status":"open","ping_status":"closed","template":"","meta":[],"product_brand":[],"product_cat":[31],"product_tag":[],"class_list":{"0":"post-170","1":"product","2":"type-product","3":"status-publish","4":"has-post-thumbnail","6":"product_cat-tecnologia","8":"first","9":"instock","10":"shipping-taxable","11":"product-type-simple"},"aioseo_notices":[],"jetpack_sharing_enabled":true,"_links":{"self":[{"href":"https:\/\/disar-ec.com\/index.php\/wp-json\/wp\/v2\/product\/170","targetHints":{"allow":["GET"]}}],"collection":[{"href":"https:\/\/disar-ec.com\/index.php\/wp-json\/wp\/v2\/product"}],"about":[{"href":"https:\/\/disar-ec.com\/index.php\/wp-json\/wp\/v2\/types\/product"}],"replies":[{"embeddable":true,"href":"https:\/\/disar-ec.com\/index.php\/wp-json\/wp\/v2\/comments?post=170"}],"wp:featuredmedia":[{"embeddable":true,"href":"https:\/\/disar-ec.com\/index.php\/wp-json\/wp\/v2\/media\/171"}],"wp:attachment":[{"href":"https:\/\/disar-ec.com\/index.php\/wp-json\/wp\/v2\/media?parent=170"}],"wp:term":[{"taxonomy":"product_brand","embeddable":true,"href":"https:\/\/disar-ec.com\/index.php\/wp-json\/wp\/v2\/product_brand?post=170"},{"taxonomy":"product_cat","embeddable":true,"href":"https:\/\/disar-ec.com\/index.php\/wp-json\/wp\/v2\/product_cat?post=170"},{"taxonomy":"product_tag","embeddable":true,"href":"https:\/\/disar-ec.com\/index.php\/wp-json\/wp\/v2\/product_tag?post=170"}],"curies":[{"name":"wp","href":"https:\/\/api.w.org\/{rel}","templated":true}]}}