{"id":163,"date":"2023-07-03T16:39:58","date_gmt":"2023-07-03T16:39:58","guid":{"rendered":"https:\/\/disar-ec.com\/?post_type=product&#038;p=163"},"modified":"2023-07-13T16:36:47","modified_gmt":"2023-07-13T16:36:47","slug":"infinix-hot-20-play","status":"publish","type":"product","link":"https:\/\/disar-ec.com\/index.php\/producto\/infinix-hot-20-play\/","title":{"rendered":"Celular Infinix Hot 20 Play"},"content":{"rendered":"<p>Dimensiones: 17,1 x 7,8 x 0,89 cm.<br \/>\nPantalla IPS LCD de 6,82\u201d, resoluci\u00f3n 720&#215;1640 (263 ppi).<br \/>\nSistema Operativo: \u200eAndroid 12.<br \/>\nRAM 4 GB (Expandible a 7GB).<br \/>\nAlmacenamiento 128 GB.<br \/>\nC\u00e1mara trasera: dual de 13 MP, f\/1.8, (wide), 1\/3.1&#8243;, 1.12\u00b5m, AF + QVGA.<br \/>\nC\u00e1mara frontal: 8 MP.<br \/>\nBater\u00eda 6000 mAh, no extra\u00edble.<br \/>\nConectividad: 4G; Wi-Fi IEEE 802.11 a\/b\/g\/n\/ac; Bluetooth; GPS.<br \/>\nSensores: lector de huellas, proximidad, giroscopio, luz ambiental y br\u00fajula digital.<\/p>\n","protected":false},"excerpt":{"rendered":"<p>Dimensiones: 17,1 x 7,8 x 0,89 cm. Pantalla IPS LCD de 6,82\u201d, resoluci\u00f3n 720&#215;1640 (263 ppi). Sistema Operativo: \u200eAndroid 12. RAM 4 GB (Expandible a 7GB). Almacenamiento 128 GB. C\u00e1mara trasera: dual de 13 MP, f\/1.8, (wide), 1\/3.1&#8243;, 1.12\u00b5m, AF + QVGA. C\u00e1mara frontal: 8 MP. Bater\u00eda 6000 mAh, no extra\u00edble. Conectividad: 4G; Wi-Fi IEEE [&hellip;]<\/p>\n","protected":false},"featured_media":164,"comment_status":"open","ping_status":"closed","template":"","meta":[],"product_brand":[],"product_cat":[31],"product_tag":[],"class_list":{"0":"post-163","1":"product","2":"type-product","3":"status-publish","4":"has-post-thumbnail","6":"product_cat-tecnologia","8":"first","9":"instock","10":"shipping-taxable","11":"product-type-simple"},"aioseo_notices":[],"jetpack_sharing_enabled":true,"_links":{"self":[{"href":"https:\/\/disar-ec.com\/index.php\/wp-json\/wp\/v2\/product\/163","targetHints":{"allow":["GET"]}}],"collection":[{"href":"https:\/\/disar-ec.com\/index.php\/wp-json\/wp\/v2\/product"}],"about":[{"href":"https:\/\/disar-ec.com\/index.php\/wp-json\/wp\/v2\/types\/product"}],"replies":[{"embeddable":true,"href":"https:\/\/disar-ec.com\/index.php\/wp-json\/wp\/v2\/comments?post=163"}],"wp:featuredmedia":[{"embeddable":true,"href":"https:\/\/disar-ec.com\/index.php\/wp-json\/wp\/v2\/media\/164"}],"wp:attachment":[{"href":"https:\/\/disar-ec.com\/index.php\/wp-json\/wp\/v2\/media?parent=163"}],"wp:term":[{"taxonomy":"product_brand","embeddable":true,"href":"https:\/\/disar-ec.com\/index.php\/wp-json\/wp\/v2\/product_brand?post=163"},{"taxonomy":"product_cat","embeddable":true,"href":"https:\/\/disar-ec.com\/index.php\/wp-json\/wp\/v2\/product_cat?post=163"},{"taxonomy":"product_tag","embeddable":true,"href":"https:\/\/disar-ec.com\/index.php\/wp-json\/wp\/v2\/product_tag?post=163"}],"curies":[{"name":"wp","href":"https:\/\/api.w.org\/{rel}","templated":true}]}}