{"id":130,"date":"2023-06-29T14:41:23","date_gmt":"2023-06-29T14:41:23","guid":{"rendered":"https:\/\/disar-ec.com\/?post_type=product&#038;p=130"},"modified":"2023-06-29T14:42:03","modified_gmt":"2023-06-29T14:42:03","slug":"compresor-directo-25-lts","status":"publish","type":"product","link":"https:\/\/disar-ec.com\/index.php\/producto\/compresor-directo-25-lts\/","title":{"rendered":"Compresor Directo 25 LTS"},"content":{"rendered":"<p>Dise\u00f1ado para trabajo dom\u00e9stico y bricolaje. De gran utilidad para pintar, taladrar, inflar y dem\u00e1s. Motor lubricado por aceite. Visor transparente que facilita la inspecci\u00f3n del aceite. 2 acoples r\u00e1pido de bronce en salidas. 2 man\u00f3metros. Presostato de alta precisi\u00f3n. Camisa de pist\u00f3n reforzada en hierro. Filtro de aire.<\/p>\n","protected":false},"excerpt":{"rendered":"<p>Dise\u00f1ado para trabajo dom\u00e9stico y bricolaje. De gran utilidad para pintar, taladrar, inflar y dem\u00e1s. Motor lubricado por aceite. Visor transparente que facilita la inspecci\u00f3n del aceite. 2 acoples r\u00e1pido de bronce en salidas. 2 man\u00f3metros. Presostato de alta precisi\u00f3n. Camisa de pist\u00f3n reforzada en hierro. Filtro de aire.<\/p>\n","protected":false},"featured_media":131,"comment_status":"open","ping_status":"closed","template":"","meta":[],"product_brand":[],"product_cat":[25],"product_tag":[],"class_list":{"0":"post-130","1":"product","2":"type-product","3":"status-publish","4":"has-post-thumbnail","6":"product_cat-ferreteria","8":"first","9":"instock","10":"shipping-taxable","11":"product-type-simple"},"aioseo_notices":[],"jetpack_sharing_enabled":true,"_links":{"self":[{"href":"https:\/\/disar-ec.com\/index.php\/wp-json\/wp\/v2\/product\/130","targetHints":{"allow":["GET"]}}],"collection":[{"href":"https:\/\/disar-ec.com\/index.php\/wp-json\/wp\/v2\/product"}],"about":[{"href":"https:\/\/disar-ec.com\/index.php\/wp-json\/wp\/v2\/types\/product"}],"replies":[{"embeddable":true,"href":"https:\/\/disar-ec.com\/index.php\/wp-json\/wp\/v2\/comments?post=130"}],"wp:featuredmedia":[{"embeddable":true,"href":"https:\/\/disar-ec.com\/index.php\/wp-json\/wp\/v2\/media\/131"}],"wp:attachment":[{"href":"https:\/\/disar-ec.com\/index.php\/wp-json\/wp\/v2\/media?parent=130"}],"wp:term":[{"taxonomy":"product_brand","embeddable":true,"href":"https:\/\/disar-ec.com\/index.php\/wp-json\/wp\/v2\/product_brand?post=130"},{"taxonomy":"product_cat","embeddable":true,"href":"https:\/\/disar-ec.com\/index.php\/wp-json\/wp\/v2\/product_cat?post=130"},{"taxonomy":"product_tag","embeddable":true,"href":"https:\/\/disar-ec.com\/index.php\/wp-json\/wp\/v2\/product_tag?post=130"}],"curies":[{"name":"wp","href":"https:\/\/api.w.org\/{rel}","templated":true}]}}