{"id":62,"date":"2023-06-22T16:15:51","date_gmt":"2023-06-22T16:15:51","guid":{"rendered":"https:\/\/disar-ec.com\/?page_id=62"},"modified":"2026-03-24T16:38:37","modified_gmt":"2026-03-24T21:38:37","slug":"trabaja-con-nosotros","status":"publish","type":"page","link":"https:\/\/disar-ec.com\/index.php\/trabaja-con-nosotros\/","title":{"rendered":"Trabaja con nosotros"},"content":{"rendered":"\t\t<div data-elementor-type=\"wp-page\" data-elementor-id=\"62\" class=\"elementor elementor-62\">\n\t\t\t\t\t\t<section class=\"elementor-section elementor-top-section elementor-element elementor-element-62a5fbdd elementor-section-boxed elementor-section-height-default elementor-section-height-default\" data-id=\"62a5fbdd\" data-element_type=\"section\" data-e-type=\"section\">\n\t\t\t\t\t\t<div class=\"elementor-container elementor-column-gap-default\">\n\t\t\t\t\t<div class=\"elementor-column elementor-col-100 elementor-top-column elementor-element elementor-element-341323fb\" data-id=\"341323fb\" data-element_type=\"column\" data-e-type=\"column\">\n\t\t\t<div class=\"elementor-widget-wrap elementor-element-populated\">\n\t\t\t\t\t\t<div class=\"elementor-element elementor-element-4d15c6a1 elementor-widget elementor-widget-text-editor\" data-id=\"4d15c6a1\" data-element_type=\"widget\" data-e-type=\"widget\" data-widget_type=\"text-editor.default\">\n\t\t\t\t<div class=\"elementor-widget-container\">\n\t\t\t\t\t\t\t\t\t\n<div><img decoding=\"async\" class=\"aligncenter lazyload\" src=\"data:image\/gif;base64,R0lGODlhAQABAIAAAAAAAP\/\/\/yH5BAEAAAAALAAAAAABAAEAAAIBRAA7\" data-src=\"https:\/\/www.soberana.com.co\/wp-content\/uploads\/2020\/12\/titulo-trabaje-con-nosotros.svg\" alt=\"Trabaja con nosotros - La Soberana\" \/><noscript><img decoding=\"async\" class=\"aligncenter lazyload\" src=\"https:\/\/www.soberana.com.co\/wp-content\/uploads\/2020\/12\/titulo-trabaje-con-nosotros.svg\" alt=\"Trabaja con nosotros - La Soberana\" \/><\/noscript><\/div>\n<div><div class=\"forminator-ui forminator-custom-form forminator-custom-form-889 forminator-design--material forminator_ajax\" data-forminator-render=\"1\" data-form=\"forminator-module-889\" data-uid=\"69f720e2a26ca\"><br\/><\/div><form\n\t\t\t\tid=\"forminator-module-889\"\n\t\t\t\tclass=\"forminator-ui forminator-custom-form forminator-custom-form-889 forminator-design--material forminator_ajax\"\n\t\t\t\tmethod=\"post\"\n\t\t\t\tdata-forminator-render=\"1\"\n\t\t\t\tdata-form-id=\"889\"\n\t\t\t\tenctype=\"multipart\/form-data\" data-color-option=\"theme\" data-design=\"material\" data-grid=\"open\" style=\"display: none;\"\n\t\t\t\tdata-uid=\"69f720e2a26ca\"\n\t\t\t><div role=\"alert\" aria-live=\"polite\" class=\"forminator-response-message forminator-error\" aria-hidden=\"true\"><\/div><div class=\"forminator-row\"><div id=\"name-1\" class=\"forminator-field-name forminator-col forminator-col-6 \"><div class=\"forminator-field\"><label for=\"forminator-field-name-1_69f720e2a26ca\" id=\"forminator-field-name-1_69f720e2a26ca-label\" class=\"forminator-label\">Nombre <span class=\"forminator-required\">*<\/span><\/label><input type=\"text\" name=\"name-1\" value=\"\" placeholder=\"\" id=\"forminator-field-name-1_69f720e2a26ca\" class=\"forminator-input forminator-name--field\" aria-required=\"true\" autocomplete=\"name\" \/><\/div><\/div><div id=\"phone-2\" class=\"forminator-field-phone forminator-col forminator-col-6 \"><div class=\"forminator-field\"><label for=\"forminator-field-phone-2_69f720e2a26ca\" id=\"forminator-field-phone-2_69f720e2a26ca-label\" class=\"forminator-label\">C\u00e9dula <span class=\"forminator-required\">*<\/span><\/label><span id=\"forminator-field-phone-2_69f720e2a26ca-description\" class=\"forminator-description\" id=\"forminator-field-phone-2_69f720e2a26ca-description\"><span data-limit=\"10\" data-type=\"\">0 \/ 10<\/span><\/span><input type=\"text\" name=\"phone-2\" value=\"\" placeholder=\"\" id=\"forminator-field-phone-2_69f720e2a26ca\" class=\"forminator-input forminator-field--phone\" data-required=\"1\" aria-required=\"true\" autocomplete=\"off\" maxlength=\"10\" data-validation=\"character_limit\" \/><\/div><\/div><\/div><div class=\"forminator-row\"><div id=\"phone-1\" class=\"forminator-field-phone forminator-col forminator-col-6 \"><div class=\"forminator-field\"><label for=\"forminator-field-phone-1_69f720e2a26ca\" id=\"forminator-field-phone-1_69f720e2a26ca-label\" class=\"forminator-label\">N\u00famero de tel\u00e9fono <span class=\"forminator-required\">*<\/span><\/label><span id=\"forminator-field-phone-1_69f720e2a26ca-description\" class=\"forminator-description\" id=\"forminator-field-phone-1_69f720e2a26ca-description\"><span data-limit=\"10\" data-type=\"\">0 \/ 10<\/span><\/span><input type=\"text\" name=\"phone-1\" value=\"\" placeholder=\"\" id=\"forminator-field-phone-1_69f720e2a26ca\" class=\"forminator-input forminator-field--phone\" data-required=\"1\" aria-required=\"true\" autocomplete=\"off\" maxlength=\"10\" data-validation=\"character_limit\" \/><\/div><\/div><div id=\"phone-3\" class=\"forminator-field-phone forminator-col forminator-col-6 \"><div class=\"forminator-field\"><label for=\"forminator-field-phone-3_69f720e2a26ca\" id=\"forminator-field-phone-3_69f720e2a26ca-label\" class=\"forminator-label\">Tel\u00e9fono referencial<\/label><span id=\"forminator-field-phone-3_69f720e2a26ca-description\" class=\"forminator-description\" id=\"forminator-field-phone-3_69f720e2a26ca-description\"><span data-limit=\"10\" data-type=\"\">0 \/ 10<\/span><\/span><input type=\"text\" name=\"phone-3\" value=\"\" placeholder=\"\" id=\"forminator-field-phone-3_69f720e2a26ca\" class=\"forminator-input forminator-field--phone\" data-required=\"\" aria-required=\"false\" autocomplete=\"off\" maxlength=\"10\" data-validation=\"character_limit\" \/><\/div><\/div><\/div><div class=\"forminator-row\"><div id=\"email-1\" class=\"forminator-field-email forminator-col forminator-col-12 \"><div class=\"forminator-field\"><label for=\"forminator-field-email-1_69f720e2a26ca\" id=\"forminator-field-email-1_69f720e2a26ca-label\" class=\"forminator-label\">Direcci\u00f3n de correo electr\u00f3nico <span class=\"forminator-required\">*<\/span><\/label><input type=\"email\" name=\"email-1\" value=\"\" placeholder=\"\" id=\"forminator-field-email-1_69f720e2a26ca\" class=\"forminator-input forminator-email--field\" data-required=\"true\" aria-required=\"true\" autocomplete=\"email\" \/><\/div><\/div><\/div><div class=\"forminator-row\"><div id=\"address-1\" class=\"forminator-field-address forminator-col forminator-col-12 \"><div class=\"forminator-row\"><div id=\"address-1-street_address\" class=\"forminator-col\"><div class=\"forminator-field\"><label for=\"forminator-field-address-1-street_address_69f720e2a26ca\" id=\"forminator-field-address-1-street_address_69f720e2a26ca-label\" class=\"forminator-label\">Direcci\u00f3n <span class=\"forminator-required\">*<\/span><\/label><input type=\"text\" name=\"address-1-street_address\" placeholder=\"\" id=\"forminator-field-address-1-street_address_69f720e2a26ca\" class=\"forminator-input\" data-required=\"1\" aria-required=\"true\" autocomplete=\"address-line1\" value=\"\" \/><\/div><\/div><\/div><div class=\"forminator-row\" data-multiple=\"true\"><div id=\"address-1-city\" class=\"forminator-col forminator-col-6\"><div class=\"forminator-field\"><label for=\"forminator-field-address-1-city_69f720e2a26ca\" id=\"forminator-field-address-1-city_69f720e2a26ca-label\" class=\"forminator-label\">Ciudad<\/label><input type=\"text\" name=\"address-1-city\" placeholder=\"\" id=\"forminator-field-address-1-city_69f720e2a26ca\" class=\"forminator-input\" data-required=\"\" aria-required=\"false\" autocomplete=\"address-level2\" value=\"\" \/><\/div><\/div><div id=\"address-1-state\" class=\"forminator-col forminator-col-6\"><div class=\"forminator-field\"><label for=\"forminator-field-address-1-state_69f720e2a26ca\" id=\"forminator-field-address-1-state_69f720e2a26ca-label\" class=\"forminator-label\">Estado\/Provincia<\/label><input type=\"text\" name=\"address-1-state\" placeholder=\"\" id=\"forminator-field-address-1-state_69f720e2a26ca\" class=\"forminator-input\" data-required=\"\" aria-required=\"false\" autocomplete=\"address-level1\" value=\"\" \/><\/div><\/div><\/div><\/div><\/div><div class=\"forminator-row\"><div id=\"select-1\" class=\"forminator-field-select forminator-col forminator-col-6 \"><div class=\"forminator-field\"><label for=\"forminator-form-889__field--select-1_69f720e2a26ca\" id=\"forminator-form-889__field--select-1_69f720e2a26ca-label\" class=\"forminator-label\">Titulo Obtenido <span class=\"forminator-required\">*<\/span><\/label><select id=\"forminator-form-889__field--select-1_69f720e2a26ca\" class=\"forminator-select--field forminator-select2 forminator-select2-multiple\" data-required=\"1\" name=\"select-1\" data-default-value=\"\" data-hidden-behavior=\"zero\" data-placeholder=\"Selecciona\" data-search=\"false\" data-search-placeholder=\"Selecciona\" data-checkbox=\"false\" data-allow-clear=\"false\" aria-labelledby=\"forminator-form-889__field--select-1_69f720e2a26ca-label\"><option value=\"\" >Selecciona<\/option><option value=\"one\" data-calculation=\"0\">Cuarto Nivel<\/option><option value=\"two\" data-calculation=\"0\">Tercer Nivel<\/option><option value=\"Bachiller\" data-calculation=\"0\">Bachiller<\/option><option value=\"Otro\" data-calculation=\"0\">Otro<\/option><\/select><\/div><\/div><div id=\"select-2\" class=\"forminator-field-select forminator-col forminator-col-6 \"><div class=\"forminator-field\"><label for=\"forminator-form-889__field--select-2_69f720e2a26ca\" id=\"forminator-form-889__field--select-2_69f720e2a26ca-label\" class=\"forminator-label\">Cargo al que aplica <span class=\"forminator-required\">*<\/span><\/label><select id=\"forminator-form-889__field--select-2_69f720e2a26ca\" class=\"forminator-select--field forminator-select2 forminator-select2-multiple\" data-required=\"1\" name=\"select-2\" data-default-value=\"\" data-hidden-behavior=\"zero\" data-placeholder=\"Selecciona\" data-search=\"false\" data-search-placeholder=\"Selecciona\" data-checkbox=\"false\" data-allow-clear=\"false\" aria-labelledby=\"forminator-form-889__field--select-2_69f720e2a26ca-label\"><option value=\"\" >Selecciona<\/option><option value=\"one\" data-calculation=\"0\">Vendedor<\/option><option value=\"two\" data-calculation=\"0\">Cobranzas<\/option><option value=\"Facturaci\u00f3n\" data-calculation=\"0\">Facturaci\u00f3n<\/option><option value=\"Otro\" data-calculation=\"0\">Otro<\/option><\/select><\/div><\/div><\/div><div class=\"forminator-row\"><div id=\"upload-1\" class=\"forminator-field-upload forminator-col forminator-col-12 \"><div class=\"forminator-field\"><label for=\"forminator-field-upload-1_69f720e2a26ca\" id=\"forminator-field-upload-1_69f720e2a26ca-label\" class=\"forminator-label\">Adjunta tu CV. <span class=\"forminator-required\">*<\/span><\/label><span id=\"forminator-field-upload-1_69f720e2a26ca-description\" class=\"forminator-description\">Sube tu archivo PDF<\/span><div class=\"forminator-file-upload \" data-element=\"upload-1_69f720e2a26ca\" aria-describedby=\"forminator-field-upload-1_69f720e2a26ca-description\"><input type=\"file\" name=\"upload-1\" id=\"forminator-field-upload-1_69f720e2a26ca\" class=\"forminator-input-file-required do-validate\" accept=\".avif,.heif,.heics,.heifs,.pdf,.Solo se aceptan archivo con extensi\u00f3n pdf\" tabindex=\"-1\"><button id=\"forminator-field-upload-1_69f720e2a26ca_button\" class=\"forminator-button forminator-button-upload\" data-id=\"forminator-field-upload-1_69f720e2a26ca\">Elegir archivo<\/button><span data-empty-text=\"Ning\u00fan archivo seleccionado\">Ning\u00fan archivo seleccionado<\/span><button class=\"forminator-button-delete\" style=\"display: none;\"><i class=\"forminator-icon-close\" aria-hidden=\"true\"><\/i><span class=\"forminator-screen-reader-only\">Eliminar el archivo subido<\/span><\/button><\/div><\/div><\/div><\/div><div class=\"forminator-row\"><div id=\"consent-1\" class=\"forminator-field-consent forminator-col forminator-col-12 \"><div class=\"forminator-field\"><label for=\"forminator-field-consent-1_69f720e2a26ca\" id=\"forminator-field-consent-1_69f720e2a26ca-label\" class=\"forminator-label\">Pol\u00edticas y Privacidad <span class=\"forminator-required\">*<\/span><\/label><div class=\"forminator-checkbox__wrapper\"><label id=\"forminator-field-consent-1_69f720e2a26ca__label\" class=\"forminator-checkbox forminator-consent\"><input type=\"checkbox\" name=\"consent-1\" id=\"forminator-field-consent-1_69f720e2a26ca\" value=\"checked\" aria-labelledby=\"forminator-field-consent-1_69f720e2a26ca-label\" aria-describedby=\"forminator-field-consent-1_69f720e2a26ca__description\" data-required=\"true\" aria-required=\"true\" \/><span class=\"forminator-checkbox-box\" aria-hidden=\"true\"><\/span><\/label><div id=\"forminator-field-consent-1_69f720e2a26ca__description\" class=\"forminator-checkbox__label forminator-consent__label\"><p>He le\u00eddo y acepto la <a href=\"https:\/\/disar-ec.com\/index.php\/politica-privacidad\/\" target=\"_blank\" rel=\"noopener\">pol\u00edtica de privacidad<\/a> y &nbsp;los <a href=\"https:\/\/disar-ec.com\/index.php\/terminos-y-condiciones\/\">t\u00e9rminos y condiciones<\/a>.<\/p><\/div><\/div><\/div><\/div><\/div><div class=\"forminator-row\"><div id=\"consent-2\" class=\"forminator-field-consent forminator-col forminator-col-12 \"><div class=\"forminator-field\"><div class=\"forminator-checkbox__wrapper\"><label id=\"forminator-field-consent-2_69f720e2a26ca__label\" class=\"forminator-checkbox forminator-consent\"><input type=\"checkbox\" name=\"consent-2\" id=\"forminator-field-consent-2_69f720e2a26ca\" value=\"checked\" aria-labelledby=\"forminator-field-consent-2_69f720e2a26ca-label\" aria-describedby=\"forminator-field-consent-2_69f720e2a26ca__description\" data-required=\"true\" aria-required=\"true\" \/><span class=\"forminator-checkbox-box\" aria-hidden=\"true\"><\/span><\/label><div id=\"forminator-field-consent-2_69f720e2a26ca__description\" class=\"forminator-checkbox__label forminator-consent__label\"><p>Autorizo a DISTRIBUIDORA Y COMERCIALIZADORA SANDOWIL a recopilar, almacenar y tratar mis datos personales con fines de procesos de selecci\u00f3n y contrataci\u00f3n.<br>Asimismo, acepto que mi informaci\u00f3n pueda ser verificada en bases de datos p\u00fablicas o registros judiciales con el \u00fanico prop\u00f3sito de comprobar antecedentes laborales y legales.<\/p><\/div><\/div><\/div><\/div><\/div><input type=\"hidden\" name=\"referer_url\" value=\"\" \/><div class=\"forminator-row forminator-row-last\"><div class=\"forminator-col\"><div class=\"forminator-field\"><button class=\"forminator-button forminator-button-submit\"><span>Enviar<\/span><span aria-hidden=\"true\"><\/span><\/button><\/div><\/div><\/div><input type=\"hidden\" id=\"forminator_nonce\" name=\"forminator_nonce\" value=\"3943253718\" \/><input type=\"hidden\" name=\"_wp_http_referer\" value=\"\/index.php\/wp-json\/wp\/v2\/pages\/62\" \/><input type=\"hidden\" name=\"form_id\" value=\"889\"><input type=\"hidden\" name=\"page_id\" value=\"62\"><input type=\"hidden\" name=\"form_type\" value=\"default\"><input type=\"hidden\" name=\"current_url\" value=\"https:\/\/disar-ec.com\/index.php\/trabaja-con-nosotros\/\"><input type=\"hidden\" name=\"render_id\" value=\"1\"><input type=\"hidden\" name=\"action\" value=\"forminator_submit_form_custom-forms\"><\/form><\/div>\n\t\t\t\t\t\t\t\t<\/div>\n\t\t\t\t<\/div>\n\t\t\t\t\t<\/div>\n\t\t<\/div>\n\t\t\t\t\t<\/div>\n\t\t<\/section>\n\t\t\t\t<\/div>\n\t\t","protected":false},"excerpt":{"rendered":"","protected":false},"author":1,"featured_media":0,"parent":0,"menu_order":0,"comment_status":"closed","ping_status":"closed","template":"","meta":{"footnotes":""},"class_list":["post-62","page","type-page","status-publish","hentry"],"aioseo_notices":[],"jetpack_sharing_enabled":true,"_links":{"self":[{"href":"https:\/\/disar-ec.com\/index.php\/wp-json\/wp\/v2\/pages\/62","targetHints":{"allow":["GET"]}}],"collection":[{"href":"https:\/\/disar-ec.com\/index.php\/wp-json\/wp\/v2\/pages"}],"about":[{"href":"https:\/\/disar-ec.com\/index.php\/wp-json\/wp\/v2\/types\/page"}],"author":[{"embeddable":true,"href":"https:\/\/disar-ec.com\/index.php\/wp-json\/wp\/v2\/users\/1"}],"replies":[{"embeddable":true,"href":"https:\/\/disar-ec.com\/index.php\/wp-json\/wp\/v2\/comments?post=62"}],"version-history":[{"count":13,"href":"https:\/\/disar-ec.com\/index.php\/wp-json\/wp\/v2\/pages\/62\/revisions"}],"predecessor-version":[{"id":903,"href":"https:\/\/disar-ec.com\/index.php\/wp-json\/wp\/v2\/pages\/62\/revisions\/903"}],"wp:attachment":[{"href":"https:\/\/disar-ec.com\/index.php\/wp-json\/wp\/v2\/media?parent=62"}],"curies":[{"name":"wp","href":"https:\/\/api.w.org\/{rel}","templated":true}]}}