{"id":59,"date":"2023-06-22T16:10:21","date_gmt":"2023-06-22T16:10:21","guid":{"rendered":"https:\/\/disar-ec.com\/?page_id=59"},"modified":"2023-06-22T16:10:23","modified_gmt":"2023-06-22T16:10:23","slug":"mision-y-vision","status":"publish","type":"page","link":"https:\/\/disar-ec.com\/index.php\/mision-y-vision\/","title":{"rendered":"Misi\u00f3n y Visi\u00f3n"},"content":{"rendered":"\n<h2 class=\"wp-block-heading has-text-align-center\">MISI\u00d3N<\/h2>\n\n\n\n<figure class=\"wp-block-image size-large\"><img decoding=\"async\" src=\"data:image\/gif;base64,R0lGODlhAQABAIAAAAAAAP\/\/\/yH5BAEAAAAALAAAAAABAAEAAAIBRAA7\" data-src=\"https:\/\/ditec-ec.com\/wp-content\/uploads\/2023\/06\/trabajo-equipo-poder-negocio-exitoso-reunion-concepto-lugar-trabajo-1-1024x683.jpg\" alt=\"\" class=\"wp-image-116 lazyload\"\/><noscript><img decoding=\"async\" src=\"https:\/\/ditec-ec.com\/wp-content\/uploads\/2023\/06\/trabajo-equipo-poder-negocio-exitoso-reunion-concepto-lugar-trabajo-1-1024x683.jpg\" alt=\"\" class=\"wp-image-116 lazyload\"\/><\/noscript><\/figure>\n\n\n\n<p>Somos una empresa que otorga <a href=\"https:\/\/cotizator.com\/pe\/guias\/credito-directo-que-es-y-cuales-son-sus-ventajas\/\" target=\"_blank\" rel=\"noopener\" title=\"cr\u00e9dito directo\">cr\u00e9dito directo<\/a> al servidor p\u00fablico a trav\u00e9s de la comercializaci\u00f3n de productos tecnol\u00f3gicos, electrodom\u00e9sticos, agroforestal y material did\u00e1ctico llegando hasta los lugares m\u00e1s distantes de nuestro pa\u00eds con un personal en constante capacitaci\u00f3n y de esta manera ser un aporte para un mejor estilo de vida de nuestros clientes.<\/p>\n\n\n\n<h2 class=\"wp-block-heading has-text-align-center\">VISI\u00d3N<\/h2>\n\n\n\n<figure class=\"wp-block-image size-large\"><img decoding=\"async\" src=\"data:image\/gif;base64,R0lGODlhAQABAIAAAAAAAP\/\/\/yH5BAEAAAAALAAAAAABAAEAAAIBRAA7\" data-src=\"https:\/\/ditec-ec.com\/wp-content\/uploads\/2023\/06\/hombre-negocios-bombilla-encendida-su-mano-1024x621.jpg\" alt=\"\" class=\"wp-image-117 lazyload\"\/><noscript><img decoding=\"async\" src=\"https:\/\/ditec-ec.com\/wp-content\/uploads\/2023\/06\/hombre-negocios-bombilla-encendida-su-mano-1024x621.jpg\" alt=\"\" class=\"wp-image-117 lazyload\"\/><\/noscript><\/figure>\n\n\n\n<p>Ser la empresa l\u00edder en el Ecuador que otorgue cr\u00e9dito directo en la comercializaci\u00f3n de productos de electrodom\u00e9sticos, tecnol\u00f3gico, agroforestal y material did\u00e1ctico al servidor p\u00fablico.<\/p>\n\n\n\n<p>Para m\u00e1s informaci\u00f3n <a href=\"https:\/\/disar-ec.com\/index.php\/contactanos\/\" target=\"_blank\" rel=\"noopener\" title=\"\">cont\u00e1ctanos<\/a>, mediante nuestro apartado.<\/p>\n","protected":false},"excerpt":{"rendered":"<p>MISI\u00d3N Somos una empresa que otorga cr\u00e9dito directo al servidor p\u00fablico a trav\u00e9s de la comercializaci\u00f3n de productos tecnol\u00f3gicos, electrodom\u00e9sticos, agroforestal y material did\u00e1ctico llegando hasta los lugares m\u00e1s distantes de nuestro pa\u00eds con un personal en constante capacitaci\u00f3n y de esta manera ser un aporte para un mejor estilo de vida de nuestros clientes. [&hellip;]<\/p>\n","protected":false},"author":1,"featured_media":0,"parent":0,"menu_order":0,"comment_status":"closed","ping_status":"closed","template":"","meta":{"footnotes":""},"class_list":["post-59","page","type-page","status-publish","hentry"],"aioseo_notices":[],"jetpack_sharing_enabled":true,"_links":{"self":[{"href":"https:\/\/disar-ec.com\/index.php\/wp-json\/wp\/v2\/pages\/59","targetHints":{"allow":["GET"]}}],"collection":[{"href":"https:\/\/disar-ec.com\/index.php\/wp-json\/wp\/v2\/pages"}],"about":[{"href":"https:\/\/disar-ec.com\/index.php\/wp-json\/wp\/v2\/types\/page"}],"author":[{"embeddable":true,"href":"https:\/\/disar-ec.com\/index.php\/wp-json\/wp\/v2\/users\/1"}],"replies":[{"embeddable":true,"href":"https:\/\/disar-ec.com\/index.php\/wp-json\/wp\/v2\/comments?post=59"}],"version-history":[{"count":1,"href":"https:\/\/disar-ec.com\/index.php\/wp-json\/wp\/v2\/pages\/59\/revisions"}],"predecessor-version":[{"id":60,"href":"https:\/\/disar-ec.com\/index.php\/wp-json\/wp\/v2\/pages\/59\/revisions\/60"}],"wp:attachment":[{"href":"https:\/\/disar-ec.com\/index.php\/wp-json\/wp\/v2\/media?parent=59"}],"curies":[{"name":"wp","href":"https:\/\/api.w.org\/{rel}","templated":true}]}}