{"id":51,"date":"2023-06-22T14:19:38","date_gmt":"2023-06-22T14:19:38","guid":{"rendered":"https:\/\/disar-ec.com\/?page_id=51"},"modified":"2026-03-23T10:18:35","modified_gmt":"2026-03-23T15:18:35","slug":"acerca-de-nosotros","status":"publish","type":"page","link":"https:\/\/disar-ec.com\/index.php\/acerca-de-nosotros\/","title":{"rendered":"Acerca de Nosotros"},"content":{"rendered":"\n<figure class=\"wp-block-embed aligncenter is-type-rich is-provider-embed-handler wp-block-embed-embed-handler wp-embed-aspect-16-9 wp-has-aspect-ratio\"><div class=\"wp-block-embed__wrapper\">\n<iframe class=\"lazyload\" title=\"V\u00eddeo para web Disar acerca de\" width=\"640\" height=\"360\" data-src=\"https:\/\/www.youtube.com\/embed\/Q2Pr-DOTnaA?feature=oembed\" frameborder=\"0\" allow=\"accelerometer; autoplay; clipboard-write; encrypted-media; gyroscope; picture-in-picture; web-share\" referrerpolicy=\"strict-origin-when-cross-origin\" allowfullscreen><\/iframe>\n<\/div><\/figure>\n\n\n\n<p>Desde su fundaci\u00f3n en 2017, Disar (Sandowil) se ha destacado por proporcionar una extensa variedad de productos de alta calidad bajo el sistema de cr\u00e9dito directo. Nos posicionamos como l\u00edderes en el mercado, con una especializaci\u00f3n en la comercializaci\u00f3n de electrodom\u00e9sticos, herramientas de ferreter\u00eda, motocicletas, laptops, aires acondicionados, televisores, sistemas de sonido y otros art\u00edculos vitales para el hogar y el entretenimiento.<\/p>\n\n\n\n<p>Nuestra misi\u00f3n es facilitar a los clientes el acceso a los productos necesarios de forma f\u00e1cil y asequible, sin sacrificar calidad. Estamos convencidos de que todos deben poder disfrutar de los \u00faltimos avances en electrodom\u00e9sticos, herramientas duraderas, entretenimiento de vanguardia y tecnolog\u00eda electr\u00f3nica, sin importar su situaci\u00f3n econ\u00f3mica.<\/p>\n\n\n\n<p>Implementamos un modelo de financiamiento a trav\u00e9s de cr\u00e9dito directo que permite a nuestros clientes adquirir sus productos preferidos y pagarlos en cuotas manejables. Nuestro procedimiento para solicitar cr\u00e9dito es r\u00e1pido y directo, libre de tr\u00e1mites innecesarios o condiciones gravosas. Colaboramos estrechamente con entidades financieras de confianza para proporcionar m\u00e9todos de pago flexibles, dise\u00f1ados para satisfacer las necesidades espec\u00edficas de cada cliente.<\/p>\n\n\n\n<p>En Disar, nos dedicamos a preservar est\u00e1ndares elevados de calidad para todos nuestros productos. Establecemos relaciones directas con marcas y fabricantes renombrados para garantizar que cada producto que vendemos cumpla rigurosos criterios de durabilidad, eficacia y funcionalidad.<\/p>\n\n\n\n<p>Nuestro equipo de expertos est\u00e1 siempre disponible para ofrecer asesoramiento especializado y un servicio al cliente personalizado. Nos comprometemos con la satisfacci\u00f3n de nuestros clientes y nos esforzamos en superar sus expectativas en cada punto de contacto.<\/p>\n\n\n\n<p>Si buscas modernizar los electrodom\u00e9sticos de tu hogar, mejorar tu sistema de sonido para una experiencia auditiva m\u00e1s envolvente, o deseas adquirir una motocicleta para desplazarte con estilo, Disar te ofrece una selecci\u00f3n incomparable de productos de primera calidad, todo respaldado por un servicio al cliente excepcional.<\/p>\n","protected":false},"excerpt":{"rendered":"<p>Desde su fundaci\u00f3n en 2017, Disar (Sandowil) se ha destacado por proporcionar una extensa variedad de productos de alta calidad bajo el sistema de cr\u00e9dito directo. Nos posicionamos como l\u00edderes en el mercado, con una especializaci\u00f3n en la comercializaci\u00f3n de electrodom\u00e9sticos, herramientas de ferreter\u00eda, motocicletas, laptops, aires acondicionados, televisores, sistemas de sonido y otros art\u00edculos [&hellip;]<\/p>\n","protected":false},"author":1,"featured_media":0,"parent":0,"menu_order":0,"comment_status":"closed","ping_status":"closed","template":"","meta":{"footnotes":""},"class_list":["post-51","page","type-page","status-publish","hentry"],"aioseo_notices":[],"jetpack_sharing_enabled":true,"_links":{"self":[{"href":"https:\/\/disar-ec.com\/index.php\/wp-json\/wp\/v2\/pages\/51","targetHints":{"allow":["GET"]}}],"collection":[{"href":"https:\/\/disar-ec.com\/index.php\/wp-json\/wp\/v2\/pages"}],"about":[{"href":"https:\/\/disar-ec.com\/index.php\/wp-json\/wp\/v2\/types\/page"}],"author":[{"embeddable":true,"href":"https:\/\/disar-ec.com\/index.php\/wp-json\/wp\/v2\/users\/1"}],"replies":[{"embeddable":true,"href":"https:\/\/disar-ec.com\/index.php\/wp-json\/wp\/v2\/comments?post=51"}],"version-history":[{"count":5,"href":"https:\/\/disar-ec.com\/index.php\/wp-json\/wp\/v2\/pages\/51\/revisions"}],"predecessor-version":[{"id":847,"href":"https:\/\/disar-ec.com\/index.php\/wp-json\/wp\/v2\/pages\/51\/revisions\/847"}],"wp:attachment":[{"href":"https:\/\/disar-ec.com\/index.php\/wp-json\/wp\/v2\/media?parent=51"}],"curies":[{"name":"wp","href":"https:\/\/api.w.org\/{rel}","templated":true}]}}