{"id":45,"date":"2023-06-21T22:19:50","date_gmt":"2023-06-21T22:19:50","guid":{"rendered":"https:\/\/disar-ec.com\/?page_id=45"},"modified":"2023-06-22T14:45:41","modified_gmt":"2023-06-22T14:45:41","slug":"contactanos","status":"publish","type":"page","link":"https:\/\/disar-ec.com\/index.php\/contactanos\/","title":{"rendered":"Cont\u00e1ctanos"},"content":{"rendered":"\n<p>D\u00e9janos tu mensaje a trav\u00e9s del formulario a continuaci\u00f3n o si quieres una atenci\u00f3n personalizada cont\u00e1ctanos por nuestras <a href=\"https:\/\/linktr.ee\/disarec\" target=\"_blank\" rel=\"noopener\" title=\"\">redes sociales<\/a>.<\/p>\n\n\n\n<div class=\"wp-block-contact-form-7-contact-form-selector\">\n<div class=\"wpcf7 no-js\" id=\"wpcf7-f41-o1\" lang=\"es-ES\" dir=\"ltr\" data-wpcf7-id=\"41\">\n<div class=\"screen-reader-response\"><p role=\"status\" aria-live=\"polite\" aria-atomic=\"true\"><\/p> <ul><\/ul><\/div>\n<form action=\"\/index.php\/wp-json\/wp\/v2\/pages\/45#wpcf7-f41-o1\" method=\"post\" class=\"wpcf7-form init\" aria-label=\"Formulario de contacto\" novalidate=\"novalidate\" data-status=\"init\">\n<fieldset class=\"hidden-fields-container\"><input type=\"hidden\" name=\"_wpcf7\" value=\"41\" \/><input type=\"hidden\" name=\"_wpcf7_version\" value=\"6.1.5\" \/><input type=\"hidden\" name=\"_wpcf7_locale\" value=\"es_ES\" \/><input type=\"hidden\" name=\"_wpcf7_unit_tag\" value=\"wpcf7-f41-o1\" \/><input type=\"hidden\" name=\"_wpcf7_container_post\" value=\"0\" \/><input type=\"hidden\" name=\"_wpcf7_posted_data_hash\" value=\"\" \/><input type=\"hidden\" name=\"_wpcf7_recaptcha_response\" value=\"\" \/>\n<\/fieldset>\n<p><label> Tu nombre<br \/>\n<span class=\"wpcf7-form-control-wrap\" data-name=\"your-name\"><input size=\"40\" maxlength=\"400\" class=\"wpcf7-form-control wpcf7-text wpcf7-validates-as-required\" id=\"Nombre\" autocomplete=\"name\" aria-required=\"true\" aria-invalid=\"false\" value=\"\" type=\"text\" name=\"your-name\" \/><\/span> <\/label>\n<\/p>\n<p><label> Tu correo electr\u00f3nico<br \/>\n<span class=\"wpcf7-form-control-wrap\" data-name=\"your-email\"><input size=\"40\" maxlength=\"400\" class=\"wpcf7-form-control wpcf7-email wpcf7-validates-as-required wpcf7-text wpcf7-validates-as-email\" id=\"Correo\" autocomplete=\"email\" aria-required=\"true\" aria-invalid=\"false\" value=\"\" type=\"email\" name=\"your-email\" \/><\/span> <\/label>\n<\/p>\n<p><label> Tu n\u00famero de celular<br \/>\n<span class=\"wpcf7-form-control-wrap\" data-name=\"tel-62\"><input size=\"40\" maxlength=\"400\" class=\"wpcf7-form-control wpcf7-tel wpcf7-validates-as-required wpcf7-text wpcf7-validates-as-tel tel\" id=\"Celular\" aria-required=\"true\" aria-invalid=\"false\" value=\"\" type=\"tel\" name=\"tel-62\" \/><\/span><\/label>\n<\/p>\n<p><span class=\"wpcf7-form-control-wrap\" data-name=\"Ciudad\"><select class=\"wpcf7-form-control wpcf7-select wpcf7-validates-as-required\" id=\"CIudad\" aria-required=\"true\" aria-invalid=\"false\" name=\"Ciudad\"><option value=\"Alamor\">Alamor<\/option><option value=\"Alaus\u00ed\">Alaus\u00ed<\/option><option value=\"Alfredo Baquerizo Moreno\">Alfredo Baquerizo Moreno<\/option><option value=\"Amaluza\">Amaluza<\/option><option value=\"Ambato\">Ambato<\/option><option value=\"Arajuno\">Arajuno<\/option><option value=\"Archidona\">Archidona<\/option><option value=\"Arenillas\">Arenillas<\/option><option value=\"Atacames\">Atacames<\/option><option value=\"Atuntaqui\">Atuntaqui<\/option><option value=\"Azogues\">Azogues<\/option><option value=\"Baba\">Baba<\/option><option value=\"Babahoyo\">Babahoyo<\/option><option value=\"Baeza\">Baeza<\/option><option value=\"Bah\u00eda de Car\u00e1quez\">Bah\u00eda de Car\u00e1quez<\/option><option value=\"Balao\">Balao<\/option><option value=\"Balsas\">Balsas<\/option><option value=\"Balzar\">Balzar<\/option><option value=\"Ba\u00f1os de Agua Santa\">Ba\u00f1os de Agua Santa<\/option><option value=\"Bibli\u00e1n\">Bibli\u00e1n<\/option><option value=\"Bol\u00edvar\">Bol\u00edvar<\/option><option value=\"Buena Fe\">Buena Fe<\/option><option value=\"Calceta\">Calceta<\/option><option value=\"Caluma\">Caluma<\/option><option value=\"Camilo Ponce Enr\u00edquez\">Camilo Ponce Enr\u00edquez<\/option><option value=\"Canton Guano\">Canton Guano<\/option><option value=\"Ca\u00f1ar\">Ca\u00f1ar<\/option><option value=\"Cariamanga\">Cariamanga<\/option><option value=\"Carlos Julio Arosemena Tola\">Carlos Julio Arosemena Tola<\/option><option value=\"Catacocha\">Catacocha<\/option><option value=\"Catamayo\">Catamayo<\/option><option value=\"Catarama\">Catarama<\/option><option value=\"Cayambe\">Cayambe<\/option><option value=\"Celica\">Celica<\/option><option value=\"Cevallos\">Cevallos<\/option><option value=\"Chaguarpamba\">Chaguarpamba<\/option><option value=\"Chambo\">Chambo<\/option><option value=\"Chilla\">Chilla<\/option><option value=\"Chillanes\">Chillanes<\/option><option value=\"Chimbo\">Chimbo<\/option><option value=\"Chone\">Chone<\/option><option value=\"Chordeleg\">Chordeleg<\/option><option value=\"Chunchi\">Chunchi<\/option><option value=\"Cnel. Marcelino Maridue\u00f1a\">Cnel. Marcelino Maridue\u00f1a<\/option><option value=\"Colimes\">Colimes<\/option><option value=\"Cotacachi\">Cotacachi<\/option><option value=\"Cuenca\">Cuenca<\/option><option value=\"Cumand\u00e1\">Cumand\u00e1<\/option><option value=\"Daule\">Daule<\/option><option value=\"D\u00e9leg\">D\u00e9leg<\/option><option value=\"Dur\u00e1n\">Dur\u00e1n<\/option><option value=\"Echeand\u00eda\">Echeand\u00eda<\/option><option value=\"El \u00c1ngel\">El \u00c1ngel<\/option><option value=\"El Carmen\">El Carmen<\/option><option value=\"El Chaco\">El Chaco<\/option><option value=\"El Coraz\u00f3n\">El Coraz\u00f3n<\/option><option value=\"El Dorado de Cascales\">El Dorado de Cascales<\/option><option value=\"El Guabo\">El Guabo<\/option><option value=\"El Pan\">El Pan<\/option><option value=\"El Pangui\">El Pangui<\/option><option value=\"El Tambo\">El Tambo<\/option><option value=\"El Triunfo\">El Triunfo<\/option><option value=\"Esmeraldas\">Esmeraldas<\/option><option value=\"Flavio Alfaro\">Flavio Alfaro<\/option><option value=\"General Villamil\">General Villamil<\/option><option value=\"Gir\u00f3n\">Gir\u00f3n<\/option><option value=\"Gonzanam\u00e1\">Gonzanam\u00e1<\/option><option value=\"Gral. Antonio Elizalde (Bucay)\">Gral. Antonio Elizalde (Bucay)<\/option><option value=\"Gral. Leonidas Plaza Guti\u00e9rrez (Lim\u00f3n)\">Gral. Leonidas Plaza Guti\u00e9rrez (Lim\u00f3n)<\/option><option value=\"Guachapala\">Guachapala<\/option><option value=\"Gualaceo\">Gualaceo<\/option><option value=\"Gualaquiza\">Gualaquiza<\/option><option value=\"Guamote\">Guamote<\/option><option value=\"Guaranda\">Guaranda<\/option><option value=\"Guayaquil\">Guayaquil<\/option><option value=\"Guayzimi\">Guayzimi<\/option><option value=\"Huaca\">Huaca<\/option><option value=\"Huamboya\">Huamboya<\/option><option value=\"Huaquillas\">Huaquillas<\/option><option value=\"Ibarra\">Ibarra<\/option><option value=\"Isidro Ayora\">Isidro Ayora<\/option><option value=\"Jama\">Jama<\/option><option value=\"Jaramij\u00f3\">Jaramij\u00f3<\/option><option value=\"Jipijapa\">Jipijapa<\/option><option value=\"Jun\u00edn\">Jun\u00edn<\/option><option value=\"La Bonita\">La Bonita<\/option><option value=\"La Concordia\">La Concordia<\/option><option value=\"La Joya de los Sachas\">La Joya de los Sachas<\/option><option value=\"La Libertad\">La Libertad<\/option><option value=\"La Man\u00e1\">La Man\u00e1<\/option><option value=\"La Troncal\">La Troncal<\/option><option value=\"La Victoria\">La Victoria<\/option><option value=\"Las Naves\">Las Naves<\/option><option value=\"Latacunga\">Latacunga<\/option><option value=\"Logro\u00f1o\">Logro\u00f1o<\/option><option value=\"Loja\">Loja<\/option><option value=\"Lomas de Sargentillo\">Lomas de Sargentillo<\/option><option value=\"Loreto\">Loreto<\/option><option value=\"Lumbaqui\">Lumbaqui<\/option><option value=\"Macar\u00e1\">Macar\u00e1<\/option><option value=\"Macas\">Macas<\/option><option value=\"Machachi\">Machachi<\/option><option value=\"Machala\">Machala<\/option><option value=\"Manta\">Manta<\/option><option value=\"Marcabel\u00ed\">Marcabel\u00ed<\/option><option value=\"Mera\">Mera<\/option><option value=\"Milagro\">Milagro<\/option><option value=\"Mira\">Mira<\/option><option value=\"Mocache\">Mocache<\/option><option value=\"Mocha\">Mocha<\/option><option value=\"Montalvo\">Montalvo<\/option><option value=\"Montecristi\">Montecristi<\/option><option value=\"Muisne\">Muisne<\/option><option value=\"Nab\u00f3n\">Nab\u00f3n<\/option><option value=\"Naranjal\">Naranjal<\/option><option value=\"Naranjito\">Naranjito<\/option><option value=\"Nobol\">Nobol<\/option><option value=\"Nueva Loja\">Nueva Loja<\/option><option value=\"Olmedo\">Olmedo<\/option><option value=\"Olmedo\">Olmedo<\/option><option value=\"O\u00f1a\">O\u00f1a<\/option><option value=\"Otavalo\">Otavalo<\/option><option value=\"Pablo Sexto\">Pablo Sexto<\/option><option value=\"Paccha\">Paccha<\/option><option value=\"Paj\u00e1n\">Paj\u00e1n<\/option><option value=\"Palanda\">Palanda<\/option><option value=\"Palenque\">Palenque<\/option><option value=\"Palestina\">Palestina<\/option><option value=\"Pallatanga\">Pallatanga<\/option><option value=\"Palora\">Palora<\/option><option value=\"Paquisha\">Paquisha<\/option><option value=\"Pasaje\">Pasaje<\/option><option value=\"Patate\">Patate<\/option><option value=\"Paute\">Paute<\/option><option value=\"Pedernales\">Pedernales<\/option><option value=\"Pedro Carbo\">Pedro Carbo<\/option><option value=\"Pedro Vicente Maldonado\">Pedro Vicente Maldonado<\/option><option value=\"Pelileo\">Pelileo<\/option><option value=\"Penipe\">Penipe<\/option><option value=\"Pichincha\">Pichincha<\/option><option value=\"P\u00edllaro\">P\u00edllaro<\/option><option value=\"Pimampiro\">Pimampiro<\/option><option value=\"Pindal\">Pindal<\/option><option value=\"Pi\u00f1as\">Pi\u00f1as<\/option><option value=\"Portovelo\">Portovelo<\/option><option value=\"Portoviejo\">Portoviejo<\/option><option value=\"Pucar\u00e1\">Pucar\u00e1<\/option><option value=\"Puebloviejo\">Puebloviejo<\/option><option value=\"Puerto Ayora\">Puerto Ayora<\/option><option value=\"Puerto Baquerizo Moreno\">Puerto Baquerizo Moreno<\/option><option value=\"Puerto El Carmen de Putumayo\">Puerto El Carmen de Putumayo<\/option><option value=\"Puerto Francisco de Orellana\">Puerto Francisco de Orellana<\/option><option value=\"Puerto L\u00f3pez\">Puerto L\u00f3pez<\/option><option value=\"Puerto Quito\">Puerto Quito<\/option><option value=\"Puerto Villamil\">Puerto Villamil<\/option><option value=\"Pujil\u00ed\">Pujil\u00ed<\/option><option value=\"Puyo\">Puyo<\/option><option value=\"Quero\">Quero<\/option><option value=\"Quevedo\">Quevedo<\/option><option value=\"Quilanga\">Quilanga<\/option><option value=\"Quinsaloma\">Quinsaloma<\/option><option value=\"Quito\">Quito<\/option><option value=\"Riobamba\">Riobamba<\/option><option value=\"Rioverde\">Rioverde<\/option><option value=\"Rocafuerte\">Rocafuerte<\/option><option value=\"Rosa Z\u00e1rate\">Rosa Z\u00e1rate<\/option><option value=\"Salinas\">Salinas<\/option><option value=\"Salitre\">Salitre<\/option><option value=\"Samborond\u00f3n\">Samborond\u00f3n<\/option><option value=\"San Fernando\">San Fernando<\/option><option value=\"San Gabriel\">San Gabriel<\/option><option value=\"San Juan Bosco\">San Juan Bosco<\/option><option value=\"San Lorenzo\">San Lorenzo<\/option><option value=\"San Miguel\">San Miguel<\/option><option value=\"San Miguel de Los Bancos\">San Miguel de Los Bancos<\/option><option value=\"San Miguel de Salcedo\">San Miguel de Salcedo<\/option><option value=\"San Vicente\">San Vicente<\/option><option value=\"Sangolqu\u00ed\">Sangolqu\u00ed<\/option><option value=\"Santa Ana\">Santa Ana<\/option><option value=\"Santa Clara\">Santa Clara<\/option><option value=\"Santa Elena\">Santa Elena<\/option><option value=\"Santa Isabel\">Santa Isabel<\/option><option value=\"Santa Luc\u00eda\">Santa Luc\u00eda<\/option><option value=\"Santa Rosa\">Santa Rosa<\/option><option value=\"Santiago\">Santiago<\/option><option value=\"Santiago de M\u00e9ndez\">Santiago de M\u00e9ndez<\/option><option value=\"Santo Domingo\">Santo Domingo<\/option><option value=\"Saquisil\u00ed\">Saquisil\u00ed<\/option><option value=\"Saraguro\">Saraguro<\/option><option value=\"Sevilla de Oro\">Sevilla de Oro<\/option><option value=\"Shushufindi\">Shushufindi<\/option><option value=\"Sigchos\">Sigchos<\/option><option value=\"S\u00edgsig\">S\u00edgsig<\/option><option value=\"Sim\u00f3n Bol\u00edvar\">Sim\u00f3n Bol\u00edvar<\/option><option value=\"Sozoranga\">Sozoranga<\/option><option value=\"Sucre\">Sucre<\/option><option value=\"Suc\u00faa\">Suc\u00faa<\/option><option value=\"Suscal\">Suscal<\/option><option value=\"Tabacundo\">Tabacundo<\/option><option value=\"Taisha\">Taisha<\/option><option value=\"Tarapoa\">Tarapoa<\/option><option value=\"Tena\">Tena<\/option><option value=\"Tiputini\">Tiputini<\/option><option value=\"Tisaleo\">Tisaleo<\/option><option value=\"Tosagua\">Tosagua<\/option><option value=\"Tulc\u00e1n\">Tulc\u00e1n<\/option><option value=\"Urcuqu\u00ed\">Urcuqu\u00ed<\/option><option value=\"Valdez (Limones)\">Valdez (Limones)<\/option><option value=\"Valencia\">Valencia<\/option><option value=\"Velasco Ibarra\">Velasco Ibarra<\/option><option value=\"Ventanas\">Ventanas<\/option><option value=\"Villa La Uni\u00f3n (Cajabamba)\">Villa La Uni\u00f3n (Cajabamba)<\/option><option value=\"Vinces\">Vinces<\/option><option value=\"Yacuambi\">Yacuambi<\/option><option value=\"Yaguachi\">Yaguachi<\/option><option value=\"Yantzaza\">Yantzaza<\/option><option value=\"Zamora\">Zamora<\/option><option value=\"Zapotillo\">Zapotillo<\/option><option value=\"Zaruma\">Zaruma<\/option><option value=\"Zumba\">Zumba<\/option><option value=\"Zumbi\">Zumbi<\/option><\/select><\/span>\n<\/p>\n<p><label> Asunto<br \/>\n<span class=\"wpcf7-form-control-wrap\" data-name=\"your-subject\"><input size=\"40\" maxlength=\"400\" class=\"wpcf7-form-control wpcf7-text wpcf7-validates-as-required\" aria-required=\"true\" aria-invalid=\"false\" value=\"\" type=\"text\" name=\"your-subject\" \/><\/span> <\/label>\n<\/p>\n<p><label> Tu mensaje (opcional)<br \/>\n<span class=\"wpcf7-form-control-wrap\" data-name=\"your-message\"><textarea cols=\"40\" rows=\"10\" maxlength=\"2000\" class=\"wpcf7-form-control wpcf7-textarea\" aria-invalid=\"false\" name=\"your-message\"><\/textarea><\/span> <\/label>\n<\/p>\n<p><span class=\"wpcf7-form-control-wrap\" data-name=\"aceptacion-privacidad\"><span class=\"wpcf7-form-control wpcf7-acceptance\"><span class=\"wpcf7-list-item\"><label><input type=\"checkbox\" name=\"aceptacion-privacidad\" value=\"1\" aria-invalid=\"false\" \/><span class=\"wpcf7-list-item-label\">Declaro haber le\u00eddo y aceptado la <a href=\"https:\/\/disar-ec.com\/index.php\/politica-privacidad\/\" target=\"_blank\">pol\u00edtica de privacidad y el tratamiento de mis datos personales<\/a> para la atenci\u00f3n de mi solicitud.<\/span><\/label><\/span><\/span><\/span><br \/>\n<span class=\"wpcf7-form-control-wrap\" data-name=\"acceptance-898\"><span class=\"wpcf7-form-control wpcf7-acceptance optional\"><span class=\"wpcf7-list-item\"><label><input type=\"checkbox\" name=\"acceptance-898\" value=\"1\" aria-invalid=\"false\" \/><span class=\"wpcf7-list-item-label\">Autorizo expresamente a DISTRIBUIDORA Y COMERCIALIZADORA SANDOWIL CIA LTDA para enviarme informaci\u00f3n promocional, ofertas comerciales y novedades a trav\u00e9s de correo electr\u00f3nico, llamadas, mensajes o medios digitales.<\/span><\/label><\/span><\/span><\/span>\n<\/p>\n<p><input class=\"wpcf7-form-control wpcf7-submit has-spinner\" type=\"submit\" value=\"Enviar\" \/>\n<\/p><div class=\"wpcf7-response-output\" aria-hidden=\"true\"><\/div>\n<\/form>\n<\/div>\n<\/div>\n\n\n\n<ul class=\"wp-block-social-links aligncenter has-normal-icon-size is-style-pill-shape is-layout-flex wp-block-social-links-is-layout-flex\"><li class=\"wp-social-link wp-social-link-facebook wp-block-social-link\"><a href=\"https:\/\/www.facebook.com\/Disar.Ecuador\" class=\"wp-block-social-link-anchor\"><svg width=\"24\" height=\"24\" viewBox=\"0 0 24 24\" version=\"1.1\" xmlns=\"http:\/\/www.w3.org\/2000\/svg\" aria-hidden=\"true\" focusable=\"false\"><path d=\"M12 2C6.5 2 2 6.5 2 12c0 5 3.7 9.1 8.4 9.9v-7H7.9V12h2.5V9.8c0-2.5 1.5-3.9 3.8-3.9 1.1 0 2.2.2 2.2.2v2.5h-1.3c-1.2 0-1.6.8-1.6 1.6V12h2.8l-.4 2.9h-2.3v7C18.3 21.1 22 17 22 12c0-5.5-4.5-10-10-10z\"><\/path><\/svg><span class=\"wp-block-social-link-label screen-reader-text\">Facebook<\/span><\/a><\/li>\n\n<li class=\"wp-social-link wp-social-link-instagram wp-block-social-link\"><a href=\"https:\/\/instagram.com\/disar_ec\" class=\"wp-block-social-link-anchor\"><svg width=\"24\" height=\"24\" viewBox=\"0 0 24 24\" version=\"1.1\" xmlns=\"http:\/\/www.w3.org\/2000\/svg\" aria-hidden=\"true\" focusable=\"false\"><path d=\"M12,4.622c2.403,0,2.688,0.009,3.637,0.052c0.877,0.04,1.354,0.187,1.671,0.31c0.42,0.163,0.72,0.358,1.035,0.673 c0.315,0.315,0.51,0.615,0.673,1.035c0.123,0.317,0.27,0.794,0.31,1.671c0.043,0.949,0.052,1.234,0.052,3.637 s-0.009,2.688-0.052,3.637c-0.04,0.877-0.187,1.354-0.31,1.671c-0.163,0.42-0.358,0.72-0.673,1.035 c-0.315,0.315-0.615,0.51-1.035,0.673c-0.317,0.123-0.794,0.27-1.671,0.31c-0.949,0.043-1.233,0.052-3.637,0.052 s-2.688-0.009-3.637-0.052c-0.877-0.04-1.354-0.187-1.671-0.31c-0.42-0.163-0.72-0.358-1.035-0.673 c-0.315-0.315-0.51-0.615-0.673-1.035c-0.123-0.317-0.27-0.794-0.31-1.671C4.631,14.688,4.622,14.403,4.622,12 s0.009-2.688,0.052-3.637c0.04-0.877,0.187-1.354,0.31-1.671c0.163-0.42,0.358-0.72,0.673-1.035 c0.315-0.315,0.615-0.51,1.035-0.673c0.317-0.123,0.794-0.27,1.671-0.31C9.312,4.631,9.597,4.622,12,4.622 M12,3 C9.556,3,9.249,3.01,8.289,3.054C7.331,3.098,6.677,3.25,6.105,3.472C5.513,3.702,5.011,4.01,4.511,4.511 c-0.5,0.5-0.808,1.002-1.038,1.594C3.25,6.677,3.098,7.331,3.054,8.289C3.01,9.249,3,9.556,3,12c0,2.444,0.01,2.751,0.054,3.711 c0.044,0.958,0.196,1.612,0.418,2.185c0.23,0.592,0.538,1.094,1.038,1.594c0.5,0.5,1.002,0.808,1.594,1.038 c0.572,0.222,1.227,0.375,2.185,0.418C9.249,20.99,9.556,21,12,21s2.751-0.01,3.711-0.054c0.958-0.044,1.612-0.196,2.185-0.418 c0.592-0.23,1.094-0.538,1.594-1.038c0.5-0.5,0.808-1.002,1.038-1.594c0.222-0.572,0.375-1.227,0.418-2.185 C20.99,14.751,21,14.444,21,12s-0.01-2.751-0.054-3.711c-0.044-0.958-0.196-1.612-0.418-2.185c-0.23-0.592-0.538-1.094-1.038-1.594 c-0.5-0.5-1.002-0.808-1.594-1.038c-0.572-0.222-1.227-0.375-2.185-0.418C14.751,3.01,14.444,3,12,3L12,3z M12,7.378 c-2.552,0-4.622,2.069-4.622,4.622S9.448,16.622,12,16.622s4.622-2.069,4.622-4.622S14.552,7.378,12,7.378z M12,15 c-1.657,0-3-1.343-3-3s1.343-3,3-3s3,1.343,3,3S13.657,15,12,15z M16.804,6.116c-0.596,0-1.08,0.484-1.08,1.08 s0.484,1.08,1.08,1.08c0.596,0,1.08-0.484,1.08-1.08S17.401,6.116,16.804,6.116z\"><\/path><\/svg><span class=\"wp-block-social-link-label screen-reader-text\">Instagram<\/span><\/a><\/li>\n\n<li class=\"wp-social-link wp-social-link-tiktok wp-block-social-link\"><a href=\"https:\/\/www.tiktok.com\/@disar.ec\" class=\"wp-block-social-link-anchor\"><svg width=\"24\" height=\"24\" viewBox=\"0 0 32 32\" version=\"1.1\" xmlns=\"http:\/\/www.w3.org\/2000\/svg\" aria-hidden=\"true\" focusable=\"false\"><path d=\"M16.708 0.027c1.745-0.027 3.48-0.011 5.213-0.027 0.105 2.041 0.839 4.12 2.333 5.563 1.491 1.479 3.6 2.156 5.652 2.385v5.369c-1.923-0.063-3.855-0.463-5.6-1.291-0.76-0.344-1.468-0.787-2.161-1.24-0.009 3.896 0.016 7.787-0.025 11.667-0.104 1.864-0.719 3.719-1.803 5.255-1.744 2.557-4.771 4.224-7.88 4.276-1.907 0.109-3.812-0.411-5.437-1.369-2.693-1.588-4.588-4.495-4.864-7.615-0.032-0.667-0.043-1.333-0.016-1.984 0.24-2.537 1.495-4.964 3.443-6.615 2.208-1.923 5.301-2.839 8.197-2.297 0.027 1.975-0.052 3.948-0.052 5.923-1.323-0.428-2.869-0.308-4.025 0.495-0.844 0.547-1.485 1.385-1.819 2.333-0.276 0.676-0.197 1.427-0.181 2.145 0.317 2.188 2.421 4.027 4.667 3.828 1.489-0.016 2.916-0.88 3.692-2.145 0.251-0.443 0.532-0.896 0.547-1.417 0.131-2.385 0.079-4.76 0.095-7.145 0.011-5.375-0.016-10.735 0.025-16.093z\" \/><\/svg><span class=\"wp-block-social-link-label screen-reader-text\">TikTok<\/span><\/a><\/li><\/ul>\n","protected":false},"excerpt":{"rendered":"<p>D\u00e9janos tu mensaje a trav\u00e9s del formulario a continuaci\u00f3n o si quieres una atenci\u00f3n personalizada cont\u00e1ctanos por nuestras redes sociales.<\/p>\n","protected":false},"author":1,"featured_media":0,"parent":0,"menu_order":0,"comment_status":"closed","ping_status":"closed","template":"","meta":{"footnotes":""},"class_list":["post-45","page","type-page","status-publish","hentry"],"aioseo_notices":[],"jetpack_sharing_enabled":true,"_links":{"self":[{"href":"https:\/\/disar-ec.com\/index.php\/wp-json\/wp\/v2\/pages\/45","targetHints":{"allow":["GET"]}}],"collection":[{"href":"https:\/\/disar-ec.com\/index.php\/wp-json\/wp\/v2\/pages"}],"about":[{"href":"https:\/\/disar-ec.com\/index.php\/wp-json\/wp\/v2\/types\/page"}],"author":[{"embeddable":true,"href":"https:\/\/disar-ec.com\/index.php\/wp-json\/wp\/v2\/users\/1"}],"replies":[{"embeddable":true,"href":"https:\/\/disar-ec.com\/index.php\/wp-json\/wp\/v2\/comments?post=45"}],"version-history":[{"count":3,"href":"https:\/\/disar-ec.com\/index.php\/wp-json\/wp\/v2\/pages\/45\/revisions"}],"predecessor-version":[{"id":884,"href":"https:\/\/disar-ec.com\/index.php\/wp-json\/wp\/v2\/pages\/45\/revisions\/884"}],"wp:attachment":[{"href":"https:\/\/disar-ec.com\/index.php\/wp-json\/wp\/v2\/media?parent=45"}],"curies":[{"name":"wp","href":"https:\/\/api.w.org\/{rel}","templated":true}]}}